{"id":82233,"date":"2023-12-14T02:14:59","date_gmt":"2023-12-14T01:14:59","guid":{"rendered":"https:\/\/www.soanam.de\/?post_type=product&#038;p=82233"},"modified":"2023-12-14T02:22:45","modified_gmt":"2023-12-14T01:22:45","slug":"parka-rhode-island-z-kapturem-w-kolorze-czarnym-rozmiar-xxl","status":"publish","type":"product","link":"https:\/\/www.soanam.de\/pl\/produkt\/rhode-island-parka-mit-kapuze-in-schwarz-groesse-xxl\/","title":{"rendered":"Parka Rhode Island z kapturem, w kolorze czarnym, rozmiar XXL"},"content":{"rendered":"<p>Pikowana kurtka od Rhode Island<br \/>\nZ odpinanym kapturem i odpinanym ko\u0142nierzem ze sztucznego futra<br \/>\nWiatroszczelno\u015b\u0107 i wodoodporno\u015b\u0107<br \/>\nKomfortowe dopasowanie\/wygodny kszta\u0142t<br \/>\nZ kieszeniami na suwak, du\u017cymi kieszeniami z przodu i dost\u0119pem z boku<\/p>\n<p>Idealna na ch\u0142odne zimowe dni - parka od Rhode Island.<br \/>\nLekko po\u0142yskuj\u0105cy materia\u0142 zewn\u0119trzny zyskuje wyrafinowany charakter dzi\u0119ki ma\u0142ym kontrastowym detalom na zamkach b\u0142yskawicznych i przytulnym ko\u0142nierzu ze sztucznego futra, a tak\u017ce swobodnemu pikowanemu wzornictwu.<br \/>\nWygodny kr\u00f3j z podkre\u015blaj\u0105cym figur\u0119 paskiem w talii sprawia, \u017ce ten pikowany p\u0142aszcz wyj\u0105tkowo dobrze le\u017cy na sylwetce.<br \/>\nZamek b\u0142yskawiczny jest sprytnie ukryty za zapi\u0119ciem na zatrzaski, a zapinane na guziki kieszenie z klapami i zapinane na zamek kieszenie na piersi stylowo dope\u0142niaj\u0105 design kurtki Rhode Island praktycznymi atrybutami.<\/p>\n<p>Materia\u0142: Materia\u0142 cholewki: poliester 100%<br \/>\nWskaz\u00f3wki dotycz\u0105ce piel\u0119gnacji: Pra\u0107 w pralce<\/p>\n<p>Kolor: czarny<br \/>\nWz\u00f3r: bez<br \/>\nRozmiar: XXL<\/p>\n<p>Szeroko\u015b\u0107 ramion: 55 cm<br \/>\nSzeroko\u015b\u0107 klatki piersiowej: 142 cm<br \/>\nD\u0142ugo\u015b\u0107 r\u0119kawa: 67 cm<br \/>\nCa\u0142kowita d\u0142ugo\u015b\u0107: 88 cm<\/p>\n<p>&nbsp;<\/p>\n<p>Ten nowy przedmiot jest zwrotem klienta bez etykiety.<\/p>","protected":false},"excerpt":{"rendered":"<table class=\"dv_characteristicsTable\">\n<tbody>\n<tr>\n<td class=\"left\">Rozmiar<\/td>\n<td>XXL<\/td>\n<\/tr>\n<tr>\n<td class=\"left\">Gr\u00f6\u00dfentyp<\/td>\n<td>Normalgr\u00f6\u00dfen<\/td>\n<\/tr>\n<tr>\n<td class=\"left\">Sk\u0142ad materia\u0142u<\/td>\n<td>Obermaterial: 100% Polyester. Futter: 100% Polyester. Kapuzenfutter: 100% Polyester. Besatz: 100% Polyester. F\u00fcllung: 100% Polyester<\/td>\n<\/tr>\n<tr>\n<td class=\"left\">Materialart<\/td>\n<td>Web<\/td>\n<\/tr>\n<tr>\n<td class=\"left\">Instrukcje dotycz\u0105ce piel\u0119gnacji<\/td>\n<td>Pranie w pralce<\/td>\n<\/tr>\n<tr>\n<td class=\"left\">Optik<\/td>\n<td>unifarben<\/td>\n<\/tr>\n<tr>\n<td class=\"left\">Stil<\/td>\n<td>casual<\/td>\n<\/tr>\n<tr>\n<td class=\"left\">Kolor<\/td>\n<td>schwarz<\/td>\n<\/tr>\n<tr>\n<td class=\"left\">Kragen<\/td>\n<td>Fellimitatkragen<\/td>\n<\/tr>\n<tr>\n<td class=\"left\">Kragendetails<\/td>\n<td>abnehmbarer Besatz<\/td>\n<\/tr>\n<tr>\n<td class=\"left\">\u00c4rmel<\/td>\n<td>D\u0142ugi r\u0119kaw<\/td>\n<\/tr>\n<tr>\n<td class=\"left\">\u00c4rmelabschluss<\/td>\n<td>Pr\u0105\u017ckowane mankiety<\/td>\n<\/tr>\n<tr>\n<td class=\"left\">Rumpfabschluss<\/td>\n<td>gerader Abschluss<\/td>\n<\/tr>\n<tr>\n<td class=\"left\">Dopasowanie<\/td>\n<td>bequem<\/td>\n<\/tr>\n<tr>\n<td class=\"left\">Kaptur<\/td>\n<td>mit Kapuze<\/td>\n<\/tr>\n<tr>\n<td class=\"left\">Kapuzendetails<\/td>\n<td>abnehmbar, Kante mit Gummizug verstellbar<\/td>\n<\/tr>\n<tr>\n<td class=\"left\">Kapuzenf\u00fctterung<\/td>\n<td>gef\u00fcttert, kontrastfarben<\/td>\n<\/tr>\n<tr>\n<td class=\"left\">Applikationen<\/td>\n<td>Badge<\/td>\n<\/tr>\n<tr>\n<td class=\"left\">Torby<\/td>\n<td>aufgesetzte Tasche, Eingrifftasche, Innentaschen, Rei\u00dfverschlusstaschen<\/td>\n<\/tr>\n<tr>\n<td class=\"left\">Verschluss<\/td>\n<td>2-Wege-Rei\u00dfverschluss, Knopfverschluss<\/td>\n<\/tr>\n<tr>\n<td class=\"left\">Verschlussdetails<\/td>\n<td>durchgehend<\/td>\n<\/tr>\n<tr>\n<td class=\"left\">Zus\u00e4tzlicher Verschluss<\/td>\n<td>Druckknopfverschluss<\/td>\n<\/tr>\n<\/tbody>\n<\/table>","protected":false},"featured_media":82360,"comment_status":"open","ping_status":"closed","template":"","meta":{"_seopress_robots_primary_cat":"","_seopress_titles_title":"","_seopress_titles_desc":"","_seopress_robots_index":""},"product_brand":[],"product_cat":[1345,1363,1377,1389],"product_tag":[],"class_list":{"0":"post-82233","1":"product","2":"type-product","3":"status-publish","4":"has-post-thumbnail","6":"product_cat-herrenmode","7":"product_cat-jacken-maentel-herrenmode","8":"product_cat-winterjacken-jacken-maentel-herrenmode","9":"product_cat-parkas","10":"product_shipping_class-standard-versand","12":"first","13":"instock","14":"taxable","15":"shipping-taxable","16":"purchasable","17":"product-type-simple"},"_links":{"self":[{"href":"https:\/\/www.soanam.de\/pl\/wp-json\/wp\/v2\/product\/82233","targetHints":{"allow":["GET"]}}],"collection":[{"href":"https:\/\/www.soanam.de\/pl\/wp-json\/wp\/v2\/product"}],"about":[{"href":"https:\/\/www.soanam.de\/pl\/wp-json\/wp\/v2\/types\/product"}],"replies":[{"embeddable":true,"href":"https:\/\/www.soanam.de\/pl\/wp-json\/wp\/v2\/comments?post=82233"}],"wp:featuredmedia":[{"embeddable":true,"href":"https:\/\/www.soanam.de\/pl\/wp-json\/wp\/v2\/media\/82360"}],"wp:attachment":[{"href":"https:\/\/www.soanam.de\/pl\/wp-json\/wp\/v2\/media?parent=82233"}],"wp:term":[{"taxonomy":"product_brand","embeddable":true,"href":"https:\/\/www.soanam.de\/pl\/wp-json\/wp\/v2\/product_brand?post=82233"},{"taxonomy":"product_cat","embeddable":true,"href":"https:\/\/www.soanam.de\/pl\/wp-json\/wp\/v2\/product_cat?post=82233"},{"taxonomy":"product_tag","embeddable":true,"href":"https:\/\/www.soanam.de\/pl\/wp-json\/wp\/v2\/product_tag?post=82233"}],"curies":[{"name":"wp","href":"https:\/\/api.w.org\/{rel}","templated":true}]}}