{"id":82212,"date":"2023-12-14T02:14:32","date_gmt":"2023-12-14T01:14:32","guid":{"rendered":"https:\/\/www.soanam.de\/?post_type=product&#038;p=82212"},"modified":"2023-12-14T02:22:11","modified_gmt":"2023-12-14T01:22:11","slug":"blend-herren-winter-blouson-in-navy-groesse-xl","status":"publish","type":"product","link":"https:\/\/www.soanam.de\/pl\/produkt\/blend-herren-winter-blouson-in-navy-groesse-xl\/","title":{"rendered":"M\u0119ska bluza zimowa Blend w kolorze granatowym, rozmiar XL"},"content":{"rendered":"<p>Sportive Steppjacke von Blend<br \/>\nHoher Stehkragen<br \/>\nKaptur ze sznurkiem \u015bci\u0105gaj\u0105cym<br \/>\nSeitliche Taschen<br \/>\nmit Brusttasche und Innentasche<br \/>\nMarkenapplikation am \u00c4rmel<br \/>\nTrageangenehmer Qualit\u00e4t<\/p>\n<p>Der Blouson von Blend ist eine praktische Winterjacke f\u00fcr Herren.<br \/>\nSie besitzt eine gro\u00dfe Kapuze, seitliche Taschen, eine Brust- und Innentasche, einen durchgehenden Rei\u00dfverschluss und \u00c4rmel mit Rippb\u00fcndchen.<br \/>\nDas robuste, strapazierf\u00e4hige Material macht sie unentberhrlich bei Wind und Wetter.<\/p>\n<p>Material: Obermaterial: 65% Nylon, 35% Polyester<br \/>\nPodszewka: poliester 100%<br \/>\nF\u00fcllung: 100% Polyester<br \/>\nWskaz\u00f3wki dotycz\u0105ce piel\u0119gnacji: Pra\u0107 w pralce<\/p>\n<p>Kolor: granatowy<br \/>\nWz\u00f3r: bez<br \/>\nRozmiar: XL<\/p>\n<p>Szeroko\u015b\u0107 ramion: 50 cm<br \/>\nSzeroko\u015b\u0107 klatki piersiowej: 122 cm<br \/>\nD\u0142ugo\u015b\u0107 r\u0119kawa: 71 cm<br \/>\nCa\u0142kowita d\u0142ugo\u015b\u0107: 71 cm<\/p>","protected":false},"excerpt":{"rendered":"<table class=\"dv_characteristicsTable\">\n<tbody>\n<tr>\n<td class=\"left\">Rozmiar<\/td>\n<td>XL<\/td>\n<\/tr>\n<tr>\n<td class=\"left\">Sk\u0142ad materia\u0142u<\/td>\n<td>65% Nylon, 35% Polyester<\/td>\n<\/tr>\n<tr>\n<td class=\"left\">Materialart<\/td>\n<td>Stoff<\/td>\n<\/tr>\n<tr>\n<td class=\"left\">Instrukcje dotycz\u0105ce piel\u0119gnacji<\/td>\n<td>Schonw\u00e4sche<\/td>\n<\/tr>\n<tr>\n<td class=\"left\">Optik<\/td>\n<td>meliert<\/td>\n<\/tr>\n<tr>\n<td class=\"left\">Stil<\/td>\n<td>casual<\/td>\n<\/tr>\n<tr>\n<td class=\"left\">Kolor<\/td>\n<td>Dress Blues (194024)<\/td>\n<\/tr>\n<tr>\n<td class=\"left\">Kragen<\/td>\n<td>hochschlie\u00dfender Kragen<\/td>\n<\/tr>\n<tr>\n<td class=\"left\">\u00c4rmel<\/td>\n<td>D\u0142ugi r\u0119kaw<\/td>\n<\/tr>\n<tr>\n<td class=\"left\">Dopasowanie<\/td>\n<td>regular fit<\/td>\n<\/tr>\n<tr>\n<td class=\"left\">Herstellerpassform<\/td>\n<td>regular fit<\/td>\n<\/tr>\n<tr>\n<td class=\"left\">Schnittform L\u00e4nge<\/td>\n<td>normal<\/td>\n<\/tr>\n<tr>\n<td class=\"left\">Kaptur<\/td>\n<td>mit Kapuze<\/td>\n<\/tr>\n<tr>\n<td class=\"left\">Kapuzendetails<\/td>\n<td>Kante mit Gummizug verstellbar<\/td>\n<\/tr>\n<tr>\n<td class=\"left\">Torby<\/td>\n<td>seitliche Taschen<\/td>\n<\/tr>\n<tr>\n<td class=\"left\">Verschluss<\/td>\n<td>Zamek b\u0142yskawiczny<\/td>\n<\/tr>\n<\/tbody>\n<\/table>","protected":false},"featured_media":82336,"comment_status":"open","ping_status":"closed","template":"","meta":{"_seopress_robots_primary_cat":"","_seopress_titles_title":"","_seopress_titles_desc":"","_seopress_robots_index":""},"product_brand":[],"product_cat":[1345,1363,1377,1378],"product_tag":[],"class_list":{"0":"post-82212","1":"product","2":"type-product","3":"status-publish","4":"has-post-thumbnail","6":"product_cat-herrenmode","7":"product_cat-jacken-maentel-herrenmode","8":"product_cat-winterjacken-jacken-maentel-herrenmode","9":"product_cat-daunen-steppjacken","10":"product_shipping_class-standard-versand","12":"first","13":"instock","14":"sale","15":"taxable","16":"shipping-taxable","17":"purchasable","18":"product-type-simple"},"_links":{"self":[{"href":"https:\/\/www.soanam.de\/pl\/wp-json\/wp\/v2\/product\/82212","targetHints":{"allow":["GET"]}}],"collection":[{"href":"https:\/\/www.soanam.de\/pl\/wp-json\/wp\/v2\/product"}],"about":[{"href":"https:\/\/www.soanam.de\/pl\/wp-json\/wp\/v2\/types\/product"}],"replies":[{"embeddable":true,"href":"https:\/\/www.soanam.de\/pl\/wp-json\/wp\/v2\/comments?post=82212"}],"wp:featuredmedia":[{"embeddable":true,"href":"https:\/\/www.soanam.de\/pl\/wp-json\/wp\/v2\/media\/82336"}],"wp:attachment":[{"href":"https:\/\/www.soanam.de\/pl\/wp-json\/wp\/v2\/media?parent=82212"}],"wp:term":[{"taxonomy":"product_brand","embeddable":true,"href":"https:\/\/www.soanam.de\/pl\/wp-json\/wp\/v2\/product_brand?post=82212"},{"taxonomy":"product_cat","embeddable":true,"href":"https:\/\/www.soanam.de\/pl\/wp-json\/wp\/v2\/product_cat?post=82212"},{"taxonomy":"product_tag","embeddable":true,"href":"https:\/\/www.soanam.de\/pl\/wp-json\/wp\/v2\/product_tag?post=82212"}],"curies":[{"name":"wp","href":"https:\/\/api.w.org\/{rel}","templated":true}]}}