{"id":81996,"date":"2023-12-14T02:10:07","date_gmt":"2023-12-14T01:10:07","guid":{"rendered":"https:\/\/www.soanam.de\/?post_type=product&#038;p=81996"},"modified":"2023-12-14T02:12:15","modified_gmt":"2023-12-14T01:12:15","slug":"aniston-selected-sweter-z-dzianiny-ze-stojka-czarny-bialy-rozmiar-36","status":"publish","type":"product","link":"https:\/\/www.soanam.de\/pl\/produkt\/aniston-selected-strickpullover-mit-stehkragen-in-schwarz-weiss-groesse-36\/","title":{"rendered":"Sweter z dzianiny Aniston SELECTED ze st\u00f3jk\u0105, czarno-bia\u0142y, rozmiar 36"},"content":{"rendered":"<p>Sweter z cienkiej dzianiny Aniston SELECTED<br \/>\nZ ma\u0142\u0105 st\u00f3jk\u0105 i d\u0142ugimi raglanowymi r\u0119kawami<br \/>\n\u015aci\u0105gacze przy dekolcie, u do\u0142u i na r\u0119kawach<br \/>\nSwobodny kr\u00f3j<br \/>\nMi\u0119kka dzianina wysokiej jako\u015bci<\/p>\n<p>Sweter z mi\u0119kkiej dzianiny od Aniston Selected.<br \/>\nWyr\u00f3\u017cnia j\u0105 modna kr\u00f3tka st\u00f3jka, swobodny kr\u00f3j, pi\u0119kny graficzny wz\u00f3r w atrakcyjnym czarno-bia\u0142ym stylu i wreszcie wygodna cienka dzianina wykonana z mieszanki wiskozy.<\/p>\n<p>Materia\u0142: wiskoza 50%, poliamid 26%, poliester 24%<br \/>\nWskaz\u00f3wki dotycz\u0105ce piel\u0119gnacji: Pra\u0107 w pralce<\/p>\n<p>Kolor: czarno-bia\u0142y<br \/>\nWz\u00f3r: grafika<br \/>\nRozmiar: 36<\/p>\n<p>Szeroko\u015b\u0107 ramion: 505 cm<br \/>\nSzeroko\u015b\u0107 klatki piersiowej: 100 cm<br \/>\nD\u0142ugo\u015b\u0107 r\u0119kawa: 48 cm<br \/>\nCa\u0142kowita d\u0142ugo\u015b\u0107: 66 cm<\/p>\n<p>Ten nowy przedmiot jest zwrotem klienta bez etykiety.<\/p>","protected":false},"excerpt":{"rendered":"<table class=\"dv_characteristicsTable\">\n<tbody>\n<tr>\n<td class=\"left\">Rozmiar<\/td>\n<td>36<\/td>\n<\/tr>\n<tr>\n<td class=\"left\">Gr\u00f6\u00dfentyp<\/td>\n<td>Normalgr\u00f6\u00dfen<\/td>\n<\/tr>\n<tr>\n<td class=\"left\">Sk\u0142ad materia\u0142u<\/td>\n<td>Obermaterial: 50% Viskose, 26% Polyamid, 24% Polyester<\/td>\n<\/tr>\n<tr>\n<td class=\"left\">Materialart<\/td>\n<td>Feinstrick<\/td>\n<\/tr>\n<tr>\n<td class=\"left\">Instrukcje dotycz\u0105ce piel\u0119gnacji<\/td>\n<td>Pranie w pralce<\/td>\n<\/tr>\n<tr>\n<td class=\"left\">Optik<\/td>\n<td>gemustert<\/td>\n<\/tr>\n<tr>\n<td class=\"left\">Stil<\/td>\n<td>elegant<\/td>\n<\/tr>\n<tr>\n<td class=\"left\">Kolor<\/td>\n<td>schwarz-wei\u00df<\/td>\n<\/tr>\n<tr>\n<td class=\"left\">Kragen<\/td>\n<td>Obro\u017ca stoj\u0105ca<\/td>\n<\/tr>\n<tr>\n<td class=\"left\">\u00c4rmel<\/td>\n<td>D\u0142ugi r\u0119kaw<\/td>\n<\/tr>\n<tr>\n<td class=\"left\">\u00c4rmelabschluss<\/td>\n<td>Rippstrickb\u00fcndchen<\/td>\n<\/tr>\n<tr>\n<td class=\"left\">Rumpfabschluss<\/td>\n<td>Rippstrick<\/td>\n<\/tr>\n<tr>\n<td class=\"left\">Dopasowanie<\/td>\n<td>l\u00e4ssig geschnitten<\/td>\n<\/tr>\n<tr>\n<td class=\"left\">Schnittform L\u00e4nge<\/td>\n<td>h\u00fcftbedeckend<\/td>\n<\/tr>\n<tr>\n<td class=\"left\">Besondere Merkmale<\/td>\n<td>mit modisch kurzem Stehkragen<\/td>\n<\/tr>\n<\/tbody>\n<\/table>","protected":false},"featured_media":82099,"comment_status":"open","ping_status":"closed","template":"","meta":{"_seopress_robots_primary_cat":"","_seopress_titles_title":"","_seopress_titles_desc":"","_seopress_robots_index":""},"product_brand":[],"product_cat":[1348,1456,1465],"product_tag":[],"class_list":{"0":"post-81996","1":"product","2":"type-product","3":"status-publish","4":"has-post-thumbnail","6":"product_cat-damen-mode","7":"product_cat-pullover-sweater","8":"product_cat-strickpullover","9":"product_shipping_class-standard-versand","11":"first","12":"instock","13":"sale","14":"taxable","15":"shipping-taxable","16":"purchasable","17":"product-type-simple"},"_links":{"self":[{"href":"https:\/\/www.soanam.de\/pl\/wp-json\/wp\/v2\/product\/81996","targetHints":{"allow":["GET"]}}],"collection":[{"href":"https:\/\/www.soanam.de\/pl\/wp-json\/wp\/v2\/product"}],"about":[{"href":"https:\/\/www.soanam.de\/pl\/wp-json\/wp\/v2\/types\/product"}],"replies":[{"embeddable":true,"href":"https:\/\/www.soanam.de\/pl\/wp-json\/wp\/v2\/comments?post=81996"}],"wp:featuredmedia":[{"embeddable":true,"href":"https:\/\/www.soanam.de\/pl\/wp-json\/wp\/v2\/media\/82099"}],"wp:attachment":[{"href":"https:\/\/www.soanam.de\/pl\/wp-json\/wp\/v2\/media?parent=81996"}],"wp:term":[{"taxonomy":"product_brand","embeddable":true,"href":"https:\/\/www.soanam.de\/pl\/wp-json\/wp\/v2\/product_brand?post=81996"},{"taxonomy":"product_cat","embeddable":true,"href":"https:\/\/www.soanam.de\/pl\/wp-json\/wp\/v2\/product_cat?post=81996"},{"taxonomy":"product_tag","embeddable":true,"href":"https:\/\/www.soanam.de\/pl\/wp-json\/wp\/v2\/product_tag?post=81996"}],"curies":[{"name":"wp","href":"https:\/\/api.w.org\/{rel}","templated":true}]}}