{"id":81994,"date":"2023-12-14T02:10:06","date_gmt":"2023-12-14T01:10:06","guid":{"rendered":"https:\/\/www.soanam.de\/?post_type=product&#038;p=81994"},"modified":"2023-12-14T02:12:08","modified_gmt":"2023-12-14T01:12:08","slug":"dlugi-sweter-z-golfem-aniston-w-kolorze-bialym-rozmiar-38","status":"publish","type":"product","link":"https:\/\/www.soanam.de\/pl\/produkt\/aniston-langer-rollkragenpullover-in-weiss-groesse-38\/","title":{"rendered":"D\u0142ugi sweter z golfem Aniston, bia\u0142y, rozmiar 38"},"content":{"rendered":"<p>Sweter damski z golfem od Aniston<br \/>\nTonalny wygl\u0105d w paski dzi\u0119ki r\u00f3\u017cnym wzorom dziania<br \/>\nZ fr\u0119dzlami i pr\u0105\u017ckowanymi mankietami na raglanowych r\u0119kawach i u do\u0142u.<br \/>\nDopasowany do sylwetki, d\u0142ugi kr\u00f3j<br \/>\nPrzytulna dzianina o grubym splocie<\/p>\n<p>Dzi\u0119ki dopasowanemu krojowi i krojowi zakrywaj\u0105cemu biodra, ten damski sweter Aniston jest prawdziwym hitem i po prostu idealnie pasuje.<br \/>\nDu\u017cy ko\u0142nierz, d\u0142ugie raglanowe r\u0119kawy i prz\u0119dza z fr\u0119dzlami, a tak\u017ce r\u00f3\u017cne wzory dziewiarskie r\u00f3wnie\u017c podkre\u015blaj\u0105 wygl\u0105d.<br \/>\nPrzytulna, gruba dzianina wielokrotnie zwi\u0119ksza komfort noszenia.<\/p>\n<p>Materia\u0142: poliester 61%, poliakryl 39%<br \/>\nWskaz\u00f3wki dotycz\u0105ce piel\u0119gnacji: Pra\u0107 w pralce<\/p>\n<p>Kolor: bia\u0142y<br \/>\nWz\u00f3r: w paski<br \/>\nRozmiar: 38<\/p>\n<p>Szeroko\u015b\u0107 ramion: 53 cm<br \/>\nSzeroko\u015b\u0107 klatki piersiowej: 92 cm<br \/>\nD\u0142ugo\u015b\u0107 r\u0119kawa: 67 cm<br \/>\nCa\u0142kowita d\u0142ugo\u015b\u0107: 70 cm<\/p>\n<p>Ten nowy przedmiot jest zwrotem klienta bez etykiety.<\/p>","protected":false},"excerpt":{"rendered":"<table class=\"dv_characteristicsTable\">\n<tbody>\n<tr>\n<td class=\"left\">Rozmiar<\/td>\n<td>38<\/td>\n<\/tr>\n<tr>\n<td class=\"left\">Gr\u00f6\u00dfentyp<\/td>\n<td>Normalgr\u00f6\u00dfen<\/td>\n<\/tr>\n<tr>\n<td class=\"left\">Sk\u0142ad materia\u0142u<\/td>\n<td>61% Polyester, 39% Polyacryl<\/td>\n<\/tr>\n<tr>\n<td class=\"left\">Materialart<\/td>\n<td>Grobstrick<\/td>\n<\/tr>\n<tr>\n<td class=\"left\">Instrukcje dotycz\u0105ce piel\u0119gnacji<\/td>\n<td>Pranie w pralce<\/td>\n<\/tr>\n<tr>\n<td class=\"left\">Optik<\/td>\n<td>tonale Ringeloptik<\/td>\n<\/tr>\n<tr>\n<td class=\"left\">Stil<\/td>\n<td>modisch<\/td>\n<\/tr>\n<tr>\n<td class=\"left\">Kolor<\/td>\n<td>wei\u00df<\/td>\n<\/tr>\n<tr>\n<td class=\"left\">Ausschnitt<\/td>\n<td>Rollkragen<\/td>\n<\/tr>\n<tr>\n<td class=\"left\">Ausschnittdetails<\/td>\n<td>gro\u00dfer Rollkragen<\/td>\n<\/tr>\n<tr>\n<td class=\"left\">\u00c4rmel<\/td>\n<td>D\u0142ugi r\u0119kaw<\/td>\n<\/tr>\n<tr>\n<td class=\"left\">\u00c4rmeldetails<\/td>\n<td>Raglanowe r\u0119kawy<\/td>\n<\/tr>\n<tr>\n<td class=\"left\">\u00c4rmelabschluss<\/td>\n<td>Rippstrickb\u00fcndchen<\/td>\n<\/tr>\n<tr>\n<td class=\"left\">Rumpfabschluss<\/td>\n<td>Rippstrickb\u00fcndchen<\/td>\n<\/tr>\n<tr>\n<td class=\"left\">Dopasowanie<\/td>\n<td>figurbetont<\/td>\n<\/tr>\n<tr>\n<td class=\"left\">Schnittform L\u00e4nge<\/td>\n<td>h\u00fcftbedeckend<\/td>\n<\/tr>\n<tr>\n<td class=\"left\">Besondere Merkmale<\/td>\n<td>mit Fransengarn<\/td>\n<\/tr>\n<\/tbody>\n<\/table>","protected":false},"featured_media":82093,"comment_status":"open","ping_status":"closed","template":"","meta":{"_seopress_robots_primary_cat":"","_seopress_titles_title":"","_seopress_titles_desc":"","_seopress_robots_index":""},"product_brand":[],"product_cat":[1348,1456,1465],"product_tag":[],"class_list":{"0":"post-81994","1":"product","2":"type-product","3":"status-publish","4":"has-post-thumbnail","6":"product_cat-damen-mode","7":"product_cat-pullover-sweater","8":"product_cat-strickpullover","9":"product_shipping_class-standard-versand","11":"first","12":"instock","13":"sale","14":"taxable","15":"shipping-taxable","16":"purchasable","17":"product-type-simple"},"_links":{"self":[{"href":"https:\/\/www.soanam.de\/pl\/wp-json\/wp\/v2\/product\/81994","targetHints":{"allow":["GET"]}}],"collection":[{"href":"https:\/\/www.soanam.de\/pl\/wp-json\/wp\/v2\/product"}],"about":[{"href":"https:\/\/www.soanam.de\/pl\/wp-json\/wp\/v2\/types\/product"}],"replies":[{"embeddable":true,"href":"https:\/\/www.soanam.de\/pl\/wp-json\/wp\/v2\/comments?post=81994"}],"wp:featuredmedia":[{"embeddable":true,"href":"https:\/\/www.soanam.de\/pl\/wp-json\/wp\/v2\/media\/82093"}],"wp:attachment":[{"href":"https:\/\/www.soanam.de\/pl\/wp-json\/wp\/v2\/media?parent=81994"}],"wp:term":[{"taxonomy":"product_brand","embeddable":true,"href":"https:\/\/www.soanam.de\/pl\/wp-json\/wp\/v2\/product_brand?post=81994"},{"taxonomy":"product_cat","embeddable":true,"href":"https:\/\/www.soanam.de\/pl\/wp-json\/wp\/v2\/product_cat?post=81994"},{"taxonomy":"product_tag","embeddable":true,"href":"https:\/\/www.soanam.de\/pl\/wp-json\/wp\/v2\/product_tag?post=81994"}],"curies":[{"name":"wp","href":"https:\/\/api.w.org\/{rel}","templated":true}]}}