{"id":81993,"date":"2023-12-14T02:10:06","date_gmt":"2023-12-14T01:10:06","guid":{"rendered":"https:\/\/www.soanam.de\/?post_type=product&#038;p=81993"},"modified":"2023-12-14T02:12:04","modified_gmt":"2023-12-14T01:12:04","slug":"aniston-casual-streifenpullover-in-schwarz-weiss-orange-groesse-38","status":"publish","type":"product","link":"https:\/\/www.soanam.de\/pl\/produkt\/aniston-casual-streifenpullover-in-schwarz-weiss-orange-groesse-38\/","title":{"rendered":"Sweter w paski Aniston CASUAL, czarny, bia\u0142y i pomara\u0144czowy, rozmiar 38"},"content":{"rendered":"<p>Damenpullover in weicher Feinstrick-Qualit\u00e4t von Aniston Casual<br \/>\nAktuelle Rollkante am Ausschnitt, den langen Raglan\u00e4rmeln und am Saum<br \/>\nIm trendigen Streifen-Dessin<br \/>\nDopasowany do sylwetki kr\u00f3j<br \/>\nRingelpullover aus Naturfaser - Reine Baumwolle<\/p>\n<p>Mit seiner figurumspielenden Passform und dem h\u00fcftbedeckenden Schnitt landet der Damenpullover von Aniston Casual einen echten Volltreffer und sitzt einfach perfekt.<br \/>\nWeiterhin tragen auch die Raglan\u00e4rmel zum hervorragenden Gesamtbild bei, indem sie den Oberk\u00f6rper optisch aufteilen und die Schultern zierlicher wirken lassen.<br \/>\nF\u00fcr das gewisse Etwas sorgt der Rundhals-Ausschnitt mit Rollkanten.<br \/>\nAls atmungsaktive Naturfaser steigert die reine Baumwolle den Wohlf\u00fchlfaktor nochmals um ein Vielfaches.<\/p>\n<p>Materia\u0142: bawe\u0142na 100%<br \/>\nWskaz\u00f3wki dotycz\u0105ce piel\u0119gnacji: Pra\u0107 w pralce<\/p>\n<p>Farbe: schwarz-wei\u00df-orange<br \/>\nWz\u00f3r: paski<br \/>\nRozmiar: 38<\/p>\n<p>Szeroko\u015b\u0107 ramion: 48 cm<br \/>\nSzeroko\u015b\u0107 klatki piersiowej: 108 cm<br \/>\nD\u0142ugo\u015b\u0107 r\u0119kawa: 66 cm<br \/>\nCa\u0142kowita d\u0142ugo\u015b\u0107: 65 cm<\/p>\n<p>Ten nowy przedmiot jest zwrotem klienta bez etykiety.<\/p>","protected":false},"excerpt":{"rendered":"<table class=\"dv_characteristicsTable\">\n<tbody>\n<tr>\n<td class=\"left\">Rozmiar<\/td>\n<td>38<\/td>\n<\/tr>\n<tr>\n<td class=\"left\">Gr\u00f6\u00dfentyp<\/td>\n<td>Normalgr\u00f6\u00dfen<\/td>\n<\/tr>\n<tr>\n<td class=\"left\">Sk\u0142ad materia\u0142u<\/td>\n<td>Obermaterial: 100% Baumwolle<\/td>\n<\/tr>\n<tr>\n<td class=\"left\">Materialart<\/td>\n<td>Feinstrick<\/td>\n<\/tr>\n<tr>\n<td class=\"left\">Instrukcje dotycz\u0105ce piel\u0119gnacji<\/td>\n<td>Pranie w pralce<\/td>\n<\/tr>\n<tr>\n<td class=\"left\">Optik<\/td>\n<td>gestreift, geringelt<\/td>\n<\/tr>\n<tr>\n<td class=\"left\">Stil<\/td>\n<td>modisch<\/td>\n<\/tr>\n<tr>\n<td class=\"left\">Kolor<\/td>\n<td>schwarz-wei\u00df-orange<\/td>\n<\/tr>\n<tr>\n<td class=\"left\">Ausschnitt<\/td>\n<td>Rundhals<\/td>\n<\/tr>\n<tr>\n<td class=\"left\">Ausschnittdetails<\/td>\n<td>Rollkante<\/td>\n<\/tr>\n<tr>\n<td class=\"left\">\u00c4rmel<\/td>\n<td>D\u0142ugi r\u0119kaw<\/td>\n<\/tr>\n<tr>\n<td class=\"left\">\u00c4rmeldetails<\/td>\n<td>Raglanowe r\u0119kawy<\/td>\n<\/tr>\n<tr>\n<td class=\"left\">\u00c4rmelabschluss<\/td>\n<td>Rollkanten<\/td>\n<\/tr>\n<tr>\n<td class=\"left\">Rumpfabschluss<\/td>\n<td>Rollkante<\/td>\n<\/tr>\n<tr>\n<td class=\"left\">Dopasowanie<\/td>\n<td>figurumspielend<\/td>\n<\/tr>\n<tr>\n<td class=\"left\">Schnittform L\u00e4nge<\/td>\n<td>h\u00fcftbedeckend<\/td>\n<\/tr>\n<tr>\n<td class=\"left\">Besondere Merkmale<\/td>\n<td>im Streifendessin<\/td>\n<\/tr>\n<\/tbody>\n<\/table>","protected":false},"featured_media":82090,"comment_status":"open","ping_status":"closed","template":"","meta":{"_seopress_robots_primary_cat":"","_seopress_titles_title":"","_seopress_titles_desc":"","_seopress_robots_index":""},"product_brand":[],"product_cat":[1348,1456,1465],"product_tag":[],"class_list":{"0":"post-81993","1":"product","2":"type-product","3":"status-publish","4":"has-post-thumbnail","6":"product_cat-damen-mode","7":"product_cat-pullover-sweater","8":"product_cat-strickpullover","9":"product_shipping_class-standard-versand","11":"first","12":"instock","13":"sale","14":"taxable","15":"shipping-taxable","16":"purchasable","17":"product-type-simple"},"_links":{"self":[{"href":"https:\/\/www.soanam.de\/pl\/wp-json\/wp\/v2\/product\/81993","targetHints":{"allow":["GET"]}}],"collection":[{"href":"https:\/\/www.soanam.de\/pl\/wp-json\/wp\/v2\/product"}],"about":[{"href":"https:\/\/www.soanam.de\/pl\/wp-json\/wp\/v2\/types\/product"}],"replies":[{"embeddable":true,"href":"https:\/\/www.soanam.de\/pl\/wp-json\/wp\/v2\/comments?post=81993"}],"wp:featuredmedia":[{"embeddable":true,"href":"https:\/\/www.soanam.de\/pl\/wp-json\/wp\/v2\/media\/82090"}],"wp:attachment":[{"href":"https:\/\/www.soanam.de\/pl\/wp-json\/wp\/v2\/media?parent=81993"}],"wp:term":[{"taxonomy":"product_brand","embeddable":true,"href":"https:\/\/www.soanam.de\/pl\/wp-json\/wp\/v2\/product_brand?post=81993"},{"taxonomy":"product_cat","embeddable":true,"href":"https:\/\/www.soanam.de\/pl\/wp-json\/wp\/v2\/product_cat?post=81993"},{"taxonomy":"product_tag","embeddable":true,"href":"https:\/\/www.soanam.de\/pl\/wp-json\/wp\/v2\/product_tag?post=81993"}],"curies":[{"name":"wp","href":"https:\/\/api.w.org\/{rel}","templated":true}]}}