{"id":81973,"date":"2023-12-14T02:09:42","date_gmt":"2023-12-14T01:09:42","guid":{"rendered":"https:\/\/www.soanam.de\/?post_type=product&#038;p=81973"},"modified":"2023-12-14T02:11:50","modified_gmt":"2023-12-14T01:11:50","slug":"kangaroos-v-ausschnitt-pullover-in-khaki-groesse-40-42","status":"publish","type":"product","link":"https:\/\/www.soanam.de\/pl\/produkt\/kangaroos-v-ausschnitt-pullover-in-khaki-groesse-40-42\/","title":{"rendered":"KangaROOS V-Ausschnitt-Pullover, in Khaki, Gr\u00f6\u00dfe 40\/42"},"content":{"rendered":"<p>L\u00e4ngs gerippter Pullover mit V-Neck von KangaROOS<br \/>\nPerfekte Passform durch Rippenstrick<br \/>\nAm \u00c4rmel mit Daumenl\u00f6chern<br \/>\nMit kleinen Label-Druck am \u00c4rmel<br \/>\nAus sch\u00f6nem Baumwoll-Mix<\/p>\n<p>Der unifarbene Strickpullover mit tiefem V-Ausschnitt von Kangaroos wird durch die Daumenschlaufen an den breiten B\u00fcndchen und einem Labelschriftzug auf dem \u00c4rmel gekonnt aufgepeppt.<br \/>\nDurch die besonders breite und trageangenehme Rippstrickqualit\u00e4t schmiegt sich der Pullover sanft an den K\u00f6rper an und betont die Silhouette.<\/p>\n<p>Materia\u0142: bawe\u0142na 50%, poliakryl 50%<br \/>\nWskaz\u00f3wki dotycz\u0105ce piel\u0119gnacji: Pra\u0107 w pralce<\/p>\n<p>Farbe: khaki<br \/>\nWz\u00f3r: bez<br \/>\nRozmiar: 40\/42<\/p>\n<p>Szeroko\u015b\u0107 ramion: 40 cm<br \/>\nSzeroko\u015b\u0107 klatki piersiowej: 102 cm<br \/>\nD\u0142ugo\u015b\u0107 r\u0119kawa: 66 cm<br \/>\nCa\u0142kowita d\u0142ugo\u015b\u0107: 68 cm<\/p>","protected":false},"excerpt":{"rendered":"<table class=\"dv_characteristicsTable\">\n<tbody>\n<tr>\n<td class=\"left\">Rozmiar<\/td>\n<td>40\/42 (M)<\/td>\n<\/tr>\n<tr>\n<td class=\"left\">Gr\u00f6\u00dfentyp<\/td>\n<td>Normalgr\u00f6\u00dfen<\/td>\n<\/tr>\n<tr>\n<td class=\"left\">Sk\u0142ad materia\u0142u<\/td>\n<td>Obermaterial: 50% Baumwolle, 50% Polyacryl<\/td>\n<\/tr>\n<tr>\n<td class=\"left\">Materialart<\/td>\n<td>Rippstrick<\/td>\n<\/tr>\n<tr>\n<td class=\"left\">Instrukcje dotycz\u0105ce piel\u0119gnacji<\/td>\n<td>Pranie w pralce<\/td>\n<\/tr>\n<tr>\n<td class=\"left\">Optik<\/td>\n<td>unifarben<\/td>\n<\/tr>\n<tr>\n<td class=\"left\">Stil<\/td>\n<td>Basic<\/td>\n<\/tr>\n<tr>\n<td class=\"left\">Kolor<\/td>\n<td>khaki<\/td>\n<\/tr>\n<tr>\n<td class=\"left\">Ausschnitt<\/td>\n<td>Dekolt w szpic<\/td>\n<\/tr>\n<tr>\n<td class=\"left\">\u00c4rmel<\/td>\n<td>D\u0142ugi r\u0119kaw<\/td>\n<\/tr>\n<tr>\n<td class=\"left\">\u00c4rmelabschluss<\/td>\n<td>Pr\u0105\u017ckowane mankiety<\/td>\n<\/tr>\n<tr>\n<td class=\"left\">\u00c4rmelabschlussdetails<\/td>\n<td>mit Daumenl\u00f6chern<\/td>\n<\/tr>\n<tr>\n<td class=\"left\">Rumpfabschluss<\/td>\n<td>Pr\u0105\u017ckowane mankiety<\/td>\n<\/tr>\n<tr>\n<td class=\"left\">Dopasowanie<\/td>\n<td>sehr figurbetont<\/td>\n<\/tr>\n<tr>\n<td class=\"left\">Schnittform L\u00e4nge<\/td>\n<td>h\u00fcftlang<\/td>\n<\/tr>\n<tr>\n<td class=\"left\">Applikationen<\/td>\n<td>Markenlabel, Print<\/td>\n<\/tr>\n<tr>\n<td class=\"left\">Besondere Merkmale<\/td>\n<td>in breit geripptem Feinstrick<\/td>\n<\/tr>\n<\/tbody>\n<\/table>","protected":false},"featured_media":82078,"comment_status":"open","ping_status":"closed","template":"","meta":{"_seopress_robots_primary_cat":"","_seopress_titles_title":"","_seopress_titles_desc":"","_seopress_robots_index":""},"product_brand":[],"product_cat":[1348,1456,1465],"product_tag":[],"class_list":{"0":"post-81973","1":"product","2":"type-product","3":"status-publish","4":"has-post-thumbnail","6":"product_cat-damen-mode","7":"product_cat-pullover-sweater","8":"product_cat-strickpullover","9":"product_shipping_class-standard-versand","11":"first","12":"instock","13":"taxable","14":"shipping-taxable","15":"purchasable","16":"product-type-simple"},"_links":{"self":[{"href":"https:\/\/www.soanam.de\/pl\/wp-json\/wp\/v2\/product\/81973","targetHints":{"allow":["GET"]}}],"collection":[{"href":"https:\/\/www.soanam.de\/pl\/wp-json\/wp\/v2\/product"}],"about":[{"href":"https:\/\/www.soanam.de\/pl\/wp-json\/wp\/v2\/types\/product"}],"replies":[{"embeddable":true,"href":"https:\/\/www.soanam.de\/pl\/wp-json\/wp\/v2\/comments?post=81973"}],"wp:featuredmedia":[{"embeddable":true,"href":"https:\/\/www.soanam.de\/pl\/wp-json\/wp\/v2\/media\/82078"}],"wp:attachment":[{"href":"https:\/\/www.soanam.de\/pl\/wp-json\/wp\/v2\/media?parent=81973"}],"wp:term":[{"taxonomy":"product_brand","embeddable":true,"href":"https:\/\/www.soanam.de\/pl\/wp-json\/wp\/v2\/product_brand?post=81973"},{"taxonomy":"product_cat","embeddable":true,"href":"https:\/\/www.soanam.de\/pl\/wp-json\/wp\/v2\/product_cat?post=81973"},{"taxonomy":"product_tag","embeddable":true,"href":"https:\/\/www.soanam.de\/pl\/wp-json\/wp\/v2\/product_tag?post=81973"}],"curies":[{"name":"wp","href":"https:\/\/api.w.org\/{rel}","templated":true}]}}