{"id":81953,"date":"2023-12-14T02:09:18","date_gmt":"2023-12-14T01:09:18","guid":{"rendered":"https:\/\/www.soanam.de\/?post_type=product&#038;p=81953"},"modified":"2023-12-14T02:11:23","modified_gmt":"2023-12-14T01:11:23","slug":"kangaroos-rundhalspullover-mit-puffaermeln-in-gelb-groesse-40-42","status":"publish","type":"product","link":"https:\/\/www.soanam.de\/pl\/produkt\/kangaroos-rundhalspullover-mit-puffaermeln-in-gelb-groesse-40-42\/","title":{"rendered":"Sweter z okr\u0105g\u0142ym dekoltem i bufiastymi r\u0119kawami KangaROOS, \u017c\u00f3\u0142ty, rozmiar 40\/42"},"content":{"rendered":"<p>Sweter z okr\u0105g\u0142ym dekoltem od KangaROOS<br \/>\nDopasowany do sylwetki prosty kr\u00f3j z modnymi bufiastymi r\u0119kawami<br \/>\nZ d\u0142ugimi pr\u0105\u017ckowanymi mankietami i bufiastymi r\u0119kawami w modne paski<br \/>\nWykonane z mi\u0119kkiej, cienkiej dzianiny<\/p>\n<p>Ten sweter z mi\u0119kkiej, cienkiej dzianiny od KangaROOS \u0142\u0105czy swobodny styl z uroczymi, modnymi elementami.<br \/>\nDekolt jest okr\u0105g\u0142y i szeroki, r\u0119kawy balonowe maj\u0105 dodatkow\u0105 obj\u0119to\u015b\u0107 i s\u0105 zako\u0144czone d\u0142ugimi, pr\u0105\u017ckowanymi mankietami.<br \/>\nOczywi\u015bcie nie powinno zabrakn\u0105\u0107 typowego logo marki.<\/p>\n<p>Materia\u0142: bawe\u0142na 50%, poliakryl 50%<br \/>\nWskaz\u00f3wki dotycz\u0105ce piel\u0119gnacji: Pra\u0107 w pralce<\/p>\n<p>Kolor: \u017c\u00f3\u0142ty<br \/>\nWz\u00f3r: paski na r\u0119kawach<br \/>\nRozmiar: 40\/42<\/p>\n<p>Szeroko\u015b\u0107 ramion: 37 cm<br \/>\nSzeroko\u015b\u0107 klatki piersiowej: 102 cm<br \/>\nD\u0142ugo\u015b\u0107 r\u0119kawa: 64 cm<br \/>\nCa\u0142kowita d\u0142ugo\u015b\u0107: 68 cm<\/p>","protected":false},"excerpt":{"rendered":"<table class=\"dv_characteristicsTable\">\n<tbody>\n<tr>\n<td class=\"left\">Rozmiar<\/td>\n<td>40\/42<\/td>\n<\/tr>\n<tr>\n<td class=\"left\">Gr\u00f6\u00dfentyp<\/td>\n<td>Normalgr\u00f6\u00dfen<\/td>\n<\/tr>\n<tr>\n<td class=\"left\">Sk\u0142ad materia\u0142u<\/td>\n<td>Obermaterial: 50% Baumwolle\u00a0, 50% Polyacryl<\/td>\n<\/tr>\n<tr>\n<td class=\"left\">Materialart<\/td>\n<td>Feinstrick<\/td>\n<\/tr>\n<tr>\n<td class=\"left\">Instrukcje dotycz\u0105ce piel\u0119gnacji<\/td>\n<td>Pranie w pralce<\/td>\n<\/tr>\n<tr>\n<td class=\"left\">Optik<\/td>\n<td>bedruckt, gestreift, kontrastfarbene Details<\/td>\n<\/tr>\n<tr>\n<td class=\"left\">Stil<\/td>\n<td>casual<\/td>\n<\/tr>\n<tr>\n<td class=\"left\">Kolor<\/td>\n<td>gelb-wei\u00df<\/td>\n<\/tr>\n<tr>\n<td class=\"left\">Ausschnitt<\/td>\n<td>Rundhals<\/td>\n<\/tr>\n<tr>\n<td class=\"left\">\u00c4rmel<\/td>\n<td>D\u0142ugi r\u0119kaw<\/td>\n<\/tr>\n<tr>\n<td class=\"left\">\u00c4rmeldetails<\/td>\n<td>Puff\u00e4rmel<\/td>\n<\/tr>\n<tr>\n<td class=\"left\">\u00c4rmelabschluss<\/td>\n<td>Rippstrickb\u00fcndchen<\/td>\n<\/tr>\n<tr>\n<td class=\"left\">Rumpfabschluss<\/td>\n<td>Rippstrick<\/td>\n<\/tr>\n<tr>\n<td class=\"left\">Dopasowanie<\/td>\n<td>figurbetont<\/td>\n<\/tr>\n<tr>\n<td class=\"left\">Schnittform L\u00e4nge<\/td>\n<td>h\u00fcftlang<\/td>\n<\/tr>\n<tr>\n<td class=\"left\">Applikationen<\/td>\n<td>Logodruck, Markenlabel<\/td>\n<\/tr>\n<\/tbody>\n<\/table>","protected":false},"featured_media":82054,"comment_status":"open","ping_status":"closed","template":"","meta":{"_seopress_robots_primary_cat":"","_seopress_titles_title":"","_seopress_titles_desc":"","_seopress_robots_index":""},"product_brand":[],"product_cat":[1348,1456,1465],"product_tag":[],"class_list":{"0":"post-81953","1":"product","2":"type-product","3":"status-publish","4":"has-post-thumbnail","6":"product_cat-damen-mode","7":"product_cat-pullover-sweater","8":"product_cat-strickpullover","9":"product_shipping_class-standard-versand","11":"first","12":"instock","13":"taxable","14":"shipping-taxable","15":"purchasable","16":"product-type-simple"},"_links":{"self":[{"href":"https:\/\/www.soanam.de\/pl\/wp-json\/wp\/v2\/product\/81953","targetHints":{"allow":["GET"]}}],"collection":[{"href":"https:\/\/www.soanam.de\/pl\/wp-json\/wp\/v2\/product"}],"about":[{"href":"https:\/\/www.soanam.de\/pl\/wp-json\/wp\/v2\/types\/product"}],"replies":[{"embeddable":true,"href":"https:\/\/www.soanam.de\/pl\/wp-json\/wp\/v2\/comments?post=81953"}],"wp:featuredmedia":[{"embeddable":true,"href":"https:\/\/www.soanam.de\/pl\/wp-json\/wp\/v2\/media\/82054"}],"wp:attachment":[{"href":"https:\/\/www.soanam.de\/pl\/wp-json\/wp\/v2\/media?parent=81953"}],"wp:term":[{"taxonomy":"product_brand","embeddable":true,"href":"https:\/\/www.soanam.de\/pl\/wp-json\/wp\/v2\/product_brand?post=81953"},{"taxonomy":"product_cat","embeddable":true,"href":"https:\/\/www.soanam.de\/pl\/wp-json\/wp\/v2\/product_cat?post=81953"},{"taxonomy":"product_tag","embeddable":true,"href":"https:\/\/www.soanam.de\/pl\/wp-json\/wp\/v2\/product_tag?post=81953"}],"curies":[{"name":"wp","href":"https:\/\/api.w.org\/{rel}","templated":true}]}}