{"id":81908,"date":"2023-12-14T02:08:26","date_gmt":"2023-12-14T01:08:26","guid":{"rendered":"https:\/\/www.soanam.de\/?post_type=product&#038;p=81908"},"modified":"2023-12-14T02:10:23","modified_gmt":"2023-12-14T01:10:23","slug":"ltb-sweter-z-cienkiej-dzianiny-pihele-w-kolorze-szary-melanz-rozmiar-xxl","status":"publish","type":"product","link":"https:\/\/www.soanam.de\/pl\/produkt\/ltb-feinstrickpullover-pihele-in-grau-melange-groesse-xxl\/","title":{"rendered":"LTB sweter z cienkiej dzianiny PIHELE, w kolorze szary melan\u017c, rozmiar XXL"},"content":{"rendered":"<p>Sweter z cienkiej dzianiny od LTB<br \/>\nZ g\u0142\u0119bokim dekoltem V i paskami<br \/>\nPodci\u0119te ramiona<br \/>\nMankiety z mi\u0119kkim \u015bci\u0105gaczem<br \/>\nLogo marki<br \/>\nMi\u0119kki uchwyt<\/p>\n<p>Ten sweter z cienkiej dzianiny marki LTB ma lu\u017any, swobodny kr\u00f3j, obni\u017cone ramiona i obszycia z mi\u0119kkimi pr\u0105\u017ckowanymi wyko\u0144czeniami.<br \/>\nPosiada g\u0142\u0119boki dekolt w kszta\u0142cie litery V oraz 2 paski z przodu i na r\u0119kawach.<br \/>\nPrzyjemnie mi\u0119kka mieszanka we\u0142ny jest bardzo wygodna i zapewnia doskona\u0142e ciep\u0142o.<\/p>\n<p>Materia\u0142: poliakryl 80%, poliester 20%<br \/>\nWskaz\u00f3wki dotycz\u0105ce piel\u0119gnacji: Pra\u0107 w pralce<\/p>\n<p>Kolor: szaro-melan\u017cowy<br \/>\nWz\u00f3r: paski<br \/>\nRozmiar: XXL<\/p>\n<p>Szeroko\u015b\u0107 ramion: 67 cm<br \/>\nSzeroko\u015b\u0107 klatki piersiowej: 128 cm<br \/>\nD\u0142ugo\u015b\u0107 r\u0119kawa: 51 cm<br \/>\nCa\u0142kowita d\u0142ugo\u015b\u0107: 70 cm<\/p>","protected":false},"excerpt":{"rendered":"<p>Materia\u0142: poliakryl 80%, poliester 20%<br \/>\nWskaz\u00f3wki dotycz\u0105ce piel\u0119gnacji: Pra\u0107 w pralce<\/p>\n<p>Kolor: szaro-melan\u017cowy<br \/>\nWz\u00f3r: paski<br \/>\nRozmiar: XXL<\/p>\n<p>&nbsp;<\/p>","protected":false},"featured_media":82010,"comment_status":"open","ping_status":"closed","template":"","meta":{"_seopress_robots_primary_cat":"","_seopress_titles_title":"","_seopress_titles_desc":"","_seopress_robots_index":""},"product_brand":[],"product_cat":[1348,1456,1465],"product_tag":[],"class_list":{"0":"post-81908","1":"product","2":"type-product","3":"status-publish","4":"has-post-thumbnail","6":"product_cat-damen-mode","7":"product_cat-pullover-sweater","8":"product_cat-strickpullover","9":"product_shipping_class-standard-versand","11":"first","12":"instock","13":"taxable","14":"shipping-taxable","15":"purchasable","16":"product-type-simple"},"_links":{"self":[{"href":"https:\/\/www.soanam.de\/pl\/wp-json\/wp\/v2\/product\/81908","targetHints":{"allow":["GET"]}}],"collection":[{"href":"https:\/\/www.soanam.de\/pl\/wp-json\/wp\/v2\/product"}],"about":[{"href":"https:\/\/www.soanam.de\/pl\/wp-json\/wp\/v2\/types\/product"}],"replies":[{"embeddable":true,"href":"https:\/\/www.soanam.de\/pl\/wp-json\/wp\/v2\/comments?post=81908"}],"wp:featuredmedia":[{"embeddable":true,"href":"https:\/\/www.soanam.de\/pl\/wp-json\/wp\/v2\/media\/82010"}],"wp:attachment":[{"href":"https:\/\/www.soanam.de\/pl\/wp-json\/wp\/v2\/media?parent=81908"}],"wp:term":[{"taxonomy":"product_brand","embeddable":true,"href":"https:\/\/www.soanam.de\/pl\/wp-json\/wp\/v2\/product_brand?post=81908"},{"taxonomy":"product_cat","embeddable":true,"href":"https:\/\/www.soanam.de\/pl\/wp-json\/wp\/v2\/product_cat?post=81908"},{"taxonomy":"product_tag","embeddable":true,"href":"https:\/\/www.soanam.de\/pl\/wp-json\/wp\/v2\/product_tag?post=81908"}],"curies":[{"name":"wp","href":"https:\/\/api.w.org\/{rel}","templated":true}]}}