{"id":81906,"date":"2023-12-14T02:08:25","date_gmt":"2023-12-14T01:08:25","guid":{"rendered":"https:\/\/www.soanam.de\/?post_type=product&#038;p=81906"},"modified":"2023-12-14T02:10:17","modified_gmt":"2023-12-14T01:10:17","slug":"superdry-neon-stripe-ribbed-crew-pullover-in-pink-stripe-groesse-40","status":"publish","type":"product","link":"https:\/\/www.soanam.de\/pl\/produkt\/superdry-neon-stripe-ribbed-crew-pullover-in-pink-stripe-groesse-40\/","title":{"rendered":"Superdry Neon Stripe Ribbed Crew Pullover , in Pink-Stripe, Gr\u00f6\u00dfe 40"},"content":{"rendered":"<p>Grobstrickpullover von Superdry<br \/>\nMit Neon-Streifen<br \/>\nMit \u00c4rmel- und Saumb\u00fcndchen<br \/>\nMarkenbadge am Saum<\/p>\n<p>Der Grobstrickpullover von Superdry besticht durch seine Neon-Stripes, wodurch dein Outfit auffallend und spannend wirkt.<br \/>\nDer dicke Rundhalsauschnitt, sowie die \u00c4rmel-und Saumb\u00fcndchen runden die Optik prima ab.<br \/>\nDer Wollmix w\u00e4rmt und ist angenehm zu tragen.<\/p>\n<p>Material: 73% Acryl, 16% Polyamid, 11% Wolle<br \/>\nWskaz\u00f3wki dotycz\u0105ce piel\u0119gnacji: Pra\u0107 w pralce<\/p>\n<p>Farbe: pink-stripe<br \/>\nMuster: Neon-Streifen<br \/>\nRozmiar: 40<\/p>\n<p>Szeroko\u015b\u0107 ramion: 54 cm<br \/>\nSzeroko\u015b\u0107 klatki piersiowej: 128 cm<br \/>\nD\u0142ugo\u015b\u0107 r\u0119kawa: 61 cm<br \/>\nCa\u0142kowita d\u0142ugo\u015b\u0107: 58 cm<\/p>","protected":false},"excerpt":{"rendered":"<table class=\"dv_characteristicsTable\">\n<tbody>\n<tr>\n<td class=\"left\">Rozmiar<\/td>\n<td>40<\/td>\n<\/tr>\n<tr>\n<td class=\"left\">Gr\u00f6\u00dfentyp<\/td>\n<td>Normalgr\u00f6\u00dfen<\/td>\n<\/tr>\n<tr>\n<td class=\"left\">Sk\u0142ad materia\u0142u<\/td>\n<td>73% Acryl, 16% Polyamid, 11% Wolle<\/td>\n<\/tr>\n<tr>\n<td class=\"left\">Materialart<\/td>\n<td>Strick<\/td>\n<\/tr>\n<tr>\n<td class=\"left\">Instrukcje dotycz\u0105ce piel\u0119gnacji<\/td>\n<td>Pranie w pralce<\/td>\n<\/tr>\n<tr>\n<td class=\"left\">Kolor<\/td>\n<td>pink-stripe<\/td>\n<\/tr>\n<tr>\n<td class=\"left\">Dopasowanie<\/td>\n<td>regul\u00e4r<\/td>\n<\/tr>\n<tr>\n<td class=\"left\">Schnittform L\u00e4nge<\/td>\n<td>h\u00fcftbedeckend<\/td>\n<\/tr>\n<\/tbody>\n<\/table>","protected":false},"featured_media":82004,"comment_status":"open","ping_status":"closed","template":"","meta":{"_seopress_robots_primary_cat":"","_seopress_titles_title":"","_seopress_titles_desc":"","_seopress_robots_index":""},"product_brand":[],"product_cat":[1348,1456,1465],"product_tag":[],"class_list":{"0":"post-81906","1":"product","2":"type-product","3":"status-publish","4":"has-post-thumbnail","6":"product_cat-damen-mode","7":"product_cat-pullover-sweater","8":"product_cat-strickpullover","9":"product_shipping_class-standard-versand","11":"first","12":"instock","13":"sale","14":"taxable","15":"shipping-taxable","16":"purchasable","17":"product-type-simple"},"_links":{"self":[{"href":"https:\/\/www.soanam.de\/pl\/wp-json\/wp\/v2\/product\/81906","targetHints":{"allow":["GET"]}}],"collection":[{"href":"https:\/\/www.soanam.de\/pl\/wp-json\/wp\/v2\/product"}],"about":[{"href":"https:\/\/www.soanam.de\/pl\/wp-json\/wp\/v2\/types\/product"}],"replies":[{"embeddable":true,"href":"https:\/\/www.soanam.de\/pl\/wp-json\/wp\/v2\/comments?post=81906"}],"wp:featuredmedia":[{"embeddable":true,"href":"https:\/\/www.soanam.de\/pl\/wp-json\/wp\/v2\/media\/82004"}],"wp:attachment":[{"href":"https:\/\/www.soanam.de\/pl\/wp-json\/wp\/v2\/media?parent=81906"}],"wp:term":[{"taxonomy":"product_brand","embeddable":true,"href":"https:\/\/www.soanam.de\/pl\/wp-json\/wp\/v2\/product_brand?post=81906"},{"taxonomy":"product_cat","embeddable":true,"href":"https:\/\/www.soanam.de\/pl\/wp-json\/wp\/v2\/product_cat?post=81906"},{"taxonomy":"product_tag","embeddable":true,"href":"https:\/\/www.soanam.de\/pl\/wp-json\/wp\/v2\/product_tag?post=81906"}],"curies":[{"name":"wp","href":"https:\/\/api.w.org\/{rel}","templated":true}]}}