{"id":81889,"date":"2023-12-14T02:08:01","date_gmt":"2023-12-14T01:08:01","guid":{"rendered":"https:\/\/www.soanam.de\/?post_type=product&#038;p=81889"},"modified":"2023-12-14T02:09:55","modified_gmt":"2023-12-14T01:09:55","slug":"only-onlmelton-sweter-z-dekoltem-w-szpic-z-welny-bialy-rozmiar-xl","status":"publish","type":"product","link":"https:\/\/www.soanam.de\/pl\/produkt\/only-v-ausschnitt-pullover-onlmelton-in-wollweiss-groesse-xl\/","title":{"rendered":"Only V-Ausschnitt-Pullover ONLMELTON, in Wollwei\u00df, Gr\u00f6\u00dfe XL"},"content":{"rendered":"<p>Traumhaft weicher Pullover von ONLY<br \/>\nV-Ausschnitt vorn und hinten<br \/>\nL\u00e4ssig weit geschnitten<br \/>\nPodci\u0119te ramiona<br \/>\nPflegeleichte Grobstrickqualit\u00e4t<\/p>\n<p>Der pflegeleichte Pulli von Only setzt auf eine grob gestrickte Qualit\u00e4t und extrabreite Rippb\u00fcndchen am Saum, an den \u00c4rmelenden und am Ausschnitt.<br \/>\nDer V-Ausschnitt verziert nicht nur die Vorderseite des Strickpullovers sondern auch die R\u00fcckseite.<br \/>\nDie Schultern sind l\u00e4ssig \u00fcberschnitten.<\/p>\n<p>Material: 50% Polyacryl, 50% Polyester<br \/>\nWskaz\u00f3wki dotycz\u0105ce piel\u0119gnacji: Delikatne pranie<\/p>\n<p>Farbe: wollwei\u00df<br \/>\nWz\u00f3r: bez<br \/>\nRozmiar: XL<\/p>\n<p>Szeroko\u015b\u0107 ramion: 62 cm<br \/>\nSzeroko\u015b\u0107 klatki piersiowej: 124 cm<br \/>\nD\u0142ugo\u015b\u0107 r\u0119kawa: 50 cm<br \/>\nCa\u0142kowita d\u0142ugo\u015b\u0107: 62 cm<\/p>","protected":false},"excerpt":{"rendered":"<table class=\"dv_characteristicsTable\">\n<tbody>\n<tr>\n<td class=\"left\">Rozmiar<\/td>\n<td>XL<\/td>\n<\/tr>\n<tr>\n<td class=\"left\">Gr\u00f6\u00dfentyp<\/td>\n<td>Normalgr\u00f6\u00dfen<\/td>\n<\/tr>\n<tr>\n<td class=\"left\">Sk\u0142ad materia\u0142u<\/td>\n<td>Obermaterial: 50% Polyacryl, 50% Polyester<\/td>\n<\/tr>\n<tr>\n<td class=\"left\">Materialart<\/td>\n<td>Grobstrick<\/td>\n<\/tr>\n<tr>\n<td class=\"left\">Materialeigenschaften<\/td>\n<td>elastisch<\/td>\n<\/tr>\n<tr>\n<td class=\"left\">Instrukcje dotycz\u0105ce piel\u0119gnacji<\/td>\n<td>Schonw\u00e4sche<\/td>\n<\/tr>\n<tr>\n<td class=\"left\">Stil<\/td>\n<td>casual<\/td>\n<\/tr>\n<tr>\n<td class=\"left\">Kolor<\/td>\n<td>wollwei\u00df<\/td>\n<\/tr>\n<tr>\n<td class=\"left\">Ausschnitt<\/td>\n<td>Dekolt w szpic<\/td>\n<\/tr>\n<tr>\n<td class=\"left\">\u00c4rmel<\/td>\n<td>D\u0142ugi r\u0119kaw<\/td>\n<\/tr>\n<tr>\n<td class=\"left\">Dopasowanie<\/td>\n<td>l\u00e4ssig geschnitten<\/td>\n<\/tr>\n<tr>\n<td class=\"left\">Schnittform L\u00e4nge<\/td>\n<td>h\u00fcftlang<\/td>\n<\/tr>\n<\/tbody>\n<\/table>","protected":false},"featured_media":81982,"comment_status":"open","ping_status":"closed","template":"","meta":{"_seopress_robots_primary_cat":"","_seopress_titles_title":"","_seopress_titles_desc":"","_seopress_robots_index":""},"product_brand":[],"product_cat":[1348,1456,1465],"product_tag":[],"class_list":{"0":"post-81889","1":"product","2":"type-product","3":"status-publish","4":"has-post-thumbnail","6":"product_cat-damen-mode","7":"product_cat-pullover-sweater","8":"product_cat-strickpullover","9":"product_shipping_class-standard-versand","11":"first","12":"instock","13":"taxable","14":"shipping-taxable","15":"purchasable","16":"product-type-simple"},"_links":{"self":[{"href":"https:\/\/www.soanam.de\/pl\/wp-json\/wp\/v2\/product\/81889","targetHints":{"allow":["GET"]}}],"collection":[{"href":"https:\/\/www.soanam.de\/pl\/wp-json\/wp\/v2\/product"}],"about":[{"href":"https:\/\/www.soanam.de\/pl\/wp-json\/wp\/v2\/types\/product"}],"replies":[{"embeddable":true,"href":"https:\/\/www.soanam.de\/pl\/wp-json\/wp\/v2\/comments?post=81889"}],"wp:featuredmedia":[{"embeddable":true,"href":"https:\/\/www.soanam.de\/pl\/wp-json\/wp\/v2\/media\/81982"}],"wp:attachment":[{"href":"https:\/\/www.soanam.de\/pl\/wp-json\/wp\/v2\/media?parent=81889"}],"wp:term":[{"taxonomy":"product_brand","embeddable":true,"href":"https:\/\/www.soanam.de\/pl\/wp-json\/wp\/v2\/product_brand?post=81889"},{"taxonomy":"product_cat","embeddable":true,"href":"https:\/\/www.soanam.de\/pl\/wp-json\/wp\/v2\/product_cat?post=81889"},{"taxonomy":"product_tag","embeddable":true,"href":"https:\/\/www.soanam.de\/pl\/wp-json\/wp\/v2\/product_tag?post=81889"}],"curies":[{"name":"wp","href":"https:\/\/api.w.org\/{rel}","templated":true}]}}