{"id":81888,"date":"2023-12-14T02:08:00","date_gmt":"2023-12-14T01:08:00","guid":{"rendered":"https:\/\/www.soanam.de\/?post_type=product&#038;p=81888"},"modified":"2023-12-14T02:09:51","modified_gmt":"2023-12-14T01:09:51","slug":"vero-moda-sweter-z-okraglym-dekoltem-vmdoffy-in-north-atlantic-rozmiar-m","status":"publish","type":"product","link":"https:\/\/www.soanam.de\/pl\/produkt\/vero-moda-rundhalspullover-vmdoffy-in-north-atlantic-groesse-m\/","title":{"rendered":"Sweter z okr\u0105g\u0142ym dekoltem Vero Moda VMDOFFY, w kolorze North Atlantic, rozmiar M"},"content":{"rendered":"<p>Sweter basic od VERO MODA<br \/>\nDopasowany kr\u00f3j<br \/>\nPrzytulna jako\u015b\u0107 z efektem melan\u017cu<br \/>\nWykonana z \u0142atwej w piel\u0119gnacji dzianiny ze stretchem<\/p>\n<p>Klasyczna dzianina z okr\u0105g\u0142ym dekoltem i pr\u0105\u017ckowanymi mankietami, ten sweter od Vero Moda jest ponadczasowy i wszechstronny.<br \/>\nLekko rozci\u0105gliwa mieszanka materia\u0142u ma atrakcyjny c\u0119tkowany wygl\u0105d, kt\u00f3ry r\u00f3wnie\u017c podkre\u015bla jej przytulny charakter.<\/p>\n<p>Materia\u0142: poliester 52%, poliester 42%, elastan 3%, nylon 3%<br \/>\nWskaz\u00f3wki dotycz\u0105ce piel\u0119gnacji: Delikatne pranie<\/p>\n<p>Kolor: p\u00f3\u0142nocny atlantyk<br \/>\nWz\u00f3r: bez<br \/>\nRozmiar: M<\/p>\n<p>Szeroko\u015b\u0107 ramion: 44 cm<br \/>\nSzeroko\u015b\u0107 klatki piersiowej: 89 cm<br \/>\nD\u0142ugo\u015b\u0107 r\u0119kawa: 68 cm<br \/>\nCa\u0142kowita d\u0142ugo\u015b\u0107: 60 cm<\/p>","protected":false},"excerpt":{"rendered":"<table class=\"dv_characteristicsTable\">\n<tbody>\n<tr>\n<td class=\"left\">Rozmiar<\/td>\n<td>M<\/td>\n<\/tr>\n<tr>\n<td class=\"left\">Gr\u00f6\u00dfentyp<\/td>\n<td>Normalgr\u00f6\u00dfen<\/td>\n<\/tr>\n<tr>\n<td class=\"left\">Sk\u0142ad materia\u0142u<\/td>\n<td>Obermaterial: 52% Polyester\u00a0, 42% Polyester, 3% Elasthan, 3% Nylon<\/td>\n<\/tr>\n<tr>\n<td class=\"left\">Materialart<\/td>\n<td>Strick<\/td>\n<\/tr>\n<tr>\n<td class=\"left\">Materialeigenschaften<\/td>\n<td>Stretch<\/td>\n<\/tr>\n<tr>\n<td class=\"left\">Instrukcje dotycz\u0105ce piel\u0119gnacji<\/td>\n<td>Pranie w pralce<\/td>\n<\/tr>\n<tr>\n<td class=\"left\">Optik<\/td>\n<td>meliert<\/td>\n<\/tr>\n<tr>\n<td class=\"left\">Stil<\/td>\n<td>Basic<\/td>\n<\/tr>\n<tr>\n<td class=\"left\">Kolor<\/td>\n<td>north atlantic<\/td>\n<\/tr>\n<tr>\n<td class=\"left\">Ausschnitt<\/td>\n<td>Rundhals<\/td>\n<\/tr>\n<tr>\n<td class=\"left\">Ausschnittdetails<\/td>\n<td>Pr\u0105\u017ckowane mankiety<\/td>\n<\/tr>\n<tr>\n<td class=\"left\">\u00c4rmel<\/td>\n<td>D\u0142ugi r\u0119kaw<\/td>\n<\/tr>\n<tr>\n<td class=\"left\">\u00c4rmeldetails<\/td>\n<td>Raglanowe r\u0119kawy<\/td>\n<\/tr>\n<tr>\n<td class=\"left\">\u00c4rmelabschluss<\/td>\n<td>Rippstrickb\u00fcndchen<\/td>\n<\/tr>\n<tr>\n<td class=\"left\">Rumpfabschluss<\/td>\n<td>Pr\u0105\u017ckowane mankiety<\/td>\n<\/tr>\n<tr>\n<td class=\"left\">Dopasowanie<\/td>\n<td>figurumspielend<\/td>\n<\/tr>\n<tr>\n<td class=\"left\">Schnittform L\u00e4nge<\/td>\n<td>h\u00fcftlang<\/td>\n<\/tr>\n<tr>\n<td class=\"left\">Besondere Merkmale<\/td>\n<td>in melierter Optik<\/td>\n<\/tr>\n<\/tbody>\n<\/table>","protected":false},"featured_media":81979,"comment_status":"open","ping_status":"closed","template":"","meta":{"_seopress_robots_primary_cat":"","_seopress_titles_title":"","_seopress_titles_desc":"","_seopress_robots_index":""},"product_brand":[],"product_cat":[1348,1456,1465],"product_tag":[],"class_list":{"0":"post-81888","1":"product","2":"type-product","3":"status-publish","4":"has-post-thumbnail","6":"product_cat-damen-mode","7":"product_cat-pullover-sweater","8":"product_cat-strickpullover","9":"product_shipping_class-standard-versand","11":"first","12":"instock","13":"sale","14":"taxable","15":"shipping-taxable","16":"purchasable","17":"product-type-simple"},"_links":{"self":[{"href":"https:\/\/www.soanam.de\/pl\/wp-json\/wp\/v2\/product\/81888","targetHints":{"allow":["GET"]}}],"collection":[{"href":"https:\/\/www.soanam.de\/pl\/wp-json\/wp\/v2\/product"}],"about":[{"href":"https:\/\/www.soanam.de\/pl\/wp-json\/wp\/v2\/types\/product"}],"replies":[{"embeddable":true,"href":"https:\/\/www.soanam.de\/pl\/wp-json\/wp\/v2\/comments?post=81888"}],"wp:featuredmedia":[{"embeddable":true,"href":"https:\/\/www.soanam.de\/pl\/wp-json\/wp\/v2\/media\/81979"}],"wp:attachment":[{"href":"https:\/\/www.soanam.de\/pl\/wp-json\/wp\/v2\/media?parent=81888"}],"wp:term":[{"taxonomy":"product_brand","embeddable":true,"href":"https:\/\/www.soanam.de\/pl\/wp-json\/wp\/v2\/product_brand?post=81888"},{"taxonomy":"product_cat","embeddable":true,"href":"https:\/\/www.soanam.de\/pl\/wp-json\/wp\/v2\/product_cat?post=81888"},{"taxonomy":"product_tag","embeddable":true,"href":"https:\/\/www.soanam.de\/pl\/wp-json\/wp\/v2\/product_tag?post=81888"}],"curies":[{"name":"wp","href":"https:\/\/api.w.org\/{rel}","templated":true}]}}