{"id":81886,"date":"2023-12-14T02:08:00","date_gmt":"2023-12-14T01:08:00","guid":{"rendered":"https:\/\/www.soanam.de\/?post_type=product&#038;p=81886"},"modified":"2023-12-14T02:09:43","modified_gmt":"2023-12-14T01:09:43","slug":"sweter-z-kapturem-z-cienkiej-dzianiny-w-kolorze-rozowym-rozmiar-32-34","status":"publish","type":"product","link":"https:\/\/www.soanam.de\/pl\/produkt\/bench-kapuzenpullover-aus-feinstrick-in-rosa-groesse-32-34\/","title":{"rendered":"Bench. Sweter z kapturem z cienkiej dzianiny, r\u00f3\u017cowy, rozmiar 32\/34"},"content":{"rendered":"<p>Sweter z mi\u0119kkiej, cienkiej dzianiny od Bench<br \/>\nZ du\u017cym kapturem<br \/>\nDu\u017cy wz\u00f3r gwiazdy z przodu i z ty\u0142u<br \/>\nMankiety na r\u0119kawach<br \/>\nWygodna mieszanka bawe\u0142ny<\/p>\n<p>Swobodny sweter z cienkiej dzianiny marki Bench jest jednocze\u015bnie swobodny i kobiecy.<br \/>\nDu\u017ca gwiazda biegn\u0105ca przez prz\u00f3d i ty\u0142 jest szczeg\u00f3lnie przyci\u0105gaj\u0105ca wzrok, a kaptur r\u00f3wnie\u017c naprawd\u0119 prze\u0142amuje wygl\u0105d.<br \/>\nMankiety u do\u0142u i na r\u0119kawach s\u0105 wygodne w noszeniu.<\/p>\n<p>Materia\u0142: bawe\u0142na 60%, poliamid 30%, we\u0142na 10%<br \/>\nWskaz\u00f3wki dotycz\u0105ce piel\u0119gnacji: Delikatne pranie<\/p>\n<p>Kolor: r\u00f3\u017cowy<br \/>\nWz\u00f3r: Gwiazda<br \/>\nRozmiar: 32\/34<\/p>\n<p>Szeroko\u015b\u0107 ramion: 50 cm<br \/>\nSzeroko\u015b\u0107 klatki piersiowej: 94 cm<br \/>\nD\u0142ugo\u015b\u0107 r\u0119kawa: 50 cm<br \/>\nCa\u0142kowita d\u0142ugo\u015b\u0107: 65 cm<\/p>","protected":false},"excerpt":{"rendered":"<table class=\"dv_characteristicsTable\">\n<tbody>\n<tr>\n<td class=\"left\">Rozmiar<\/td>\n<td>32\/34 (XS)<\/td>\n<\/tr>\n<tr>\n<td class=\"left\">Gr\u00f6\u00dfentyp<\/td>\n<td>Normalgr\u00f6\u00dfen<\/td>\n<\/tr>\n<tr>\n<td class=\"left\">Sk\u0142ad materia\u0142u<\/td>\n<td>60% Baumwolle, 30% Polyamid, 10% Wolle<\/td>\n<\/tr>\n<tr>\n<td class=\"left\">Materialart<\/td>\n<td>Feinstrick<\/td>\n<\/tr>\n<tr>\n<td class=\"left\">Materialeigenschaften<\/td>\n<td>elastisch<\/td>\n<\/tr>\n<tr>\n<td class=\"left\">Instrukcje dotycz\u0105ce piel\u0119gnacji<\/td>\n<td>Schonw\u00e4sche<\/td>\n<\/tr>\n<tr>\n<td class=\"left\">Optik<\/td>\n<td>casual<\/td>\n<\/tr>\n<tr>\n<td class=\"left\">Stil<\/td>\n<td>modisch<\/td>\n<\/tr>\n<tr>\n<td class=\"left\">Kolor<\/td>\n<td>rosa<\/td>\n<\/tr>\n<tr>\n<td class=\"left\">Ausschnitt<\/td>\n<td>Kaptur<\/td>\n<\/tr>\n<tr>\n<td class=\"left\">Ausschnittdetails<\/td>\n<td>Tunnelzug<\/td>\n<\/tr>\n<tr>\n<td class=\"left\">\u00c4rmel<\/td>\n<td>D\u0142ugi r\u0119kaw<\/td>\n<\/tr>\n<tr>\n<td class=\"left\">\u00c4rmelabschluss<\/td>\n<td>Pr\u0105\u017ckowane mankiety<\/td>\n<\/tr>\n<tr>\n<td class=\"left\">Rumpfabschluss<\/td>\n<td>Pr\u0105\u017ckowane mankiety<\/td>\n<\/tr>\n<tr>\n<td class=\"left\">Dopasowanie<\/td>\n<td>locker<\/td>\n<\/tr>\n<tr>\n<td class=\"left\">Applikationen<\/td>\n<td>ohne<\/td>\n<\/tr>\n<tr>\n<td class=\"left\">Besondere Merkmale<\/td>\n<td>mit Sternenmuster<\/td>\n<\/tr>\n<\/tbody>\n<\/table>","protected":false},"featured_media":81968,"comment_status":"open","ping_status":"closed","template":"","meta":{"_seopress_robots_primary_cat":"","_seopress_titles_title":"","_seopress_titles_desc":"","_seopress_robots_index":""},"product_brand":[],"product_cat":[1348,1456,1465],"product_tag":[],"class_list":{"0":"post-81886","1":"product","2":"type-product","3":"status-publish","4":"has-post-thumbnail","6":"product_cat-damen-mode","7":"product_cat-pullover-sweater","8":"product_cat-strickpullover","9":"product_shipping_class-standard-versand","11":"first","12":"instock","13":"taxable","14":"shipping-taxable","15":"purchasable","16":"product-type-simple"},"_links":{"self":[{"href":"https:\/\/www.soanam.de\/pl\/wp-json\/wp\/v2\/product\/81886","targetHints":{"allow":["GET"]}}],"collection":[{"href":"https:\/\/www.soanam.de\/pl\/wp-json\/wp\/v2\/product"}],"about":[{"href":"https:\/\/www.soanam.de\/pl\/wp-json\/wp\/v2\/types\/product"}],"replies":[{"embeddable":true,"href":"https:\/\/www.soanam.de\/pl\/wp-json\/wp\/v2\/comments?post=81886"}],"wp:featuredmedia":[{"embeddable":true,"href":"https:\/\/www.soanam.de\/pl\/wp-json\/wp\/v2\/media\/81968"}],"wp:attachment":[{"href":"https:\/\/www.soanam.de\/pl\/wp-json\/wp\/v2\/media?parent=81886"}],"wp:term":[{"taxonomy":"product_brand","embeddable":true,"href":"https:\/\/www.soanam.de\/pl\/wp-json\/wp\/v2\/product_brand?post=81886"},{"taxonomy":"product_cat","embeddable":true,"href":"https:\/\/www.soanam.de\/pl\/wp-json\/wp\/v2\/product_cat?post=81886"},{"taxonomy":"product_tag","embeddable":true,"href":"https:\/\/www.soanam.de\/pl\/wp-json\/wp\/v2\/product_tag?post=81886"}],"curies":[{"name":"wp","href":"https:\/\/api.w.org\/{rel}","templated":true}]}}