{"id":81869,"date":"2023-12-14T02:07:37","date_gmt":"2023-12-14T01:07:37","guid":{"rendered":"https:\/\/www.soanam.de\/?post_type=product&#038;p=81869"},"modified":"2023-12-14T02:09:34","modified_gmt":"2023-12-14T01:09:34","slug":"krotki-sweter-z-kontrastowymi-paskami-w-kolorze-przydymionego-rozu-rozmiar-36-38","status":"publish","type":"product","link":"https:\/\/www.soanam.de\/pl\/produkt\/bench-kurzer-sweater-mit-kontraststreifen-in-rauchrosa-groesse-36-38\/","title":{"rendered":"Bench. kr\u00f3tki sweter w kontrastowe paski, przydymiony r\u00f3\u017c, rozmiar 36\/38"},"content":{"rendered":"<p>Wygodny kr\u00f3tki sweter Bench<br \/>\nZ du\u017cym nadrukiem logo z przodu<br \/>\nRaglanowe r\u0119kawy z kontrastowymi paskami wzd\u0142u\u017c ramion i r\u0119kaw\u00f3w<br \/>\nMankiety na r\u0119kawach<br \/>\nWygodna mieszanka bawe\u0142ny<\/p>\n<p>Ta swobodna bluza marki Bench \u0142\u0105czy modny kr\u00f3j z ciekawym designem.<br \/>\nNadruk z logo z przodu po bokach pi\u0119knie ustawia scen\u0119, a wraz z paskami na raglanowych r\u0119kawach tworzy \u0142adny kontrast z reszt\u0105 kolorowego wzoru.<br \/>\nMi\u0119kka mieszanka bawe\u0142ny r\u00f3wnie\u017c przyczynia si\u0119 do tego, \u017ce bluzka jest wygodnym dodatkiem do stroju rekreacyjnego.<\/p>\n<p>Materia\u0142: bawe\u0142na 65%, poliester 35%<br \/>\nWskaz\u00f3wki dotycz\u0105ce piel\u0119gnacji: Pra\u0107 w pralce<\/p>\n<p>Kolor: przydymiony r\u00f3\u017c<br \/>\nWz\u00f3r: kontrastowe paski<br \/>\nRozmiar: 36\/38<\/p>\n<p>Szeroko\u015b\u0107 ramion: 43 cm<br \/>\nSzeroko\u015b\u0107 klatki piersiowej: 102 cm<br \/>\nD\u0142ugo\u015b\u0107 r\u0119kawa: 69 cm<br \/>\nCa\u0142kowita d\u0142ugo\u015b\u0107: 57 cm<\/p>","protected":false},"excerpt":{"rendered":"<table class=\"dv_characteristicsTable\">\n<tbody>\n<tr>\n<td class=\"left\">Rozmiar<\/td>\n<td>36\/38<\/td>\n<\/tr>\n<tr>\n<td class=\"left\">Gr\u00f6\u00dfentyp<\/td>\n<td>Normalgr\u00f6\u00dfen<\/td>\n<\/tr>\n<tr>\n<td class=\"left\">Sk\u0142ad materia\u0142u<\/td>\n<td>Obermaterial: 65% Baumwolle\u00a0, 35% Polyester<\/td>\n<\/tr>\n<tr>\n<td class=\"left\">Instrukcje dotycz\u0105ce piel\u0119gnacji<\/td>\n<td>Pranie w pralce<\/td>\n<\/tr>\n<tr>\n<td class=\"left\">Optik<\/td>\n<td>bedruckt, kontrastfarbene Details<\/td>\n<\/tr>\n<tr>\n<td class=\"left\">Stil<\/td>\n<td>casual<\/td>\n<\/tr>\n<tr>\n<td class=\"left\">Kolor<\/td>\n<td>przydymiony r\u00f3\u017c<\/td>\n<\/tr>\n<tr>\n<td class=\"left\">Applikationen<\/td>\n<td>Logodruck, Kontrastbesatz<\/td>\n<\/tr>\n<tr>\n<td class=\"left\">Besondere Merkmale<\/td>\n<td>kurze Form mit Kontraststreifen<\/td>\n<\/tr>\n<tr>\n<td class=\"left\">Ausschnitt<\/td>\n<td>Rundhals<\/td>\n<\/tr>\n<tr>\n<td class=\"left\">\u00c4rmel<\/td>\n<td>D\u0142ugi r\u0119kaw<\/td>\n<\/tr>\n<tr>\n<td class=\"left\">\u00c4rmeldetails<\/td>\n<td>Raglanowe r\u0119kawy<\/td>\n<\/tr>\n<tr>\n<td class=\"left\">\u00c4rmelabschluss<\/td>\n<td>B\u00fcndchen<\/td>\n<\/tr>\n<tr>\n<td class=\"left\">Rumpfabschluss<\/td>\n<td>normaler Saum<\/td>\n<\/tr>\n<tr>\n<td class=\"left\">Dopasowanie<\/td>\n<td>bequem<\/td>\n<\/tr>\n<\/tbody>\n<\/table>","protected":false},"featured_media":81965,"comment_status":"open","ping_status":"closed","template":"","meta":{"_seopress_robots_primary_cat":"","_seopress_titles_title":"","_seopress_titles_desc":"","_seopress_robots_index":""},"product_brand":[],"product_cat":[1348,1456,1577],"product_tag":[],"class_list":{"0":"post-81869","1":"product","2":"type-product","3":"status-publish","4":"has-post-thumbnail","6":"product_cat-damen-mode","7":"product_cat-pullover-sweater","8":"product_cat-sweatshirts","9":"product_shipping_class-standard-versand","11":"first","12":"instock","13":"taxable","14":"shipping-taxable","15":"purchasable","16":"product-type-simple"},"_links":{"self":[{"href":"https:\/\/www.soanam.de\/pl\/wp-json\/wp\/v2\/product\/81869","targetHints":{"allow":["GET"]}}],"collection":[{"href":"https:\/\/www.soanam.de\/pl\/wp-json\/wp\/v2\/product"}],"about":[{"href":"https:\/\/www.soanam.de\/pl\/wp-json\/wp\/v2\/types\/product"}],"replies":[{"embeddable":true,"href":"https:\/\/www.soanam.de\/pl\/wp-json\/wp\/v2\/comments?post=81869"}],"wp:featuredmedia":[{"embeddable":true,"href":"https:\/\/www.soanam.de\/pl\/wp-json\/wp\/v2\/media\/81965"}],"wp:attachment":[{"href":"https:\/\/www.soanam.de\/pl\/wp-json\/wp\/v2\/media?parent=81869"}],"wp:term":[{"taxonomy":"product_brand","embeddable":true,"href":"https:\/\/www.soanam.de\/pl\/wp-json\/wp\/v2\/product_brand?post=81869"},{"taxonomy":"product_cat","embeddable":true,"href":"https:\/\/www.soanam.de\/pl\/wp-json\/wp\/v2\/product_cat?post=81869"},{"taxonomy":"product_tag","embeddable":true,"href":"https:\/\/www.soanam.de\/pl\/wp-json\/wp\/v2\/product_tag?post=81869"}],"curies":[{"name":"wp","href":"https:\/\/api.w.org\/{rel}","templated":true}]}}