{"id":81847,"date":"2023-12-14T02:07:11","date_gmt":"2023-12-14T01:07:11","guid":{"rendered":"https:\/\/www.soanam.de\/?post_type=product&#038;p=81847"},"modified":"2023-12-14T02:09:11","modified_gmt":"2023-12-14T01:09:11","slug":"laura-scott-dlugi-sweter-z-bocznymi-rozcieciami-w-kolorze-jasnoniebieskim-rozmiar-34","status":"publish","type":"product","link":"https:\/\/www.soanam.de\/pl\/produkt\/laura-scott-longpullover-mit-seitenschlitzen-in-light-blue-groesse-34\/","title":{"rendered":"D\u0142ugi sweter Laura Scott z rozci\u0119ciami po bokach, jasnoniebieski, rozmiar 34"},"content":{"rendered":"<p>Sch\u00f6ner Feinstrickpullover mit 3\/4 Arm<br \/>\nL\u00e4ssige gerade Form<br \/>\nGerader Schnitt mit zwei Seitenschlitzen<br \/>\nBasic in Longform<br \/>\nAngenehm, weiche Viskosemischung<\/p>\n<p>Die gerade Passform mit weitem Rundhalsausschnitt und tief angesetzten 3\/4-\u00c4rmeln f\u00e4llt dank der weichen Feinstrickqualit\u00e4t besonders leger. Seitliche Schlitze verleihen dem Strickpullover von Laura Scott eine komfortable Bewegungsfreiheit.<\/p>\n<p>Materia\u0142: wiskoza 70%, poliamid 30%<br \/>\nWskaz\u00f3wki dotycz\u0105ce piel\u0119gnacji: Pra\u0107 w pralce<\/p>\n<p>Farbe: lightblue<br \/>\nWz\u00f3r: bez<br \/>\nRozmiar: 34<\/p>\n<p>Schulterbreite: 51cm<br \/>\nSzeroko\u015b\u0107 klatki piersiowej: 101 cm<br \/>\n\u00c4rmell\u00e4nge: 34cm<br \/>\nCa\u0142kowita d\u0142ugo\u015b\u0107: 73 cm<\/p>","protected":false},"excerpt":{"rendered":"<table class=\"dv_characteristicsTable\">\n<tbody>\n<tr>\n<td class=\"left\">Rozmiar<\/td>\n<td>34<\/td>\n<\/tr>\n<tr>\n<td class=\"left\">Gr\u00f6\u00dfentyp<\/td>\n<td>Normalgr\u00f6\u00dfen<\/td>\n<\/tr>\n<tr>\n<td class=\"left\">Sk\u0142ad materia\u0142u<\/td>\n<td>Obermaterial: 70% Viskose, 30% Polyamid<\/td>\n<\/tr>\n<tr>\n<td class=\"left\">Materialart<\/td>\n<td>Feinstrick<\/td>\n<\/tr>\n<tr>\n<td class=\"left\">Materialeigenschaften<\/td>\n<td>elastisch<\/td>\n<\/tr>\n<tr>\n<td class=\"left\">Instrukcje dotycz\u0105ce piel\u0119gnacji<\/td>\n<td>Pranie w pralce<\/td>\n<\/tr>\n<tr>\n<td class=\"left\">Optik<\/td>\n<td>unifarben<\/td>\n<\/tr>\n<tr>\n<td class=\"left\">Stil<\/td>\n<td>casual<\/td>\n<\/tr>\n<tr>\n<td class=\"left\">Kolor<\/td>\n<td>hellgrau-melange<\/td>\n<\/tr>\n<tr>\n<td class=\"left\">Ausschnitt<\/td>\n<td>Rundhals<\/td>\n<\/tr>\n<tr>\n<td class=\"left\">\u00c4rmel<\/td>\n<td>R\u0119kawy 3\/4<\/td>\n<\/tr>\n<tr>\n<td class=\"left\">Rumpfabschlussdetails<\/td>\n<td>mit Schlitz<\/td>\n<\/tr>\n<tr>\n<td class=\"left\">Dopasowanie<\/td>\n<td>l\u00e4ssig geschnitten<\/td>\n<\/tr>\n<tr>\n<td class=\"left\">Schnittform L\u00e4nge<\/td>\n<td>lang<\/td>\n<\/tr>\n<tr>\n<td class=\"left\">Besondere Merkmale<\/td>\n<td>mit Seitenschlitzen<\/td>\n<\/tr>\n<\/tbody>\n<\/table>","protected":false},"featured_media":81945,"comment_status":"open","ping_status":"closed","template":"","meta":{"_seopress_robots_primary_cat":"","_seopress_titles_title":"","_seopress_titles_desc":"","_seopress_robots_index":""},"product_brand":[],"product_cat":[1348,1456,1465],"product_tag":[],"class_list":{"0":"post-81847","1":"product","2":"type-product","3":"status-publish","4":"has-post-thumbnail","6":"product_cat-damen-mode","7":"product_cat-pullover-sweater","8":"product_cat-strickpullover","9":"product_shipping_class-standard-versand","11":"first","12":"instock","13":"taxable","14":"shipping-taxable","15":"purchasable","16":"product-type-simple"},"_links":{"self":[{"href":"https:\/\/www.soanam.de\/pl\/wp-json\/wp\/v2\/product\/81847","targetHints":{"allow":["GET"]}}],"collection":[{"href":"https:\/\/www.soanam.de\/pl\/wp-json\/wp\/v2\/product"}],"about":[{"href":"https:\/\/www.soanam.de\/pl\/wp-json\/wp\/v2\/types\/product"}],"replies":[{"embeddable":true,"href":"https:\/\/www.soanam.de\/pl\/wp-json\/wp\/v2\/comments?post=81847"}],"wp:featuredmedia":[{"embeddable":true,"href":"https:\/\/www.soanam.de\/pl\/wp-json\/wp\/v2\/media\/81945"}],"wp:attachment":[{"href":"https:\/\/www.soanam.de\/pl\/wp-json\/wp\/v2\/media?parent=81847"}],"wp:term":[{"taxonomy":"product_brand","embeddable":true,"href":"https:\/\/www.soanam.de\/pl\/wp-json\/wp\/v2\/product_brand?post=81847"},{"taxonomy":"product_cat","embeddable":true,"href":"https:\/\/www.soanam.de\/pl\/wp-json\/wp\/v2\/product_cat?post=81847"},{"taxonomy":"product_tag","embeddable":true,"href":"https:\/\/www.soanam.de\/pl\/wp-json\/wp\/v2\/product_tag?post=81847"}],"curies":[{"name":"wp","href":"https:\/\/api.w.org\/{rel}","templated":true}]}}