{"id":81845,"date":"2023-12-14T02:07:10","date_gmt":"2023-12-14T01:07:10","guid":{"rendered":"https:\/\/www.soanam.de\/?post_type=product&#038;p=81845"},"modified":"2023-12-14T02:09:04","modified_gmt":"2023-12-14T01:09:04","slug":"bruno-banani-rundhalspullover-in-streifenoptik-in-schwarz-groesse-60-62","status":"publish","type":"product","link":"https:\/\/www.soanam.de\/pl\/produkt\/bruno-banani-rundhalspullover-in-streifenoptik-in-schwarz-groesse-60-62\/","title":{"rendered":"Sweter z okr\u0105g\u0142ym dekoltem w paski Bruno Banani, czarny, rozmiar 60\/62"},"content":{"rendered":"<p>Rundhalspullover von Bruno Banani<br \/>\nMit Markenlabel<br \/>\nSlim-fit\/w\u0105ski kszta\u0142t<br \/>\nTon-in-Ton erhabene Streifen<br \/>\nTolles Basic-Teil mit dem besonderen Etwas<br \/>\nAus angenehmen Materialmix<\/p>\n<p>Der Pullover von Bruno Banani kommt in dezentem Ton-in-Ton-Streifenmuster, das dem Pulli das gewisse Etwas verleiht, dazu kommt ein kleines Labeldetail am Saum.<br \/>\nMit seiner schmalen Passform sitzt der Basic-Pullover sch\u00f6n auf Figur, ein klassischer Rundhalsausschnitt rundet den Look dabei perfekt ab.<\/p>\n<p>Material: 70% Baumwolle , 30% Polyamid<br \/>\nWskaz\u00f3wki dotycz\u0105ce piel\u0119gnacji: Pra\u0107 w pralce<\/p>\n<p>Kolor: czarny<br \/>\nMuster: Ton-in-Ton-Streifenmuster<br \/>\nRozmiar: 60\/62<\/p>\n<p>Szeroko\u015b\u0107 ramion: 52 cm<br \/>\nSzeroko\u015b\u0107 klatki piersiowej: 124 cm<br \/>\nD\u0142ugo\u015b\u0107 r\u0119kawa: 65 cm<br \/>\nCa\u0142kowita d\u0142ugo\u015b\u0107: 78 cm<\/p>","protected":false},"excerpt":{"rendered":"<table class=\"dv_characteristicsTable\">\n<tbody>\n<tr>\n<td class=\"left\">Rozmiar<\/td>\n<td>XXL (60\/62)<\/td>\n<\/tr>\n<tr>\n<td class=\"left\">Gr\u00f6\u00dfentyp<\/td>\n<td>Normalgr\u00f6\u00dfen<\/td>\n<\/tr>\n<tr>\n<td class=\"left\">Sk\u0142ad materia\u0142u<\/td>\n<td>Obermaterial: 70% Baumwolle\u00a0, 30% Polyamid<\/td>\n<\/tr>\n<tr>\n<td class=\"left\">Instrukcje dotycz\u0105ce piel\u0119gnacji<\/td>\n<td>Pranie w pralce<\/td>\n<\/tr>\n<tr>\n<td class=\"left\">Optik<\/td>\n<td>unifarben<\/td>\n<\/tr>\n<tr>\n<td class=\"left\">Stil<\/td>\n<td>modisch<\/td>\n<\/tr>\n<tr>\n<td class=\"left\">Kolor<\/td>\n<td>schwarz<\/td>\n<\/tr>\n<tr>\n<td class=\"left\">Ausschnitt<\/td>\n<td>Rundhals<\/td>\n<\/tr>\n<tr>\n<td class=\"left\">\u00c4rmel<\/td>\n<td>D\u0142ugi r\u0119kaw<\/td>\n<\/tr>\n<tr>\n<td class=\"left\">\u00c4rmelabschluss<\/td>\n<td>B\u00fcndchen<\/td>\n<\/tr>\n<tr>\n<td class=\"left\">Rumpfabschluss<\/td>\n<td>B\u00fcndchen<\/td>\n<\/tr>\n<tr>\n<td class=\"left\">Dopasowanie<\/td>\n<td>schmal<\/td>\n<\/tr>\n<tr>\n<td class=\"left\">Applikationen<\/td>\n<td>Markenlabel<\/td>\n<\/tr>\n<tr>\n<td class=\"left\">Besondere Merkmale<\/td>\n<td>in Streifenoptik<\/td>\n<\/tr>\n<\/tbody>\n<\/table>","protected":false},"featured_media":81938,"comment_status":"open","ping_status":"closed","template":"","meta":{"_seopress_robots_primary_cat":"","_seopress_titles_title":"","_seopress_titles_desc":"","_seopress_robots_index":""},"product_brand":[],"product_cat":[1345,1485,1644],"product_tag":[],"class_list":{"0":"post-81845","1":"product","2":"type-product","3":"status-publish","4":"has-post-thumbnail","6":"product_cat-herrenmode","7":"product_cat-pullover-sweater-herrenmode","8":"product_cat-strickpullover-pullover-sweater-herrenmode","9":"product_shipping_class-standard-versand","11":"first","12":"instock","13":"taxable","14":"shipping-taxable","15":"purchasable","16":"product-type-simple"},"_links":{"self":[{"href":"https:\/\/www.soanam.de\/pl\/wp-json\/wp\/v2\/product\/81845","targetHints":{"allow":["GET"]}}],"collection":[{"href":"https:\/\/www.soanam.de\/pl\/wp-json\/wp\/v2\/product"}],"about":[{"href":"https:\/\/www.soanam.de\/pl\/wp-json\/wp\/v2\/types\/product"}],"replies":[{"embeddable":true,"href":"https:\/\/www.soanam.de\/pl\/wp-json\/wp\/v2\/comments?post=81845"}],"wp:featuredmedia":[{"embeddable":true,"href":"https:\/\/www.soanam.de\/pl\/wp-json\/wp\/v2\/media\/81938"}],"wp:attachment":[{"href":"https:\/\/www.soanam.de\/pl\/wp-json\/wp\/v2\/media?parent=81845"}],"wp:term":[{"taxonomy":"product_brand","embeddable":true,"href":"https:\/\/www.soanam.de\/pl\/wp-json\/wp\/v2\/product_brand?post=81845"},{"taxonomy":"product_cat","embeddable":true,"href":"https:\/\/www.soanam.de\/pl\/wp-json\/wp\/v2\/product_cat?post=81845"},{"taxonomy":"product_tag","embeddable":true,"href":"https:\/\/www.soanam.de\/pl\/wp-json\/wp\/v2\/product_tag?post=81845"}],"curies":[{"name":"wp","href":"https:\/\/api.w.org\/{rel}","templated":true}]}}