{"id":81777,"date":"2023-12-14T02:05:52","date_gmt":"2023-12-14T01:05:52","guid":{"rendered":"https:\/\/www.soanam.de\/?post_type=product&#038;p=81777"},"modified":"2023-12-14T02:08:09","modified_gmt":"2023-12-14T01:08:09","slug":"h-i-s-bettwaesche-majoran-2-tlg-in-gruen-grau-155cm-x-220cm-80cm-x-80cm","status":"publish","type":"product","link":"https:\/\/www.soanam.de\/pl\/produkt\/h-i-s-bettwaesche-majoran-2-tlg-in-gruen-grau-155cm-x-220cm-80cm-x-80cm\/","title":{"rendered":"H.I.S. Bettw\u00e4sche Majoran, 2-tlg., in Gr\u00fcn-Grau, 155cm x 220cm \/ 80cm x 80cm"},"content":{"rendered":"<p>Bettw\u00e4sche im trendigen Streifen Design von H.I.S.<br \/>\nMit Knopfleiste versehen<br \/>\nWykonane z bawe\u0142ny 100%<br \/>\nTrocknergeeignet und maschinenwaschbar bis 60\u00b0C<\/p>\n<p>Mit ihrem trendigen Streifendekor in frischer wie stilsicherer Farbkonstellation bietet die Bettw\u00e4sche Majoran vom Label H.I.S. zahlreiche Kombinationsm\u00f6glichkeiten.<br \/>\nKissen- und Bettbezug sind aus hochwertiger Baumwolle gefertigt und vertrauensw\u00fcrdig nach \u00d6ko-Tex\u00ae Standard 100 zertifiziert.<\/p>\n<p>Materia\u0142: bawe\u0142na 100%<br \/>\nWskaz\u00f3wki dotycz\u0105ce piel\u0119gnacji: Pra\u0107 w pralce<\/p>\n<p>Farbe: gr\u00fcn-grau<br \/>\nWz\u00f3r: paski<br \/>\nDeckengr\u00f6\u00dfe: 1 St. x 155 cm x 220 cm<br \/>\nRozmiar poduszki: 1 szt. x 80 cm x 80 cm<\/p>","protected":false},"excerpt":{"rendered":"<table class=\"dv_characteristicsTable\">\n<tbody>\n<tr>\n<td class=\"left\">Anzahl Teile<\/td>\n<td>2 tlg.<\/td>\n<\/tr>\n<tr>\n<td class=\"left\">Anzahl Bettbez\u00fcge<\/td>\n<td>1 St.<\/td>\n<\/tr>\n<tr>\n<td class=\"left\">Anzahl Kissenbez\u00fcge<\/td>\n<td>1 St.<\/td>\n<\/tr>\n<\/tbody>\n<\/table>\n<table class=\"dv_characteristicsTable\">\n<tbody>\n<tr>\n<td class=\"left\">Breite Bettbezug<\/td>\n<td>155 cm<\/td>\n<\/tr>\n<tr>\n<td class=\"left\">L\u00e4nge Bettbezug<\/td>\n<td>220 cm<\/td>\n<\/tr>\n<tr>\n<td class=\"left\">Breite Kissenbezug<\/td>\n<td>80 cm<\/td>\n<\/tr>\n<tr>\n<td class=\"left\">L\u00e4nge Kissenbezug<\/td>\n<td>80 cm<\/td>\n<\/tr>\n<\/tbody>\n<\/table>\n<table class=\"dv_characteristicsTable\">\n<tbody>\n<tr>\n<td class=\"left\">Kolor<\/td>\n<td>gr\u00fcn-grau<\/td>\n<\/tr>\n<tr>\n<td class=\"left\">Optik Kissenbezug<\/td>\n<td>Streifen<\/td>\n<\/tr>\n<tr>\n<td class=\"left\">Optik Bettbezug<\/td>\n<td>Streifen<\/td>\n<\/tr>\n<\/tbody>\n<\/table>\n<table class=\"dv_characteristicsTable\">\n<tbody>\n<tr>\n<td class=\"left\">Verschluss Kissenbezug<\/td>\n<td>Kn\u00f6pfe<\/td>\n<\/tr>\n<tr>\n<td class=\"left\">Verschluss Bettbezug<\/td>\n<td>Kn\u00f6pfe<\/td>\n<\/tr>\n<\/tbody>\n<\/table>\n<table class=\"dv_characteristicsTable\">\n<tbody>\n<tr>\n<td class=\"left\">Materialart<\/td>\n<td>Linon<\/td>\n<\/tr>\n<tr>\n<td class=\"left\">Sk\u0142ad materia\u0142u<\/td>\n<td>100% Bawe\u0142na<\/td>\n<\/tr>\n<tr>\n<td class=\"left\">Fl\u00e4chengewicht<\/td>\n<td>98 g\/m\u00b2<\/td>\n<\/tr>\n<\/tbody>\n<\/table>\n<table class=\"dv_characteristicsTable\">\n<tbody>\n<tr>\n<td class=\"left\">Instrukcje dotycz\u0105ce piel\u0119gnacji<\/td>\n<td>60\u00b0C Maschinenw\u00e4sche<br \/>\ntrocknergeeignet<\/td>\n<\/tr>\n<\/tbody>\n<\/table>","protected":false},"featured_media":81894,"comment_status":"open","ping_status":"closed","template":"","meta":{"_seopress_robots_primary_cat":"","_seopress_titles_title":"","_seopress_titles_desc":"","_seopress_robots_index":""},"product_brand":[],"product_cat":[1400,1420],"product_tag":[],"class_list":{"0":"post-81777","1":"product","2":"type-product","3":"status-publish","4":"has-post-thumbnail","6":"product_cat-wohnzubehoer","7":"product_cat-wohndekoration","8":"product_shipping_class-standard-versand","10":"first","11":"instock","12":"sale","13":"taxable","14":"shipping-taxable","15":"purchasable","16":"product-type-simple"},"_links":{"self":[{"href":"https:\/\/www.soanam.de\/pl\/wp-json\/wp\/v2\/product\/81777","targetHints":{"allow":["GET"]}}],"collection":[{"href":"https:\/\/www.soanam.de\/pl\/wp-json\/wp\/v2\/product"}],"about":[{"href":"https:\/\/www.soanam.de\/pl\/wp-json\/wp\/v2\/types\/product"}],"replies":[{"embeddable":true,"href":"https:\/\/www.soanam.de\/pl\/wp-json\/wp\/v2\/comments?post=81777"}],"wp:featuredmedia":[{"embeddable":true,"href":"https:\/\/www.soanam.de\/pl\/wp-json\/wp\/v2\/media\/81894"}],"wp:attachment":[{"href":"https:\/\/www.soanam.de\/pl\/wp-json\/wp\/v2\/media?parent=81777"}],"wp:term":[{"taxonomy":"product_brand","embeddable":true,"href":"https:\/\/www.soanam.de\/pl\/wp-json\/wp\/v2\/product_brand?post=81777"},{"taxonomy":"product_cat","embeddable":true,"href":"https:\/\/www.soanam.de\/pl\/wp-json\/wp\/v2\/product_cat?post=81777"},{"taxonomy":"product_tag","embeddable":true,"href":"https:\/\/www.soanam.de\/pl\/wp-json\/wp\/v2\/product_tag?post=81777"}],"curies":[{"name":"wp","href":"https:\/\/api.w.org\/{rel}","templated":true}]}}