{"id":81776,"date":"2023-12-14T02:05:51","date_gmt":"2023-12-14T01:05:51","guid":{"rendered":"https:\/\/www.soanam.de\/?post_type=product&#038;p=81776"},"modified":"2023-12-14T02:08:06","modified_gmt":"2023-12-14T01:08:06","slug":"h-i-s-posciel-sweta-2-szt-w-kolorze-jagodowym-135cm-x-200cm-80cm-x-80cm","status":"publish","type":"product","link":"https:\/\/www.soanam.de\/pl\/produkt\/h-i-s-bettwaesche-sweta-2-tlg-in-beere-135cm-x-200cm-80cm-x-80cm\/","title":{"rendered":"Po\u015bciel H.I.S. Sweta, 2-cz\u0119\u015bciowa, jagodowa, 135 cm x 200 cm \/ 80 cm x 80 cm"},"content":{"rendered":"<p>Bettw\u00e4sche im klassischem Karo Design von H.I.S.<br \/>\nMit Knopfleiste versehen<br \/>\nWykonane z bawe\u0142ny 100%<br \/>\nUnterst\u00fctzt die Initiative Cotton made in Afrika<br \/>\nTrocknergeeignet und maschinenwaschbar bis 60\u00b0C<\/p>\n<p>Die sportlich, moderne Bettw\u00e4sche Sweta der Marke H.I.S \u00fcberzeugt durch die sch\u00f6n abgestimmten Farben und das angesagte Karodesign.<br \/>\nDer weiche, glatte Stoff ist aus 100% Baumwolle gefertigt und unterst\u00fctzt die Initiative Cotton made in Afrika.\u00a0 \u00a0 \u00a0 \u00a0 \u00a0 \u00a0 \u00a0 \u00a0 \u00a0 \u00a0 \u00a0 \u00a0 \u00a0 \u00a0 \u00a0 \u00a0 \u00a0 \u00a0 \u00a0 \u00a0 \u00a0 \u00a0 \u00a0 \u00a0 \u00a0 \u00a0 \u00a0 \u00a0 \u00a0 \u00a0 \u00a0 \u00a0 \u00a0 \u00a0 \u00a0 \u00a0 \u00a0 \u00a0 \u00a0 \u00a0 \u00a0 \u00a0 \u00a0 \u00a0 \u00a0 \u00a0 \u00a0 \u00a0 \u00a0 \u00a0 \u00a0 \u00a0 \u00a0 \u00a0 \u00a0 \u00a0 \u00a0 \u00a0 \u00a0 \u00a0 \u00a0 \u00a0 \u00a0 \u00a0 \u00a0 \u00a0 \u00a0 \u00a0 \u00a0 \u00a0 \u00a0 \u00a0 Kissen- und Bettbezug sind mit einer Knopfleiste versehen und sehr hautfreundlich.<br \/>\nDie Bettw\u00e4sche ist trocknergeeignet und bis 60\u00b0C in der Waschmaschine waschbar.<\/p>\n<p>Materia\u0142: bawe\u0142na 100%<br \/>\nWskaz\u00f3wki dotycz\u0105ce piel\u0119gnacji: Pra\u0107 w pralce<\/p>\n<p>Kolor: jagodowy<br \/>\nMuster: Karo<br \/>\nRozmiar koca: 1 sztuka x 135 cm x 200 cm<br \/>\nRozmiar poduszki: 1 szt. x 80 cm x 80 cm<\/p>","protected":false},"excerpt":{"rendered":"<table class=\"dv_characteristicsTable\">\n<tbody>\n<tr>\n<td class=\"left\">Anzahl Teile<\/td>\n<td>2 tlg.<\/td>\n<\/tr>\n<tr>\n<td class=\"left\">Anzahl Bettbez\u00fcge<\/td>\n<td>1 St.<\/td>\n<\/tr>\n<tr>\n<td class=\"left\">Anzahl Kissenbez\u00fcge<\/td>\n<td>1 St.<\/td>\n<\/tr>\n<\/tbody>\n<\/table>\n<table class=\"dv_characteristicsTable\">\n<tbody>\n<tr>\n<td class=\"left\">Breite Bettbezug<\/td>\n<td>135 cm<\/td>\n<\/tr>\n<tr>\n<td class=\"left\">L\u00e4nge Bettbezug<\/td>\n<td>200 cm<\/td>\n<\/tr>\n<tr>\n<td class=\"left\">Breite Kissenbezug<\/td>\n<td>80 cm<\/td>\n<\/tr>\n<tr>\n<td class=\"left\">L\u00e4nge Kissenbezug<\/td>\n<td>80 cm<\/td>\n<\/tr>\n<\/tbody>\n<\/table>\n<table class=\"dv_characteristicsTable\">\n<tbody>\n<tr>\n<td class=\"left\">Kolor<\/td>\n<td>beere<\/td>\n<\/tr>\n<tr>\n<td class=\"left\">Optik Kissenbezug<\/td>\n<td>Karo<\/td>\n<\/tr>\n<tr>\n<td class=\"left\">Optik Bettbezug<\/td>\n<td>Karo<\/td>\n<\/tr>\n<\/tbody>\n<\/table>\n<table class=\"dv_characteristicsTable\">\n<tbody>\n<tr>\n<td class=\"left\">Verschluss Kissenbezug<\/td>\n<td>Kn\u00f6pfe<\/td>\n<\/tr>\n<tr>\n<td class=\"left\">Verschluss Bettbezug<\/td>\n<td>Kn\u00f6pfe<\/td>\n<\/tr>\n<\/tbody>\n<\/table>\n<table class=\"dv_characteristicsTable\">\n<tbody>\n<tr>\n<td class=\"left\">Materialart<\/td>\n<td>Linon<\/td>\n<\/tr>\n<tr>\n<td class=\"left\">Sk\u0142ad materia\u0142u<\/td>\n<td>100% Bawe\u0142na<\/td>\n<\/tr>\n<tr>\n<td class=\"left\">Fl\u00e4chengewicht<\/td>\n<td>98 g\/m\u00b2<\/td>\n<\/tr>\n<\/tbody>\n<\/table>\n<table class=\"dv_characteristicsTable\">\n<tbody>\n<tr>\n<td class=\"left\">Instrukcje dotycz\u0105ce piel\u0119gnacji<\/td>\n<td>60\u00b0C Maschinenw\u00e4sche<br \/>\ntrocknergeeignet<\/td>\n<\/tr>\n<\/tbody>\n<\/table>","protected":false},"featured_media":81892,"comment_status":"open","ping_status":"closed","template":"","meta":{"_seopress_robots_primary_cat":"","_seopress_titles_title":"","_seopress_titles_desc":"","_seopress_robots_index":""},"product_brand":[],"product_cat":[1400,1420],"product_tag":[],"class_list":{"0":"post-81776","1":"product","2":"type-product","3":"status-publish","4":"has-post-thumbnail","6":"product_cat-wohnzubehoer","7":"product_cat-wohndekoration","9":"first","10":"instock","11":"sale","12":"taxable","13":"shipping-taxable","14":"purchasable","15":"product-type-simple"},"_links":{"self":[{"href":"https:\/\/www.soanam.de\/pl\/wp-json\/wp\/v2\/product\/81776","targetHints":{"allow":["GET"]}}],"collection":[{"href":"https:\/\/www.soanam.de\/pl\/wp-json\/wp\/v2\/product"}],"about":[{"href":"https:\/\/www.soanam.de\/pl\/wp-json\/wp\/v2\/types\/product"}],"replies":[{"embeddable":true,"href":"https:\/\/www.soanam.de\/pl\/wp-json\/wp\/v2\/comments?post=81776"}],"wp:featuredmedia":[{"embeddable":true,"href":"https:\/\/www.soanam.de\/pl\/wp-json\/wp\/v2\/media\/81892"}],"wp:attachment":[{"href":"https:\/\/www.soanam.de\/pl\/wp-json\/wp\/v2\/media?parent=81776"}],"wp:term":[{"taxonomy":"product_brand","embeddable":true,"href":"https:\/\/www.soanam.de\/pl\/wp-json\/wp\/v2\/product_brand?post=81776"},{"taxonomy":"product_cat","embeddable":true,"href":"https:\/\/www.soanam.de\/pl\/wp-json\/wp\/v2\/product_cat?post=81776"},{"taxonomy":"product_tag","embeddable":true,"href":"https:\/\/www.soanam.de\/pl\/wp-json\/wp\/v2\/product_tag?post=81776"}],"curies":[{"name":"wp","href":"https:\/\/api.w.org\/{rel}","templated":true}]}}