{"id":81775,"date":"2023-12-14T02:05:51","date_gmt":"2023-12-14T01:05:51","guid":{"rendered":"https:\/\/www.soanam.de\/?post_type=product&#038;p=81775"},"modified":"2023-12-14T02:08:03","modified_gmt":"2023-12-14T01:08:03","slug":"my-home-dwustronna-posciel-stella-2-szt-antracytowo-szara-135-cm-x-200-cm-80-cm-x-80-cm","status":"publish","type":"product","link":"https:\/\/www.soanam.de\/pl\/produkt\/my-home-wendebettwaesche-stella-2-tlg-in-anthrazit-grau-135cm-x-200cm-80cm-x-80cm\/","title":{"rendered":"Dwucz\u0119\u015bciowa po\u015bciel my home Stella w kolorze antracytowej szaro\u015bci, 135 cm x 200 cm \/ 80 cm x 80 cm"},"content":{"rendered":"<p>Po\u015bciel z klasycznym wzorem w gwiazdki z mojego domu<br \/>\nIndywidualna konstrukcja dzi\u0119ki funkcji odwracania<br \/>\nZapi\u0119cie na ukryte guziki<br \/>\nPrzyjazny dla sk\u00f3ry i \u0142atwy w piel\u0119gnacji<\/p>\n<p>Gustownie dobrane kolory dwustronnej po\u015bcieli Stella od my home tworz\u0105 wyrafinowany, stylowy wygl\u0105d.                                                                                                                                        Po\u015bciel ta zachwyca r\u00f3wnie\u017c doskona\u0142ym dotykiem i \u0142atwo\u015bci\u0105 piel\u0119gnacji.<br \/>\nPosiada certyfikat Oeko-Tex\u00ae Standard 100 i mo\u017cna j\u0105 pra\u0107 w pralce w temperaturze do 60\u00b0C.<\/p>\n<p>Materia\u0142: bawe\u0142na 50%, poliester 50%<br \/>\nWskaz\u00f3wki dotycz\u0105ce piel\u0119gnacji: Pra\u0107 w pralce<\/p>\n<p>Kolor: antracytowo-szary<br \/>\nWz\u00f3r: Gwiazdy<br \/>\nRozmiar koca: 1 sztuka x 135 cm x 200 cm<br \/>\nRozmiar poduszki: 1 szt. x 80 cm x 80 cm<\/p>","protected":false},"excerpt":{"rendered":"<table class=\"dv_characteristicsTable\">\n<tbody>\n<tr>\n<td class=\"left\">Anzahl Teile<\/td>\n<td>2 tlg.<\/td>\n<\/tr>\n<tr>\n<td class=\"left\">Anzahl Bettbez\u00fcge<\/td>\n<td>1 St.<\/td>\n<\/tr>\n<tr>\n<td class=\"left\">Anzahl Kissenbez\u00fcge<\/td>\n<td>1 St.<\/td>\n<\/tr>\n<\/tbody>\n<\/table>\n<table class=\"dv_characteristicsTable\">\n<tbody>\n<tr>\n<td class=\"left\">Breite Bettbezug<\/td>\n<td>135 cm<\/td>\n<\/tr>\n<tr>\n<td class=\"left\">L\u00e4nge Bettbezug<\/td>\n<td>200 cm<\/td>\n<\/tr>\n<tr>\n<td class=\"left\">Breite Kissenbezug<\/td>\n<td>80 cm<\/td>\n<\/tr>\n<tr>\n<td class=\"left\">L\u00e4nge Kissenbezug<\/td>\n<td>80 cm<\/td>\n<\/tr>\n<\/tbody>\n<\/table>\n<table class=\"dv_characteristicsTable\">\n<tbody>\n<tr>\n<td class=\"left\">Kolor<\/td>\n<td>anthrazit-grau<\/td>\n<\/tr>\n<tr>\n<td class=\"left\">Optik Kissenbezug<\/td>\n<td>Gwiazdy<\/td>\n<\/tr>\n<tr>\n<td class=\"left\">Optik Bettbezug<\/td>\n<td>Gwiazdy<\/td>\n<\/tr>\n<\/tbody>\n<\/table>\n<table class=\"dv_characteristicsTable\">\n<tbody>\n<tr>\n<td class=\"left\">Verschluss Kissenbezug<\/td>\n<td>Kn\u00f6pfe<\/td>\n<\/tr>\n<tr>\n<td class=\"left\">Verschluss Bettbezug<\/td>\n<td>Kn\u00f6pfe<\/td>\n<\/tr>\n<\/tbody>\n<\/table>\n<table class=\"dv_characteristicsTable\">\n<tbody>\n<tr>\n<td class=\"left\">Materialart<\/td>\n<td>Polycotton<\/td>\n<\/tr>\n<tr>\n<td class=\"left\">Sk\u0142ad materia\u0142u<\/td>\n<td>50% Baumwolle , 50% Polyester<\/td>\n<\/tr>\n<tr>\n<td class=\"left\">Fl\u00e4chengewicht<\/td>\n<td>100 g\/m\u00b2<\/td>\n<\/tr>\n<\/tbody>\n<\/table>\n<table class=\"dv_characteristicsTable\">\n<tbody>\n<tr>\n<td class=\"left\">Instrukcje dotycz\u0105ce piel\u0119gnacji<\/td>\n<td>60\u00b0C Maschinenw\u00e4sche<br \/>\ntrocknergeeignet<\/td>\n<\/tr>\n<\/tbody>\n<\/table>","protected":false},"featured_media":81890,"comment_status":"open","ping_status":"closed","template":"","meta":{"_seopress_robots_primary_cat":"","_seopress_titles_title":"","_seopress_titles_desc":"","_seopress_robots_index":""},"product_brand":[],"product_cat":[1400,1420],"product_tag":[],"class_list":{"0":"post-81775","1":"product","2":"type-product","3":"status-publish","4":"has-post-thumbnail","6":"product_cat-wohnzubehoer","7":"product_cat-wohndekoration","9":"first","10":"instock","11":"sale","12":"taxable","13":"shipping-taxable","14":"purchasable","15":"product-type-simple"},"_links":{"self":[{"href":"https:\/\/www.soanam.de\/pl\/wp-json\/wp\/v2\/product\/81775","targetHints":{"allow":["GET"]}}],"collection":[{"href":"https:\/\/www.soanam.de\/pl\/wp-json\/wp\/v2\/product"}],"about":[{"href":"https:\/\/www.soanam.de\/pl\/wp-json\/wp\/v2\/types\/product"}],"replies":[{"embeddable":true,"href":"https:\/\/www.soanam.de\/pl\/wp-json\/wp\/v2\/comments?post=81775"}],"wp:featuredmedia":[{"embeddable":true,"href":"https:\/\/www.soanam.de\/pl\/wp-json\/wp\/v2\/media\/81890"}],"wp:attachment":[{"href":"https:\/\/www.soanam.de\/pl\/wp-json\/wp\/v2\/media?parent=81775"}],"wp:term":[{"taxonomy":"product_brand","embeddable":true,"href":"https:\/\/www.soanam.de\/pl\/wp-json\/wp\/v2\/product_brand?post=81775"},{"taxonomy":"product_cat","embeddable":true,"href":"https:\/\/www.soanam.de\/pl\/wp-json\/wp\/v2\/product_cat?post=81775"},{"taxonomy":"product_tag","embeddable":true,"href":"https:\/\/www.soanam.de\/pl\/wp-json\/wp\/v2\/product_tag?post=81775"}],"curies":[{"name":"wp","href":"https:\/\/api.w.org\/{rel}","templated":true}]}}