{"id":81714,"date":"2023-12-14T02:04:31","date_gmt":"2023-12-14T01:04:31","guid":{"rendered":"https:\/\/www.soanam.de\/?post_type=product&#038;p=81714"},"modified":"2023-12-14T02:06:43","modified_gmt":"2023-12-14T01:06:43","slug":"klasyczny-damski-sweter-z-dzianiny-z-zawartoscia-welny-brazowy-cetkowany-rozmiar-xs","status":"publish","type":"product","link":"https:\/\/www.soanam.de\/pl\/produkt\/klassischer-damen-strickpullover-mit-wollanteil-braun-meliert-groesse-xs\/","title":{"rendered":"Klasyczny sweter damski z dzianiny z zawarto\u015bci\u0105 we\u0142ny, c\u0119tkowany br\u0105z, rozmiar XS"},"content":{"rendered":"<h3>Opis produktu<\/h3>\n<p>Sweter z mi\u0119kkiej dzianiny z zawarto\u015bci\u0105 we\u0142ny. Sweter ma okr\u0105g\u0142y dekolt, d\u0142ugie r\u0119kawy i pr\u0105\u017ckowane mankiety przy dekolcie, r\u0119kawach i u do\u0142u.<\/p>\n<p><strong>Rozmiar<\/strong><br \/>\nD\u0142ugi r\u0119kaw<\/p>\n<p><strong>Styl<\/strong><br \/>\nOkr\u0105g\u0142y dekolt<\/p>\n<p><strong>Sk\u0142ad<\/strong><br \/>\nPoliakryl 52%, poliamid 27%, poliester 11%, elastan 7%, we\u0142na 3%<\/p>\n<p><strong>Instrukcje dotycz\u0105ce piel\u0119gnacji<\/strong><br \/>\nPranie w pralce 30\u00b0<\/p>\n<p><strong>Opis<\/strong><br \/>\nBr\u0105zowo c\u0119tkowany<\/p>\n<p><strong>Koncepcja<\/strong><br \/>\nMODA CODZIENNA<\/p>","protected":false},"excerpt":{"rendered":"<h3>Artikelmerkmale<\/h3>\n<p>Artikelzustand: Neu mit Etikett - Neuer, unbenutzter und nicht getragener Artikel in der Originalverpackung<\/p>\n<table dir=\"ltr\" border=\"1\" cellspacing=\"0\" cellpadding=\"0\">\n<colgroup>\n<col width=\"194\" \/>\n<col width=\"223\" \/><\/colgroup>\n<tbody>\n<tr>\n<td data-sheets-value=\"{&quot;1&quot;:2,&quot;2&quot;:&quot;Abteilung:&quot;}\">Abteilung:<\/td>\n<td data-sheets-value=\"{&quot;1&quot;:2,&quot;2&quot;:&quot;Damen&quot;}\">Damen<\/td>\n<\/tr>\n<tr>\n<td data-sheets-value=\"{&quot;1&quot;:2,&quot;2&quot;:&quot;Anlass:&quot;}\">Anlass:<\/td>\n<td data-sheets-value=\"{&quot;1&quot;:2,&quot;2&quot;:&quot;Freizeit, Business&quot;}\">Freizeit, Business<\/td>\n<\/tr>\n<tr>\n<td data-sheets-value=\"{&quot;1&quot;:2,&quot;2&quot;:&quot;Ausschnitt:&quot;}\">Ausschnitt:<\/td>\n<td data-sheets-value=\"{&quot;1&quot;:2,&quot;2&quot;:&quot;Rundhalsausschnitt&quot;}\">Okr\u0105g\u0142y dekolt<\/td>\n<\/tr>\n<tr>\n<td data-sheets-value=\"{&quot;1&quot;:2,&quot;2&quot;:&quot;Besonderheiten:&quot;}\">Funkcje specjalne:<\/td>\n<td data-sheets-value=\"{&quot;1&quot;:2,&quot;2&quot;:&quot;meliert&quot;}\">meliert<\/td>\n<\/tr>\n<tr>\n<td data-sheets-value=\"{&quot;1&quot;:2,&quot;2&quot;:&quot;Farbe:&quot;}\">Kolor:<\/td>\n<td data-sheets-value=\"{&quot;1&quot;:2,&quot;2&quot;:&quot;Braun&quot;}\">Br\u0105zowy<\/td>\n<\/tr>\n<tr>\n<td data-sheets-value=\"{&quot;1&quot;:2,&quot;2&quot;:&quot;Gewebeart:&quot;}\">Gewebeart:<\/td>\n<td data-sheets-value=\"{&quot;1&quot;:2,&quot;2&quot;:&quot;Strick&quot;}\">Strick<\/td>\n<\/tr>\n<tr>\n<td data-sheets-value=\"{&quot;1&quot;:2,&quot;2&quot;:&quot;Gr\u00f6\u00dfe:&quot;}\">Gr\u00f6\u00dfe:<\/td>\n<td data-sheets-value=\"{&quot;1&quot;:2,&quot;2&quot;:&quot;XS&quot;}\">XS<\/td>\n<\/tr>\n<tr>\n<td data-sheets-value=\"{&quot;1&quot;:2,&quot;2&quot;:&quot;Gr\u00f6\u00dfenkategorie:&quot;}\">Gr\u00f6\u00dfenkategorie:<\/td>\n<td data-sheets-value=\"{&quot;1&quot;:2,&quot;2&quot;:&quot;Normalgr\u00f6\u00dfe&quot;}\">Normalgr\u00f6\u00dfe<\/td>\n<\/tr>\n<tr>\n<td data-sheets-value=\"{&quot;1&quot;:2,&quot;2&quot;:&quot;Jahreszeit:&quot;}\">Jahreszeit:<\/td>\n<td data-sheets-value=\"{&quot;1&quot;:2,&quot;2&quot;:&quot;Herbst, Winter&quot;}\">Herbst, Winter<\/td>\n<\/tr>\n<tr>\n<td data-sheets-value=\"{&quot;1&quot;:2,&quot;2&quot;:&quot;Marke:&quot;}\">Marke:<\/td>\n<td data-sheets-value=\"{&quot;1&quot;:2,&quot;2&quot;:&quot;H&amp;M&quot;}\">H&amp;M<\/td>\n<\/tr>\n<tr>\n<td data-sheets-value=\"{&quot;1&quot;:2,&quot;2&quot;:&quot;Material:&quot;}\">Materia\u0142:<\/td>\n<td data-sheets-value=\"{&quot;1&quot;:2,&quot;2&quot;:&quot;Polyacryl 52%, Polyamid 27%, Polyester 11%, Elasth&quot;}\">\n<div>\n<div>Poliakryl 52%, poliamid 27%, poliester 11%, elastan 7%, we\u0142na 3%<\/div>\n<\/div>\n<\/td>\n<\/tr>\n<tr>\n<td data-sheets-value=\"{&quot;1&quot;:2,&quot;2&quot;:&quot;Muster:&quot;}\">Wz\u00f3r:<\/td>\n<td data-sheets-value=\"{&quot;1&quot;:2,&quot;2&quot;:&quot;Ohne Muster&quot;}\">Ohne Muster<\/td>\n<\/tr>\n<tr>\n<td data-sheets-value=\"{&quot;1&quot;:2,&quot;2&quot;:&quot;Produktart:&quot;}\">Produktart:<\/td>\n<td data-sheets-value=\"{&quot;1&quot;:2,&quot;2&quot;:&quot;Pullover&quot;}\">Pullover<\/td>\n<\/tr>\n<tr>\n<td data-sheets-value=\"{&quot;1&quot;:2,&quot;2&quot;:&quot;Stil:&quot;}\">Stil:<\/td>\n<td data-sheets-value=\"{&quot;1&quot;:2,&quot;2&quot;:&quot;Pullover&quot;}\">Pullover<\/td>\n<\/tr>\n<tr>\n<td data-sheets-value=\"{&quot;1&quot;:2,&quot;2&quot;:&quot;Strickart:&quot;}\">Strickart:<\/td>\n<td data-sheets-value=\"{&quot;1&quot;:2,&quot;2&quot;:&quot;Grobstrick&quot;}\">Grobstrick<\/td>\n<\/tr>\n<tr>\n<td data-sheets-value=\"{&quot;1&quot;:2,&quot;2&quot;:&quot;Thema:&quot;}\">Thema:<\/td>\n<td data-sheets-value=\"{&quot;1&quot;:2,&quot;2&quot;:&quot;Klassisch&quot;}\">Klassisch<\/td>\n<\/tr>\n<tr>\n<td data-sheets-value=\"{&quot;1&quot;:2,&quot;2&quot;:&quot;Vintage:&quot;}\">Vintage:<\/td>\n<td data-sheets-value=\"{&quot;1&quot;:2,&quot;2&quot;:&quot;Nein&quot;}\">Nein<\/td>\n<\/tr>\n<\/tbody>\n<\/table>","protected":false},"featured_media":81816,"comment_status":"open","ping_status":"closed","template":"","meta":{"_seopress_robots_primary_cat":"","_seopress_titles_title":"","_seopress_titles_desc":"","_seopress_robots_index":""},"product_brand":[],"product_cat":[1348,1456,1465],"product_tag":[],"class_list":{"0":"post-81714","1":"product","2":"type-product","3":"status-publish","4":"has-post-thumbnail","6":"product_cat-damen-mode","7":"product_cat-pullover-sweater","8":"product_cat-strickpullover","9":"product_shipping_class-standard-versand","11":"first","12":"instock","13":"sale","14":"taxable","15":"shipping-taxable","16":"purchasable","17":"product-type-simple"},"_links":{"self":[{"href":"https:\/\/www.soanam.de\/pl\/wp-json\/wp\/v2\/product\/81714","targetHints":{"allow":["GET"]}}],"collection":[{"href":"https:\/\/www.soanam.de\/pl\/wp-json\/wp\/v2\/product"}],"about":[{"href":"https:\/\/www.soanam.de\/pl\/wp-json\/wp\/v2\/types\/product"}],"replies":[{"embeddable":true,"href":"https:\/\/www.soanam.de\/pl\/wp-json\/wp\/v2\/comments?post=81714"}],"wp:featuredmedia":[{"embeddable":true,"href":"https:\/\/www.soanam.de\/pl\/wp-json\/wp\/v2\/media\/81816"}],"wp:attachment":[{"href":"https:\/\/www.soanam.de\/pl\/wp-json\/wp\/v2\/media?parent=81714"}],"wp:term":[{"taxonomy":"product_brand","embeddable":true,"href":"https:\/\/www.soanam.de\/pl\/wp-json\/wp\/v2\/product_brand?post=81714"},{"taxonomy":"product_cat","embeddable":true,"href":"https:\/\/www.soanam.de\/pl\/wp-json\/wp\/v2\/product_cat?post=81714"},{"taxonomy":"product_tag","embeddable":true,"href":"https:\/\/www.soanam.de\/pl\/wp-json\/wp\/v2\/product_tag?post=81714"}],"curies":[{"name":"wp","href":"https:\/\/api.w.org\/{rel}","templated":true}]}}