{"id":81649,"date":"2023-12-14T02:03:12","date_gmt":"2023-12-14T01:03:12","guid":{"rendered":"https:\/\/www.soanam.de\/?post_type=product&#038;p=81649"},"modified":"2023-12-14T02:05:23","modified_gmt":"2023-12-14T01:05:23","slug":"kapcie-dzieciece-nanga-koala-babys-w-kolorze-jagodowym-rozmiar-32","status":"publish","type":"product","link":"https:\/\/www.soanam.de\/pl\/produkt\/nanga-kinder-hausschuhe-koala-babys-in-beere-groesse-32\/","title":{"rendered":"Kapcie dzieci\u0119ce NANGA Koala Babies, w kolorze jagodowym, rozmiar 32"},"content":{"rendered":"<p>Kapcie dzieci\u0119ce od Nanga<br \/>\nPrzytulny, mi\u0119kki i wygodny<br \/>\nZ aplikacj\u0105 koali i podeszw\u0105 z naturalnego kauczuku<\/p>\n<p>Urocze kapcie NANGA wykonane z naturalnych materia\u0142\u00f3w zapewniaj\u0105 przytulne ciep\u0142o i doskona\u0142y komfort.<br \/>\nButy dzieci\u0119ce s\u0105 wykonane z mi\u0119kkiej i przytulnej nowej we\u0142ny wewn\u0105trz i na zewn\u0105trz.<br \/>\nAntypo\u015blizgowa podeszwa tych uroczych kapci wykonana jest z naturalnej gumy, a elastyczne wstawki u\u0142atwiaj\u0105 ich zak\u0142adanie i zdejmowanie.<\/p>\n<p>Materia\u0142: we\u0142na dziewicza 100%<br \/>\nWskaz\u00f3wki dotycz\u0105ce piel\u0119gnacji: Pra\u0107 w pralce<\/p>\n<p>Kolor: jagodowy<br \/>\nWz\u00f3r: aplikacja Koala<br \/>\nRozmiar: 32<\/p>\n<p>Ten nowy przedmiot jest zwrotem klienta bez etykiety.<\/p>","protected":false},"excerpt":{"rendered":"<table class=\"dv_characteristicsTable\">\n<tbody>\n<tr>\n<td class=\"left\">Rozmiar<\/td>\n<td>32 EU<\/td>\n<\/tr>\n<tr>\n<td class=\"left\">Kolor<\/td>\n<td>bunt<\/td>\n<\/tr>\n<tr>\n<td class=\"left\">Materia\u0142 cholewki<\/td>\n<td>We\u0142na<\/td>\n<\/tr>\n<tr>\n<td class=\"left\">Innenmaterial<\/td>\n<td>We\u0142na<\/td>\n<\/tr>\n<tr>\n<td class=\"left\">Sk\u0142ad materia\u0142u<\/td>\n<td>We\u0142na<\/td>\n<\/tr>\n<tr>\n<td class=\"left\">Stil<\/td>\n<td>Casual<\/td>\n<\/tr>\n<tr>\n<td class=\"left\">Besondere Merkmale<\/td>\n<td>Berry<\/td>\n<\/tr>\n<tr>\n<td class=\"left\">Verschluss<\/td>\n<td>ohne Verschluss<\/td>\n<\/tr>\n<tr>\n<td class=\"left\">Schuhspitze<\/td>\n<td>rund<\/td>\n<\/tr>\n<\/tbody>\n<\/table>","protected":false},"featured_media":81748,"comment_status":"open","ping_status":"closed","template":"","meta":{"_seopress_robots_primary_cat":"","_seopress_titles_title":"","_seopress_titles_desc":"","_seopress_robots_index":""},"product_brand":[],"product_cat":[1351,1506,1596],"product_tag":[],"class_list":{"0":"post-81649","1":"product","2":"type-product","3":"status-publish","4":"has-post-thumbnail","6":"product_cat-kindermode","7":"product_cat-schuhe-kindermode","8":"product_cat-hausschuhe","9":"product_shipping_class-standard-versand","11":"first","12":"instock","13":"sale","14":"taxable","15":"shipping-taxable","16":"purchasable","17":"product-type-simple"},"_links":{"self":[{"href":"https:\/\/www.soanam.de\/pl\/wp-json\/wp\/v2\/product\/81649","targetHints":{"allow":["GET"]}}],"collection":[{"href":"https:\/\/www.soanam.de\/pl\/wp-json\/wp\/v2\/product"}],"about":[{"href":"https:\/\/www.soanam.de\/pl\/wp-json\/wp\/v2\/types\/product"}],"replies":[{"embeddable":true,"href":"https:\/\/www.soanam.de\/pl\/wp-json\/wp\/v2\/comments?post=81649"}],"wp:featuredmedia":[{"embeddable":true,"href":"https:\/\/www.soanam.de\/pl\/wp-json\/wp\/v2\/media\/81748"}],"wp:attachment":[{"href":"https:\/\/www.soanam.de\/pl\/wp-json\/wp\/v2\/media?parent=81649"}],"wp:term":[{"taxonomy":"product_brand","embeddable":true,"href":"https:\/\/www.soanam.de\/pl\/wp-json\/wp\/v2\/product_brand?post=81649"},{"taxonomy":"product_cat","embeddable":true,"href":"https:\/\/www.soanam.de\/pl\/wp-json\/wp\/v2\/product_cat?post=81649"},{"taxonomy":"product_tag","embeddable":true,"href":"https:\/\/www.soanam.de\/pl\/wp-json\/wp\/v2\/product_tag?post=81649"}],"curies":[{"name":"wp","href":"https:\/\/api.w.org\/{rel}","templated":true}]}}