{"id":81632,"date":"2023-12-14T02:02:47","date_gmt":"2023-12-14T01:02:47","guid":{"rendered":"https:\/\/www.soanam.de\/?post_type=product&#038;p=81632"},"modified":"2023-12-14T02:05:16","modified_gmt":"2023-12-14T01:05:16","slug":"x-vodka-caramellino-likier-o-smaku-karmelowym-07l","status":"publish","type":"product","link":"https:\/\/www.soanam.de\/pl\/produkt\/x-vodka-caramellino-vodka-likoer-mit-karamellgeschmack-07l\/","title":{"rendered":"X-VODKA CARAMELLINO - W\u00f3dka likierowa o smaku karmelowym 0,7L"},"content":{"rendered":"<h3>Opis produktu<\/h3>\n<p>Wer Lik\u00f6r einmal auf neue Weise probieren m\u00f6chte, liegt mit dem CARAMELLINO von X-VODKA genau richtig. Die Spirituose schmeckt pur vorz\u00fcglich, eignet sich aber auch zum Verfeinern von Mixgetr\u00e4nken und Kaffee.<\/p>\n<p>Mit dem X-VODKA CARAMELLINO erhalten Sie eine besondere Spezialit\u00e4t \"MADE IN AUSTRIA\" , die hochwertigen VODKA mit der feinen S\u00fc\u00dfe von Karamell kombiniert. Zur Herstellung wird 6-fach destillierter Vodka verwendet. Die einzigartige Geschmacksnote der Spirituose kommt durch feines Karamellaroma zustande, das dem Vodka zu einer weichen, angenehm s\u00fc\u00dfen Note verhilft. Der Vodka mit Karamellgeschmack ist pur als Shot ein Genuss, Sie k\u00f6nnen ihn aber auch verwenden, um Drinks aufzupeppen oder Kaffeespezialit\u00e4ten zu verfeinern.<\/p>\n<p>Alkoholgehalt: 30% VOL.\/ALC.<br \/>\nInhalt: 0,7l<br \/>\nBesonderheit: Gold &amp; Diamond Filtered<\/p>\n<p><strong>Wskaz\u00f3wka<\/strong><br \/>\nDostawa wy\u0142\u0105cznie do os\u00f3b w wieku powy\u017cej 18 lat<\/p>","protected":false},"excerpt":{"rendered":"<h3>Artikelmerkmale<\/h3>\n<p>Artikelzustand: Neu - Neuer, unbenutzter und unbesch\u00e4digter Artikel in der unge\u00f6ffneten Verpackung<\/p>\n<table dir=\"ltr\" border=\"1\" cellspacing=\"0\" cellpadding=\"0\">\n<colgroup>\n<col width=\"194\" \/>\n<col width=\"223\" \/><\/colgroup>\n<tbody>\n<tr>\n<td data-sheets-value=\"{&quot;1&quot;:2,&quot;2&quot;:&quot;Alkoholgehalt:&quot;}\">Alkoholgehalt:<\/td>\n<td data-sheets-value=\"{&quot;1&quot;:2,&quot;2&quot;:&quot;20,1-30%&quot;}\">20,1-30%<\/td>\n<\/tr>\n<tr>\n<td data-sheets-value=\"{&quot;1&quot;:2,&quot;2&quot;:&quot;Basis:&quot;}\">Basis:<\/td>\n<td data-sheets-value=\"{&quot;1&quot;:2,&quot;2&quot;:&quot;Vodka&quot;}\">Vodka<\/td>\n<\/tr>\n<tr>\n<td data-sheets-value=\"{&quot;1&quot;:2,&quot;2&quot;:&quot;EAN:&quot;}\">EAN:<\/td>\n<td data-sheets-value=\"{&quot;1&quot;:3,&quot;3&quot;:9120078030660}\">9120078030660<\/td>\n<\/tr>\n<tr>\n<td data-sheets-value=\"{&quot;1&quot;:2,&quot;2&quot;:&quot;Eigenschaften:&quot;}\">W\u0142a\u015bciwo\u015bci:<\/td>\n<td data-sheets-value=\"{&quot;1&quot;:2,&quot;2&quot;:&quot;feines Karamellaroma&quot;}\">feines Karamellaroma<\/td>\n<\/tr>\n<tr>\n<td data-sheets-value=\"{&quot;1&quot;:2,&quot;2&quot;:&quot;Lebensmittelspezifikationen:&quot;}\">Lebensmittelspezifikationen:<\/td>\n<td data-sheets-value=\"{&quot;1&quot;:2,&quot;2&quot;:&quot;Alkoholhaltig&quot;}\">Alkoholhaltig<\/td>\n<\/tr>\n<tr>\n<td data-sheets-value=\"{&quot;1&quot;:2,&quot;2&quot;:&quot;Marke:&quot;}\">Marke:<\/td>\n<td data-sheets-value=\"{&quot;1&quot;:2,&quot;2&quot;:&quot;X-Vodka&quot;}\">X-Vodka<\/td>\n<\/tr>\n<tr>\n<td data-sheets-value=\"{&quot;1&quot;:2,&quot;2&quot;:&quot;Produktart:&quot;}\">Produktart:<\/td>\n<td data-sheets-value=\"{&quot;1&quot;:2,&quot;2&quot;:&quot;Wodka&quot;}\">Wodka<\/td>\n<\/tr>\n<tr>\n<td data-sheets-value=\"{&quot;1&quot;:2,&quot;2&quot;:&quot;Signiert:&quot;}\">Signiert:<\/td>\n<td data-sheets-value=\"{&quot;1&quot;:2,&quot;2&quot;:&quot;Nein&quot;}\">Nein<\/td>\n<\/tr>\n<tr>\n<td data-sheets-value=\"{&quot;1&quot;:2,&quot;2&quot;:&quot;Verpackung:&quot;}\">Verpackung:<\/td>\n<td data-sheets-value=\"{&quot;1&quot;:2,&quot;2&quot;:&quot;Flasche&quot;}\">Flasche<\/td>\n<\/tr>\n<tr>\n<td data-sheets-value=\"{&quot;1&quot;:2,&quot;2&quot;:&quot;Volumen:&quot;}\">Volumen:<\/td>\n<td data-sheets-value=\"{&quot;1&quot;:2,&quot;2&quot;:&quot;0,7 L&quot;}\">0,7 L<\/td>\n<\/tr>\n<\/tbody>\n<\/table>","protected":false},"featured_media":81745,"comment_status":"open","ping_status":"closed","template":"","meta":{"_seopress_robots_primary_cat":"","_seopress_titles_title":"","_seopress_titles_desc":"","_seopress_robots_index":""},"product_brand":[],"product_cat":[1499,1500],"product_tag":[],"class_list":{"0":"post-81632","1":"product","2":"type-product","3":"status-publish","4":"has-post-thumbnail","6":"product_cat-alkoholische-getraenke","7":"product_cat-spirituosen","8":"product_shipping_class-standard-versand","10":"first","11":"instock","12":"sale","13":"taxable","14":"shipping-taxable","15":"purchasable","16":"product-type-simple"},"_links":{"self":[{"href":"https:\/\/www.soanam.de\/pl\/wp-json\/wp\/v2\/product\/81632","targetHints":{"allow":["GET"]}}],"collection":[{"href":"https:\/\/www.soanam.de\/pl\/wp-json\/wp\/v2\/product"}],"about":[{"href":"https:\/\/www.soanam.de\/pl\/wp-json\/wp\/v2\/types\/product"}],"replies":[{"embeddable":true,"href":"https:\/\/www.soanam.de\/pl\/wp-json\/wp\/v2\/comments?post=81632"}],"wp:featuredmedia":[{"embeddable":true,"href":"https:\/\/www.soanam.de\/pl\/wp-json\/wp\/v2\/media\/81745"}],"wp:attachment":[{"href":"https:\/\/www.soanam.de\/pl\/wp-json\/wp\/v2\/media?parent=81632"}],"wp:term":[{"taxonomy":"product_brand","embeddable":true,"href":"https:\/\/www.soanam.de\/pl\/wp-json\/wp\/v2\/product_brand?post=81632"},{"taxonomy":"product_cat","embeddable":true,"href":"https:\/\/www.soanam.de\/pl\/wp-json\/wp\/v2\/product_cat?post=81632"},{"taxonomy":"product_tag","embeddable":true,"href":"https:\/\/www.soanam.de\/pl\/wp-json\/wp\/v2\/product_tag?post=81632"}],"curies":[{"name":"wp","href":"https:\/\/api.w.org\/{rel}","templated":true}]}}