{"id":81627,"date":"2023-12-14T02:02:45","date_gmt":"2023-12-14T01:02:45","guid":{"rendered":"https:\/\/www.soanam.de\/?post_type=product&#038;p=81627"},"modified":"2023-12-14T02:04:54","modified_gmt":"2023-12-14T01:04:54","slug":"trampki-lascana-wykonane-z-materialu-tekstylnego-w-kolorze-czarnym-rozmiar-39","status":"publish","type":"product","link":"https:\/\/www.soanam.de\/pl\/produkt\/lascana-sneaker-aus-textil-in-schwarz-groesse-39\/","title":{"rendered":"Tekstylne buty sportowe LASCANA w kolorze czarnym, rozmiar 39"},"content":{"rendered":"<p>Tekstylne sneakersy od Lascana<br \/>\nKlasyczny i ponadczasowy<br \/>\nSzczeg\u00f3lnie wygodne<\/p>\n<p>Klasyczny, ponadczasowy design tekstylnych sneakers\u00f3w Lascana dope\u0142ni ka\u017cdy wakacyjny str\u00f3j.<br \/>\nTen casualowy but o sportowym kszta\u0142cie jest bardzo wygodny w noszeniu i mo\u017cna go dopasowa\u0107 do indywidualnej szeroko\u015bci stopy za pomoc\u0105 sznur\u00f3wek, kt\u00f3re kontrastuj\u0105 kolorystycznie z butem.<\/p>\n<p>Materia\u0142: tkanina 100%<br \/>\nSk\u0142ad materia\u0142owy: Cholewka: materia\u0142 tekstylny 100%. Podszewka: materia\u0142 tekstylny 100%. Wk\u0142adka: materia\u0142 tekstylny 100%. Podeszwa zewn\u0119trzna: materia\u0142 syntetyczny 100%<br \/>\nWskaz\u00f3wki dotycz\u0105ce piel\u0119gnacji: Pranie r\u0119czne<\/p>\n<p>Kolor: czarno-bia\u0142y<br \/>\nWz\u00f3r: bez<br \/>\nRozmiar: 39<\/p>","protected":false},"excerpt":{"rendered":"<table class=\"dv_characteristicsTable\">\n<tbody>\n<tr>\n<td class=\"left\">Rozmiar<\/td>\n<td>39<\/td>\n<\/tr>\n<tr>\n<td class=\"left\">Gr\u00f6\u00dfentyp<\/td>\n<td>Normalgr\u00f6\u00dfen<\/td>\n<\/tr>\n<tr>\n<td class=\"left\">Kolor<\/td>\n<td>schwarz<\/td>\n<\/tr>\n<tr>\n<td class=\"left\">Optik<\/td>\n<td>unifarben<\/td>\n<\/tr>\n<tr>\n<td class=\"left\">Materia\u0142 cholewki<\/td>\n<td>Tekstylia<\/td>\n<\/tr>\n<tr>\n<td class=\"left\">Innenmaterial<\/td>\n<td>Tekstylia<\/td>\n<\/tr>\n<tr>\n<td class=\"left\">Sk\u0142ad materia\u0142u<\/td>\n<td>Obermaterial: 100% Textilmaterial. Futter: 100% Textilmaterial. Decksohle: 100% Textilmaterial. Laufsohle: 100% Synthetik<\/td>\n<\/tr>\n<tr>\n<td class=\"left\">Stil<\/td>\n<td>casual<\/td>\n<\/tr>\n<tr>\n<td class=\"left\">Besondere Merkmale<\/td>\n<td>aus Textil<\/td>\n<\/tr>\n<tr>\n<td class=\"left\">Verschluss<\/td>\n<td>Schn\u00fcrung<\/td>\n<\/tr>\n<tr>\n<td class=\"left\">Schuhspitze<\/td>\n<td>rund<\/td>\n<\/tr>\n<tr>\n<td class=\"left\">Innensohlenmaterial<\/td>\n<td>Tekstylia<\/td>\n<\/tr>\n<tr>\n<td class=\"left\">Laufsohlenmaterial<\/td>\n<td>Syntetyczny<\/td>\n<\/tr>\n<tr>\n<td class=\"left\">Laufsohlenprofil<\/td>\n<td>leicht profiliert<\/td>\n<\/tr>\n<tr>\n<td class=\"left\">Schuhh\u00f6he<\/td>\n<td>niedrig<\/td>\n<\/tr>\n<tr>\n<td class=\"left\">Schuhweite<\/td>\n<td>normal<\/td>\n<\/tr>\n<\/tbody>\n<\/table>\n<h3><\/h3>","protected":false},"featured_media":81729,"comment_status":"open","ping_status":"closed","template":"","meta":{"_seopress_robots_primary_cat":"","_seopress_titles_title":"","_seopress_titles_desc":"","_seopress_robots_index":""},"product_brand":[],"product_cat":[1348,1360,1367],"product_tag":[],"class_list":{"0":"post-81627","1":"product","2":"type-product","3":"status-publish","4":"has-post-thumbnail","6":"product_cat-damen-mode","7":"product_cat-schuhe","8":"product_cat-sneakers","9":"product_shipping_class-standard-versand","11":"first","12":"instock","13":"taxable","14":"shipping-taxable","15":"purchasable","16":"product-type-simple"},"_links":{"self":[{"href":"https:\/\/www.soanam.de\/pl\/wp-json\/wp\/v2\/product\/81627","targetHints":{"allow":["GET"]}}],"collection":[{"href":"https:\/\/www.soanam.de\/pl\/wp-json\/wp\/v2\/product"}],"about":[{"href":"https:\/\/www.soanam.de\/pl\/wp-json\/wp\/v2\/types\/product"}],"replies":[{"embeddable":true,"href":"https:\/\/www.soanam.de\/pl\/wp-json\/wp\/v2\/comments?post=81627"}],"wp:featuredmedia":[{"embeddable":true,"href":"https:\/\/www.soanam.de\/pl\/wp-json\/wp\/v2\/media\/81729"}],"wp:attachment":[{"href":"https:\/\/www.soanam.de\/pl\/wp-json\/wp\/v2\/media?parent=81627"}],"wp:term":[{"taxonomy":"product_brand","embeddable":true,"href":"https:\/\/www.soanam.de\/pl\/wp-json\/wp\/v2\/product_brand?post=81627"},{"taxonomy":"product_cat","embeddable":true,"href":"https:\/\/www.soanam.de\/pl\/wp-json\/wp\/v2\/product_cat?post=81627"},{"taxonomy":"product_tag","embeddable":true,"href":"https:\/\/www.soanam.de\/pl\/wp-json\/wp\/v2\/product_tag?post=81627"}],"curies":[{"name":"wp","href":"https:\/\/api.w.org\/{rel}","templated":true}]}}