{"id":81605,"date":"2023-12-14T02:02:18","date_gmt":"2023-12-14T01:02:18","guid":{"rendered":"https:\/\/www.soanam.de\/?post_type=product&#038;p=81605"},"modified":"2023-12-14T02:04:28","modified_gmt":"2023-12-14T01:04:28","slug":"vivance-dreams-2-pary-pizam-z-nadrukiem-zwierzecym-w-kolorze-czarnym-bialym-rozowym-rozmiar-48-50","status":"publish","type":"product","link":"https:\/\/www.soanam.de\/pl\/produkt\/vivance-dreams-2-paar-pyjama-mit-tierprint-in-schwarz-weiss-pink-gr-48-50\/","title":{"rendered":"Vivance Dreams 2 pary pi\u017cam z nadrukiem zwierz\u0119cym, czarne, bia\u0142e, r\u00f3\u017cowe, rozmiar 48\/50"},"content":{"rendered":"<p>Podw\u00f3jny zestaw pi\u017cam od Vivance Dreams<br \/>\nKoszulka z kr\u00f3tkim r\u0119kawem i kontrastowym nadrukiem z przodu.<br \/>\nKoszula z r\u0119kawami 3\/4 i nadrukowan\u0105 kieszeni\u0105 na piersi<br \/>\nPasek w kontrastowym kolorze<br \/>\nMi\u0119kka jako\u015b\u0107 dla wygodnego dopasowania<\/p>\n<p>Pi\u017cama od Vivance Dreams jest dostarczana w podw\u00f3jnym opakowaniu: 1x koszulka z kr\u00f3tkim r\u0119kawem z kontrastowym wywini\u0119ciem i nadrukiem z przodu oraz spodnie w jednolitym kolorze i 1x koszulka z r\u0119kawami o d\u0142ugo\u015bci 3\/4 i nadrukowan\u0105 kieszeni\u0105 na piersi oraz spodnie z nadrukiem i kontrastowymi mankietami.<br \/>\nTen 2-pak pi\u017cam rozpieszcza mi\u0119kk\u0105 bawe\u0142nian\u0105 tkanin\u0105, kt\u00f3ra jest przyjemna w dotyku.<\/p>\n<p>Materia\u0142: bawe\u0142na 100%<br \/>\nWskaz\u00f3wki dotycz\u0105ce piel\u0119gnacji: Pra\u0107 w pralce<\/p>\n<p>Kolor: czarno-bia\u0142y, czarno-r\u00f3\u017cowy<br \/>\nWz\u00f3r: zwierz\u0119cy nadruk<br \/>\nRozmiar: 48\/50<\/p>\n<p>Top 1 Top 2 Spodnie<br \/>\nSzeroko\u015b\u0107 w klatce piersiowej: 122 cm Szeroko\u015b\u0107 w klatce piersiowej: 123 cm Szew wewn\u0119trzny: 77 cm<br \/>\nD\u0142ugo\u015b\u0107 ca\u0142kowita: 74 cm D\u0142ugo\u015b\u0107 ca\u0142kowita: 70 cm D\u0142ugo\u015b\u0107 ca\u0142kowita: 102 cm<br \/>\nD\u0142ugo\u015b\u0107 r\u0119kawa: 44 cm D\u0142ugo\u015b\u0107 r\u0119kawa: 11 cm<\/p>\n<p>&nbsp;<\/p>","protected":false},"excerpt":{"rendered":"<div class=\"spec-holder\">\n<div class=\"row\">\n<div class=\"col-xs-5 spec-name\">\n<table class=\"dv_characteristicsTable\">\n<tbody>\n<tr>\n<td class=\"left\">Rozmiar<\/td>\n<td>48\/50<\/td>\n<\/tr>\n<tr>\n<td class=\"left\">Gr\u00f6\u00dfentyp<\/td>\n<td>Normalgr\u00f6\u00dfen<\/td>\n<\/tr>\n<tr>\n<td class=\"left\">Kolor<\/td>\n<td>schwarz, wei\u00df<\/td>\n<\/tr>\n<tr>\n<td class=\"left\">Farbe Packst\u00fcck 2<\/td>\n<td>schwarz, pink<\/td>\n<\/tr>\n<tr>\n<td class=\"left\">Applikationen<\/td>\n<td>Schriftzug, Allover-Druck<\/td>\n<\/tr>\n<tr>\n<td class=\"left\">Sk\u0142ad materia\u0142u<\/td>\n<td>Obermaterial: 100% Baumwolle<\/td>\n<\/tr>\n<tr>\n<td class=\"left\">Instrukcje dotycz\u0105ce piel\u0119gnacji<\/td>\n<td>Pranie w pralce<\/td>\n<\/tr>\n<tr>\n<td class=\"left\">Optik<\/td>\n<td>bedruckt, gemustert, kontrastfarbene Details<\/td>\n<\/tr>\n<tr>\n<td class=\"left\">Stil<\/td>\n<td>Basic<\/td>\n<\/tr>\n<tr>\n<td class=\"left\">Ausschnitt<\/td>\n<td>Rundhals<\/td>\n<\/tr>\n<tr>\n<td class=\"left\">Ausschnittdetails<\/td>\n<td>Blende<\/td>\n<\/tr>\n<tr>\n<td class=\"left\">\u00c4rmel<\/td>\n<td>Kurzarm + Langarm<\/td>\n<\/tr>\n<tr>\n<td class=\"left\">\u00c4rmelabschluss<\/td>\n<td>abgerundeter Saum<\/td>\n<\/tr>\n<tr>\n<td class=\"left\">Dopasowanie<\/td>\n<td>bequem<\/td>\n<\/tr>\n<tr>\n<td class=\"left\">Rumpfabschluss<\/td>\n<td>B\u00fcndchen<\/td>\n<\/tr>\n<tr>\n<td class=\"left\">Schnittform L\u00e4nge<\/td>\n<td>lang<\/td>\n<\/tr>\n<tr>\n<td class=\"left\">Beinform<\/td>\n<td>gerade<\/td>\n<\/tr>\n<tr>\n<td class=\"left\">Beinabschluss<\/td>\n<td>abgerundeter Saum<\/td>\n<\/tr>\n<tr>\n<td class=\"left\">Leibh\u00f6he<\/td>\n<td>normal<\/td>\n<\/tr>\n<tr>\n<td class=\"left\">Bundabschluss<\/td>\n<td>abgerundeter Saum<\/td>\n<\/tr>\n<\/tbody>\n<\/table>\n<\/div>\n<\/div>\n<\/div>","protected":false},"featured_media":81711,"comment_status":"open","ping_status":"closed","template":"","meta":{"_seopress_robots_primary_cat":"","_seopress_titles_title":"","_seopress_titles_desc":"","_seopress_robots_index":""},"product_brand":[],"product_cat":[1348,1520,1639],"product_tag":[],"class_list":{"0":"post-81605","1":"product","2":"type-product","3":"status-publish","4":"has-post-thumbnail","6":"product_cat-damen-mode","7":"product_cat-nachtwaesche","8":"product_cat-pyjama-lang","9":"product_shipping_class-standard-versand","11":"first","12":"instock","13":"taxable","14":"shipping-taxable","15":"purchasable","16":"product-type-simple"},"_links":{"self":[{"href":"https:\/\/www.soanam.de\/pl\/wp-json\/wp\/v2\/product\/81605","targetHints":{"allow":["GET"]}}],"collection":[{"href":"https:\/\/www.soanam.de\/pl\/wp-json\/wp\/v2\/product"}],"about":[{"href":"https:\/\/www.soanam.de\/pl\/wp-json\/wp\/v2\/types\/product"}],"replies":[{"embeddable":true,"href":"https:\/\/www.soanam.de\/pl\/wp-json\/wp\/v2\/comments?post=81605"}],"wp:featuredmedia":[{"embeddable":true,"href":"https:\/\/www.soanam.de\/pl\/wp-json\/wp\/v2\/media\/81711"}],"wp:attachment":[{"href":"https:\/\/www.soanam.de\/pl\/wp-json\/wp\/v2\/media?parent=81605"}],"wp:term":[{"taxonomy":"product_brand","embeddable":true,"href":"https:\/\/www.soanam.de\/pl\/wp-json\/wp\/v2\/product_brand?post=81605"},{"taxonomy":"product_cat","embeddable":true,"href":"https:\/\/www.soanam.de\/pl\/wp-json\/wp\/v2\/product_cat?post=81605"},{"taxonomy":"product_tag","embeddable":true,"href":"https:\/\/www.soanam.de\/pl\/wp-json\/wp\/v2\/product_tag?post=81605"}],"curies":[{"name":"wp","href":"https:\/\/api.w.org\/{rel}","templated":true}]}}