{"id":81567,"date":"2023-12-14T02:01:27","date_gmt":"2023-12-14T01:01:27","guid":{"rendered":"https:\/\/www.soanam.de\/?post_type=product&#038;p=81567"},"modified":"2023-12-14T02:03:47","modified_gmt":"2023-12-14T01:03:47","slug":"mazaya-tyton-fajkowy-shisha-200g-letni-plaster-arbuza","status":"publish","type":"product","link":"https:\/\/www.soanam.de\/pl\/produkt\/mazaya-pfeifentabak-shisha-tabak-200g-summer-slice-wassermelone\/","title":{"rendered":"Tyto\u0144 fajkowy Mazaya, tyto\u0144 do shishy 200g - Summer Slice \/ Watermelon"},"content":{"rendered":"<p>Jorda\u0144ski producent Mazaya \u0142\u0105czy wysokiej jako\u015bci tyto\u0144 z Francji z aromatami klasycznych receptur.<br \/>\nDobrze chroniony przez uszczelnienie smakowe i zamykan\u0105 puszk\u0119, tyto\u0144 do fajki wodnej oferuje zr\u00f3wnowa\u017cony, \u015bwie\u017cy smak i atrakcyjny rozw\u00f3j dymu.<\/p>\n<p>Letni kawa\u0142ek: arbuz<\/p>\n<p>Ilo\u015b\u0107: 200g<\/p>\n<p><span style=\"color: #ff0000;\"><strong><em>Uwaga:<\/em><\/strong><\/span><br \/>\nZakaz wysy\u0142ki tytoniu za granic\u0119!<\/p>","protected":false},"excerpt":{"rendered":"<p>Jorda\u0144ski producent Mazaya \u0142\u0105czy wysokiej jako\u015bci tyto\u0144 z Francji z aromatami klasycznych receptur. Dobrze chroniony przez uszczelnienie smakowe i zamykan\u0105 puszk\u0119, tyto\u0144 do fajki wodnej oferuje zr\u00f3wnowa\u017cony, \u015bwie\u017cy smak i atrakcyjny rozw\u00f3j dymu. Summer Slice: Watermelon Ilo\u015b\u0107: 200 g Uwaga: zakaz wysy\u0142ki tytoniu za granic\u0119!<\/p>","protected":false},"featured_media":81674,"comment_status":"open","ping_status":"closed","template":"","meta":{"_seopress_robots_primary_cat":"","_seopress_titles_title":"","_seopress_titles_desc":"","_seopress_robots_index":""},"product_brand":[],"product_cat":[1730],"product_tag":[346],"class_list":{"0":"post-81567","1":"product","2":"type-product","3":"status-publish","4":"has-post-thumbnail","6":"product_cat-sonstiges-2","7":"product_tag-346","8":"product_shipping_class-standard-versand","10":"first","11":"instock","12":"taxable","13":"shipping-taxable","14":"purchasable","15":"product-type-simple"},"_links":{"self":[{"href":"https:\/\/www.soanam.de\/pl\/wp-json\/wp\/v2\/product\/81567","targetHints":{"allow":["GET"]}}],"collection":[{"href":"https:\/\/www.soanam.de\/pl\/wp-json\/wp\/v2\/product"}],"about":[{"href":"https:\/\/www.soanam.de\/pl\/wp-json\/wp\/v2\/types\/product"}],"replies":[{"embeddable":true,"href":"https:\/\/www.soanam.de\/pl\/wp-json\/wp\/v2\/comments?post=81567"}],"wp:featuredmedia":[{"embeddable":true,"href":"https:\/\/www.soanam.de\/pl\/wp-json\/wp\/v2\/media\/81674"}],"wp:attachment":[{"href":"https:\/\/www.soanam.de\/pl\/wp-json\/wp\/v2\/media?parent=81567"}],"wp:term":[{"taxonomy":"product_brand","embeddable":true,"href":"https:\/\/www.soanam.de\/pl\/wp-json\/wp\/v2\/product_brand?post=81567"},{"taxonomy":"product_cat","embeddable":true,"href":"https:\/\/www.soanam.de\/pl\/wp-json\/wp\/v2\/product_cat?post=81567"},{"taxonomy":"product_tag","embeddable":true,"href":"https:\/\/www.soanam.de\/pl\/wp-json\/wp\/v2\/product_tag?post=81567"}],"curies":[{"name":"wp","href":"https:\/\/api.w.org\/{rel}","templated":true}]}}