{"id":81547,"date":"2023-12-14T02:01:03","date_gmt":"2023-12-14T01:01:03","guid":{"rendered":"https:\/\/www.soanam.de\/?post_type=product&#038;p=81547"},"modified":"2023-12-14T02:03:17","modified_gmt":"2023-12-14T01:03:17","slug":"gregor-sakow-loza-wydanie-1999-w-twardej-oprawie-jezyk-niemiecki-pierwsza-powiesc-mrozu","status":"publish","type":"product","link":"https:\/\/www.soanam.de\/pl\/produkt\/gregor-sakow-die-loge-gebundene-ausgabe-1999-deutsch-der-erste-frost-roman\/","title":{"rendered":"Gregor Sakow \"Die Loge\" w twardej oprawie 1999 niemiecki (pierwsza powie\u015b\u0107 Frosta)"},"content":{"rendered":"<h3>Opis produktu<\/h3>\n<p>Rudow\u0142osa siostrzenica senatora z Hamburga znika po udziale w imprezie sado-maso. Sta\u0142y klient seks-linii telefonicznej Sexy Hexy zawsze pojawia si\u0119 jako Wielki Inkwizytor.<\/p>\n<p>W Internecie pojawiaj\u0105 si\u0119 filmy przedstawiaj\u0105ce palenie czarownic. Anonimowy rozm\u00f3wca pyta: \"Szukaj dymu, ga\u015b ogie\u0144\".<\/p>\n<p>Pierwsze elementy uk\u0142adanki dla Roberta Frosta, g\u00f3wnianego gliniarza, w sprawie, kt\u00f3ra staje si\u0119 podr\u00f3\u017c\u0105 w jego przesz\u0142o\u015b\u0107 i spotkaniem z jego w\u0142asnymi pragnieniami S&amp;M.<\/p>\n<p>Frost, kt\u00f3rego \u017cycie prywatne to balansowanie mi\u0119dzy bezczelnym uczniem a eleganckim starszym nauczycielem, napotyka o\u015bmiornic\u0119 oszustwa, w\u0142adzy i przemocy, kt\u00f3rej macki si\u0119gaj\u0105 polityki i biznesu. W trakcie tego procesu sam policjant staje si\u0119 cz\u0119\u015bci\u0105 perfidnej kalkulacji, kt\u00f3ra prowadzi go do koszmarnego bestiarium. Mr\u00f3z Sakowa, twardy do granic brutalno\u015bci, a jednocze\u015bnie kruchy, \u017cyje, kocha i dzia\u0142a poza mieszcza\u0144sk\u0105 moralno\u015bci\u0105 i polityczn\u0105 poprawno\u015bci\u0105, zawsze oddany tylko w\u0142asnym standardom sprawiedliwo\u015bci i zemsty.<\/p>\n<p>Pude\u0142ko pogr\u0105\u017ca czytelnika w ponurym, apokaliptycznym scenariuszu, w kt\u00f3rym pomimo ca\u0142ej grozy jest burzowa latarnia: t\u0119sknota za odkupieniem i mi\u0142o\u015bci\u0105.<\/p>\n<p><strong>Szczeg\u00f3\u0142y produktu<\/strong><br \/>\nWydawca : Charon Verlag Grimme KG<br \/>\nSeria ksi\u0105\u017cek : Powie\u015bci Frost, tom 1<br \/>\nRok wydania : 1999<br \/>\nJ\u0119zyk : niemiecki<br \/>\nOprawa : Twarda oprawa<br \/>\nLiczba stron: 301 stron<br \/>\nISBN-10 : 3931406156<br \/>\nISBN-13 : 978-3931406158<\/p>","protected":false},"excerpt":{"rendered":"<h3>Artikelmerkmale<\/h3>\n<p>Artikelzustand: Neu - Neues, ungelesenes, ungebrauchtes Buch in makellosem Zustand<\/p>\n<table dir=\"ltr\" border=\"1\" cellspacing=\"0\" cellpadding=\"0\">\n<colgroup>\n<col width=\"194\" \/>\n<col width=\"223\" \/><\/colgroup>\n<tbody>\n<tr>\n<td data-sheets-value=\"{&quot;1&quot;:2,&quot;2&quot;:&quot;Autor:&quot;}\">Autor:<\/td>\n<td data-sheets-value=\"{&quot;1&quot;:2,&quot;2&quot;:&quot;Gregor Sakow&quot;}\">Gregor Sakow<\/td>\n<\/tr>\n<tr>\n<td data-sheets-value=\"{&quot;1&quot;:2,&quot;2&quot;:&quot;Besonderheiten:&quot;}\">Funkcje specjalne:<\/td>\n<td data-sheets-value=\"{&quot;1&quot;:2,&quot;2&quot;:&quot;Black Label&quot;}\">Black Label<\/td>\n<\/tr>\n<tr>\n<td data-sheets-value=\"{&quot;1&quot;:2,&quot;2&quot;:&quot;Buchreihe:&quot;}\">Buchreihe:<\/td>\n<td data-sheets-value=\"{&quot;1&quot;:2,&quot;2&quot;:&quot;Frost Romane&quot;}\">Frost Romane<\/td>\n<\/tr>\n<tr>\n<td data-sheets-value=\"{&quot;1&quot;:2,&quot;2&quot;:&quot;Buchtitel:&quot;}\">Buchtitel:<\/td>\n<td data-sheets-value=\"{&quot;1&quot;:2,&quot;2&quot;:&quot;Die Loge&quot;}\">Die Loge<\/td>\n<\/tr>\n<tr>\n<td data-sheets-value=\"{&quot;1&quot;:2,&quot;2&quot;:&quot;Erscheinungsjahr:&quot;}\">Erscheinungsjahr:<\/td>\n<td data-sheets-value=\"{&quot;1&quot;:3,&quot;3&quot;:1999}\">1999<\/td>\n<\/tr>\n<tr>\n<td data-sheets-value=\"{&quot;1&quot;:2,&quot;2&quot;:&quot;Format:&quot;}\">Format:<\/td>\n<td data-sheets-value=\"{&quot;1&quot;:2,&quot;2&quot;:&quot;Gebundene Ausgabe&quot;}\">Gebundene Ausgabe<\/td>\n<\/tr>\n<tr>\n<td data-sheets-value=\"{&quot;1&quot;:2,&quot;2&quot;:&quot;Genre:&quot;}\">Genre:<\/td>\n<td data-sheets-value=\"{&quot;1&quot;:2,&quot;2&quot;:&quot;Kriminalroman&quot;}\">Kriminalroman<\/td>\n<\/tr>\n<tr>\n<td data-sheets-value=\"{&quot;1&quot;:2,&quot;2&quot;:&quot;Herstellungsland und -region:&quot;}\">Herstellungsland und -region:<\/td>\n<td data-sheets-value=\"{&quot;1&quot;:2,&quot;2&quot;:&quot;Deutschland&quot;}\">Niemcy<\/td>\n<\/tr>\n<tr>\n<td data-sheets-value=\"{&quot;1&quot;:2,&quot;2&quot;:&quot;ISBN:&quot;}\">ISBN:<\/td>\n<td data-sheets-value=\"{&quot;1&quot;:3,&quot;3&quot;:3931406156}\">3931406156<\/td>\n<\/tr>\n<tr>\n<td data-sheets-value=\"{&quot;1&quot;:2,&quot;2&quot;:&quot;Literarische Gattung:&quot;}\">Literarische Gattung:<\/td>\n<td data-sheets-value=\"{&quot;1&quot;:2,&quot;2&quot;:&quot;Belletristik&quot;}\">Belletristik<\/td>\n<\/tr>\n<tr>\n<td data-sheets-value=\"{&quot;1&quot;:2,&quot;2&quot;:&quot;Produktart:&quot;}\">Produktart:<\/td>\n<td data-sheets-value=\"{&quot;1&quot;:2,&quot;2&quot;:&quot;Roman&quot;}\">Roman<\/td>\n<\/tr>\n<tr>\n<td data-sheets-value=\"{&quot;1&quot;:2,&quot;2&quot;:&quot;Sprache:&quot;}\">Sprache:<\/td>\n<td data-sheets-value=\"{&quot;1&quot;:2,&quot;2&quot;:&quot;Deutsch&quot;}\">Niemiecki<\/td>\n<\/tr>\n<tr>\n<td data-sheets-value=\"{&quot;1&quot;:2,&quot;2&quot;:&quot;Thematik:&quot;}\">Thematik:<\/td>\n<td data-sheets-value=\"{&quot;1&quot;:2,&quot;2&quot;:&quot;Thiller&quot;}\">Thiller<\/td>\n<\/tr>\n<tr>\n<td data-sheets-value=\"{&quot;1&quot;:2,&quot;2&quot;:&quot;Verlag:&quot;}\">Verlag:<\/td>\n<td data-sheets-value=\"{&quot;1&quot;:2,&quot;2&quot;:&quot;Charon Verlag Grimme KG&quot;}\">Charon Publishing House Grimme KG<\/td>\n<\/tr>\n<tr>\n<td data-sheets-value=\"{&quot;1&quot;:2,&quot;2&quot;:&quot;Zielgruppe:&quot;}\">Zielgruppe:<\/td>\n<td data-sheets-value=\"{&quot;1&quot;:2,&quot;2&quot;:&quot;Jugendliche, Erwachsene&quot;}\">Jugendliche, Erwachsene<\/td>\n<\/tr>\n<\/tbody>\n<\/table>","protected":false},"featured_media":81653,"comment_status":"open","ping_status":"closed","template":"","meta":{"_seopress_robots_primary_cat":"","_seopress_titles_title":"","_seopress_titles_desc":"","_seopress_robots_index":""},"product_brand":[],"product_cat":[1428,1429,1434,1451,1452],"product_tag":[],"class_list":{"0":"post-81547","1":"product","2":"type-product","3":"status-publish","4":"has-post-thumbnail","6":"product_cat-buecher","7":"product_cat-jugend","8":"product_cat-erwachsene","9":"product_cat-romane","10":"product_cat-romane-jugend","11":"product_shipping_class-standard-versand","13":"first","14":"instock","15":"sale","16":"taxable","17":"shipping-taxable","18":"purchasable","19":"product-type-simple"},"_links":{"self":[{"href":"https:\/\/www.soanam.de\/pl\/wp-json\/wp\/v2\/product\/81547","targetHints":{"allow":["GET"]}}],"collection":[{"href":"https:\/\/www.soanam.de\/pl\/wp-json\/wp\/v2\/product"}],"about":[{"href":"https:\/\/www.soanam.de\/pl\/wp-json\/wp\/v2\/types\/product"}],"replies":[{"embeddable":true,"href":"https:\/\/www.soanam.de\/pl\/wp-json\/wp\/v2\/comments?post=81547"}],"wp:featuredmedia":[{"embeddable":true,"href":"https:\/\/www.soanam.de\/pl\/wp-json\/wp\/v2\/media\/81653"}],"wp:attachment":[{"href":"https:\/\/www.soanam.de\/pl\/wp-json\/wp\/v2\/media?parent=81547"}],"wp:term":[{"taxonomy":"product_brand","embeddable":true,"href":"https:\/\/www.soanam.de\/pl\/wp-json\/wp\/v2\/product_brand?post=81547"},{"taxonomy":"product_cat","embeddable":true,"href":"https:\/\/www.soanam.de\/pl\/wp-json\/wp\/v2\/product_cat?post=81547"},{"taxonomy":"product_tag","embeddable":true,"href":"https:\/\/www.soanam.de\/pl\/wp-json\/wp\/v2\/product_tag?post=81547"}],"curies":[{"name":"wp","href":"https:\/\/api.w.org\/{rel}","templated":true}]}}