{"id":81500,"date":"2023-12-14T02:00:09","date_gmt":"2023-12-14T01:00:09","guid":{"rendered":"https:\/\/www.soanam.de\/?post_type=product&#038;p=81500"},"modified":"2023-12-14T02:02:11","modified_gmt":"2023-12-14T01:02:11","slug":"vivance-dreams-pyjama-mit-gemusterter-schlafhose-in-hellrosa-gebluemt-groesse-40-42","status":"publish","type":"product","link":"https:\/\/www.soanam.de\/pl\/produkt\/vivance-dreams-pyjama-mit-gemusterter-schlafhose-in-hellrosa-gebluemt-groesse-40-42\/","title":{"rendered":"Pi\u017cama Vivance Dreams z wzorzystymi spodniami do spania, jasnor\u00f3\u017cowa, w kwiaty, rozmiar 40\/42"},"content":{"rendered":"<p>Pyjama-Set von Vivance Dreams<br \/>\nAus Hose und Langarmshirt<br \/>\nLangarmshirt mit Rundhalsausschnitt und Brusttasche<br \/>\nSpodnie z elastycznym \u015bci\u0105gaczem w pasie<br \/>\nPrzyjemnie mi\u0119kka bawe\u0142na wysokiej jako\u015bci<\/p>\n<p>Das trendige Longsleeve-Shirt mit Rundhalsausschnitt schmeichelt deiner Figur und f\u00e4llt dabei angenehm locker.<br \/>\nMega trendy: eine kleine Tasche auf der Brust!<br \/>\nDie Pyjamahose unschlagbar bequem durch weiches Baumwollmaterial und den elastischen Tunnelzugbund sowie Raffungen am Beinabschluss auf Kn\u00f6chelh\u00f6he, In leicht zulaufendem Schnitt mit femininem Muster schmeichelt sie deiner Figur.<\/p>\n<p>Materia\u0142: bawe\u0142na 100%<br \/>\nWskaz\u00f3wki dotycz\u0105ce piel\u0119gnacji: Pra\u0107 w pralce<\/p>\n<p>Farbe: hellrosa<br \/>\nWz\u00f3r: Kwiaty<br \/>\nRozmiar: 40\/42<\/p>\n<p>Najlepsze spodnie<br \/>\nBrustweite: 108cm\u00a0 \u00a0 \u00a0 \u00a0 \u00a0 \u00a0 \u00a0Schrittl\u00e4nge: 78cm<br \/>\nGesamtl\u00e4nge: 66cm\u00a0 \u00a0 \u00a0 \u00a0 \u00a0 \u00a0Gesamtl\u00e4nge: 102cm<\/p>\n<p>&nbsp;<\/p>\n<p>Ten nowy przedmiot jest zwrotem klienta bez etykiety.<\/p>\n<p>&nbsp;<\/p>\n<p>&nbsp;<\/p>","protected":false},"excerpt":{"rendered":"<div class=\"spec-holder\">\n<div class=\"row\">\n<div class=\"col-xs-5 spec-name\">\n<table class=\"dv_characteristicsTable\">\n<tbody>\n<tr>\n<td class=\"left\">Rozmiar<\/td>\n<td>40\/42<\/td>\n<\/tr>\n<tr>\n<td class=\"left\">Gr\u00f6\u00dfentyp<\/td>\n<td>Normalgr\u00f6\u00dfen<\/td>\n<\/tr>\n<tr>\n<td class=\"left\">Kolor<\/td>\n<td>hellrosa, gebl\u00fcmt<\/td>\n<\/tr>\n<tr>\n<td class=\"left\">Applikationen<\/td>\n<td>Allover-Druck<\/td>\n<\/tr>\n<tr>\n<td class=\"left\">Torby<\/td>\n<td>Kiesze\u0144 na piersi<\/td>\n<\/tr>\n<tr>\n<td class=\"left\">Sk\u0142ad materia\u0142u<\/td>\n<td>Obermaterial: 100% Baumwolle<\/td>\n<\/tr>\n<tr>\n<td class=\"left\">Instrukcje dotycz\u0105ce piel\u0119gnacji<\/td>\n<td>Pranie w pralce<\/td>\n<\/tr>\n<tr>\n<td class=\"left\">Stil<\/td>\n<td>Basic<\/td>\n<\/tr>\n<tr>\n<td class=\"left\">Ausschnitt<\/td>\n<td>Rundhals<\/td>\n<\/tr>\n<tr>\n<td class=\"left\">\u00c4rmel<\/td>\n<td>D\u0142ugi r\u0119kaw<\/td>\n<\/tr>\n<tr>\n<td class=\"left\">Schnittform L\u00e4nge<\/td>\n<td>lang<\/td>\n<\/tr>\n<tr>\n<td class=\"left\">Bundabschluss<\/td>\n<td>elastischer Bund<\/td>\n<\/tr>\n<tr>\n<td class=\"left\">Bundabschlussdetails<\/td>\n<td>mit Kordelzug<\/td>\n<\/tr>\n<\/tbody>\n<\/table>\n<\/div>\n<\/div>\n<\/div>","protected":false},"featured_media":81598,"comment_status":"open","ping_status":"closed","template":"","meta":{"_seopress_robots_primary_cat":"","_seopress_titles_title":"","_seopress_titles_desc":"","_seopress_robots_index":""},"product_brand":[],"product_cat":[1348,1520,1639],"product_tag":[],"class_list":{"0":"post-81500","1":"product","2":"type-product","3":"status-publish","4":"has-post-thumbnail","6":"product_cat-damen-mode","7":"product_cat-nachtwaesche","8":"product_cat-pyjama-lang","9":"product_shipping_class-standard-versand","11":"first","12":"instock","13":"sale","14":"taxable","15":"shipping-taxable","16":"purchasable","17":"product-type-simple"},"_links":{"self":[{"href":"https:\/\/www.soanam.de\/pl\/wp-json\/wp\/v2\/product\/81500","targetHints":{"allow":["GET"]}}],"collection":[{"href":"https:\/\/www.soanam.de\/pl\/wp-json\/wp\/v2\/product"}],"about":[{"href":"https:\/\/www.soanam.de\/pl\/wp-json\/wp\/v2\/types\/product"}],"replies":[{"embeddable":true,"href":"https:\/\/www.soanam.de\/pl\/wp-json\/wp\/v2\/comments?post=81500"}],"wp:featuredmedia":[{"embeddable":true,"href":"https:\/\/www.soanam.de\/pl\/wp-json\/wp\/v2\/media\/81598"}],"wp:attachment":[{"href":"https:\/\/www.soanam.de\/pl\/wp-json\/wp\/v2\/media?parent=81500"}],"wp:term":[{"taxonomy":"product_brand","embeddable":true,"href":"https:\/\/www.soanam.de\/pl\/wp-json\/wp\/v2\/product_brand?post=81500"},{"taxonomy":"product_cat","embeddable":true,"href":"https:\/\/www.soanam.de\/pl\/wp-json\/wp\/v2\/product_cat?post=81500"},{"taxonomy":"product_tag","embeddable":true,"href":"https:\/\/www.soanam.de\/pl\/wp-json\/wp\/v2\/product_tag?post=81500"}],"curies":[{"name":"wp","href":"https:\/\/api.w.org\/{rel}","templated":true}]}}