{"id":81480,"date":"2023-12-14T01:59:44","date_gmt":"2023-12-14T00:59:44","guid":{"rendered":"https:\/\/www.soanam.de\/?post_type=product&#038;p=81480"},"modified":"2023-12-14T02:01:49","modified_gmt":"2023-12-14T01:01:49","slug":"vivance-dreams-pyjama-set-3-tlg-in-schwarz-pink-groesse-36-38","status":"publish","type":"product","link":"https:\/\/www.soanam.de\/pl\/produkt\/vivance-dreams-pyjama-set-3-tlg-in-schwarz-pink-groesse-36-38\/","title":{"rendered":"3-cz\u0119\u015bciowy zestaw pi\u017cam Vivance Dreams w kolorze czarno-r\u00f3\u017cowym, rozmiar 36\/38"},"content":{"rendered":"<p>3-cz\u0119\u015bciowy zestaw pi\u017camowy od Vivance Dreams<br \/>\nD\u0142uga czarna koszulka z okr\u0105g\u0142ym dekoltem i nadrukiem z przodu<br \/>\nKr\u00f3tka r\u00f3\u017cowa koszulka z okr\u0105g\u0142ym dekoltem i nadrukiem z przodu<br \/>\nD\u0142ugie spodnie z elastycznym \u015bci\u0105gaczem w pasie i elastycznym do\u0142em<br \/>\nPrzyjemna w noszeniu dzi\u0119ki czystej bawe\u0142nie<\/p>\n<p>3-cz\u0119\u015bciowy zestaw pi\u017camy od Vivance Dreams zawiera d\u0142ug\u0105 koszulk\u0119 z klasycznym okr\u0105g\u0142ym dekoltem i pi\u0119knym nadrukiem z przodu oraz koszulk\u0119 z kr\u00f3tkim r\u0119kawem w kontrastowym kolorze, kt\u00f3ra r\u00f3wnie\u017c ma okr\u0105g\u0142y dekolt i nadruk z przodu.<br \/>\nD\u0142ugie, bardzo wygodne spodnie od pi\u017camy z elastycznym \u015bci\u0105gaczem w pasie i u do\u0142u pasuj\u0105 do obu top\u00f3w.<br \/>\nZestaw jest niezwykle wygodny w noszeniu, poniewa\u017c jest wykonany z mi\u0119kkiej bawe\u0142ny.<\/p>\n<p>Materia\u0142: bawe\u0142na 100%<br \/>\nWskaz\u00f3wki dotycz\u0105ce piel\u0119gnacji: Pra\u0107 w pralce<\/p>\n<p>Kolor: czarno-r\u00f3\u017cowy<br \/>\nWz\u00f3r: Nadruk z przodu<br \/>\nRozmiar: 36\/38<\/p>\n<p>Oberteil 1\u00a0 \u00a0 \u00a0 \u00a0 \u00a0 \u00a0 \u00a0 \u00a0 \u00a0 \u00a0 \u00a0 Oberteil 2\u00a0 \u00a0 \u00a0 \u00a0 \u00a0 Hose<br \/>\nBrustweite: 94cm\u00a0 \u00a0 \u00a0 \u00a098cm\u00a0 \u00a0 \u00a0 \u00a0 \u00a0 \u00a0 \u00a0 \u00a0 \u00a0 Schrittl\u00e4nge: 77cm<br \/>\nGesamtl\u00e4nge: 69cm\u00a0 \u00a064cm\u00a0 \u00a0 \u00a0 \u00a0 \u00a0 \u00a0 \u00a0 \u00a0 \u00a0Gesamtl\u00e4nge: 95cm<\/p>\n<p>&nbsp;<\/p>\n<p>&nbsp;<\/p>","protected":false},"excerpt":{"rendered":"<div class=\"spec-holder\">\n<div class=\"row\">\n<div class=\"col-xs-5 spec-name\">\n<table class=\"dv_characteristicsTable\">\n<tbody>\n<tr>\n<td class=\"left\">Rozmiar<\/td>\n<td>36\/38<\/td>\n<\/tr>\n<tr>\n<td class=\"left\">Gr\u00f6\u00dfentyp<\/td>\n<td>Normalgr\u00f6\u00dfen<\/td>\n<\/tr>\n<tr>\n<td class=\"left\">Kolor<\/td>\n<td>pink, schwarz<\/td>\n<\/tr>\n<tr>\n<td class=\"left\">Sk\u0142ad materia\u0142u<\/td>\n<td>Obermaterial: 100% Baumwolle<\/td>\n<\/tr>\n<tr>\n<td class=\"left\">Instrukcje dotycz\u0105ce piel\u0119gnacji<\/td>\n<td>Pranie w pralce<\/td>\n<\/tr>\n<tr>\n<td class=\"left\">\u00c4rmel<\/td>\n<td>1x Kurzarm, 1x Langarm<\/td>\n<\/tr>\n<tr>\n<td class=\"left\">Schnittform L\u00e4nge<\/td>\n<td>lang<\/td>\n<\/tr>\n<\/tbody>\n<\/table>\n<\/div>\n<\/div>\n<\/div>","protected":false},"featured_media":81581,"comment_status":"open","ping_status":"closed","template":"","meta":{"_seopress_robots_primary_cat":"","_seopress_titles_title":"","_seopress_titles_desc":"","_seopress_robots_index":""},"product_brand":[],"product_cat":[1348,1520,1639],"product_tag":[],"class_list":{"0":"post-81480","1":"product","2":"type-product","3":"status-publish","4":"has-post-thumbnail","6":"product_cat-damen-mode","7":"product_cat-nachtwaesche","8":"product_cat-pyjama-lang","9":"product_shipping_class-standard-versand","11":"first","12":"instock","13":"taxable","14":"shipping-taxable","15":"purchasable","16":"product-type-simple"},"_links":{"self":[{"href":"https:\/\/www.soanam.de\/pl\/wp-json\/wp\/v2\/product\/81480","targetHints":{"allow":["GET"]}}],"collection":[{"href":"https:\/\/www.soanam.de\/pl\/wp-json\/wp\/v2\/product"}],"about":[{"href":"https:\/\/www.soanam.de\/pl\/wp-json\/wp\/v2\/types\/product"}],"replies":[{"embeddable":true,"href":"https:\/\/www.soanam.de\/pl\/wp-json\/wp\/v2\/comments?post=81480"}],"wp:featuredmedia":[{"embeddable":true,"href":"https:\/\/www.soanam.de\/pl\/wp-json\/wp\/v2\/media\/81581"}],"wp:attachment":[{"href":"https:\/\/www.soanam.de\/pl\/wp-json\/wp\/v2\/media?parent=81480"}],"wp:term":[{"taxonomy":"product_brand","embeddable":true,"href":"https:\/\/www.soanam.de\/pl\/wp-json\/wp\/v2\/product_brand?post=81480"},{"taxonomy":"product_cat","embeddable":true,"href":"https:\/\/www.soanam.de\/pl\/wp-json\/wp\/v2\/product_cat?post=81480"},{"taxonomy":"product_tag","embeddable":true,"href":"https:\/\/www.soanam.de\/pl\/wp-json\/wp\/v2\/product_tag?post=81480"}],"curies":[{"name":"wp","href":"https:\/\/api.w.org\/{rel}","templated":true}]}}