{"id":81456,"date":"2023-12-14T01:59:19","date_gmt":"2023-12-14T00:59:19","guid":{"rendered":"https:\/\/www.soanam.de\/?post_type=product&#038;p=81456"},"modified":"2023-12-14T02:01:18","modified_gmt":"2023-12-14T01:01:18","slug":"pizama-arizona-z-zapieciem-na-guziki-w-kolorze-granatowym-rozmiar-56-58","status":"publish","type":"product","link":"https:\/\/www.soanam.de\/pl\/produkt\/arizona-pyjama-mit-knopfleiste-in-blau-marine-groesse-56-58\/","title":{"rendered":"Pi\u017cama Arizona z zapi\u0119ciem na guziki, niebiesko-granatowa, rozmiar 56\/58"},"content":{"rendered":"<p>D\u0142uga pi\u017cama z Arizony<br \/>\nTop z zapi\u0119ciem na guziki przy okr\u0105g\u0142ym dekolcie<br \/>\nLogo na lewej piersi<br \/>\nSpodnie z bocznymi kieszeniami<br \/>\nCzysta bawe\u0142na<\/p>\n<p>Mi\u0119kki d\u017cersejowy materia\u0142 tej dwucz\u0119\u015bciowej koszulki Arizona o prostym kroju zapewnia wygod\u0119 i przytulno\u015b\u0107.<br \/>\nNowoczesny ko\u0142nierzyk Henley pozwala wybra\u0107, czy wolisz zapi\u0105\u0107 go na guziki, czy nieco bardziej przewiewny.<br \/>\nC\u0119tkowana powierzchnia tworzy harmonijny kontrast z jednokolorowymi spodniami, a charakterystyczne detale etykiety na lewej piersi podkre\u015blaj\u0105 efektowny wygl\u0105d.<\/p>\n<p>Materia\u0142: bawe\u0142na 100%<br \/>\nWskaz\u00f3wki dotycz\u0105ce piel\u0119gnacji: Pra\u0107 w pralce<\/p>\n<p>Kolor: niebieski, c\u0119tkowany, granatowy<br \/>\nWz\u00f3r: Nadruk z logo<br \/>\nRozmiar: 56\/58<\/p>\n<p>Najlepsze spodnie<br \/>\nSzeroko\u015b\u0107 w klatce piersiowej: 128 cm D\u0142ugo\u015b\u0107 r\u0119kawa: 81 cm<br \/>\nD\u0142ugo\u015b\u0107 ca\u0142kowita: 73 cm D\u0142ugo\u015b\u0107 ca\u0142kowita: 111 cm<\/p>\n<p>&nbsp;<\/p>\n<p>&nbsp;<\/p>","protected":false},"excerpt":{"rendered":"<table class=\"dv_characteristicsTable\">\n<tbody>\n<tr>\n<td class=\"left\">Rozmiar<\/td>\n<td>56\/58<\/td>\n<\/tr>\n<tr>\n<td class=\"left\">Gr\u00f6\u00dfentyp<\/td>\n<td>Normalgr\u00f6\u00dfen<\/td>\n<\/tr>\n<tr>\n<td class=\"left\">Kolor<\/td>\n<td>blau, meliert, marine<\/td>\n<\/tr>\n<tr>\n<td class=\"left\">Torby<\/td>\n<td>Kieszenie<\/td>\n<\/tr>\n<tr>\n<td class=\"left\">Verschluss<\/td>\n<td>Gummizug<\/td>\n<\/tr>\n<tr>\n<td class=\"left\">Materialart<\/td>\n<td>Jersey<\/td>\n<\/tr>\n<tr>\n<td class=\"left\">Sk\u0142ad materia\u0142u<\/td>\n<td>Obermaterial: 100% Baumwolle<\/td>\n<\/tr>\n<tr>\n<td class=\"left\">Instrukcje dotycz\u0105ce piel\u0119gnacji<\/td>\n<td>Pranie w pralce<\/td>\n<\/tr>\n<tr>\n<td class=\"left\">Ausschnitt<\/td>\n<td>Rundhals<\/td>\n<\/tr>\n<tr>\n<td class=\"left\">Ausschnittdetails<\/td>\n<td>mit B\u00fcndchen, mit Knopfleiste<\/td>\n<\/tr>\n<tr>\n<td class=\"left\">\u00c4rmel<\/td>\n<td>D\u0142ugi r\u0119kaw<\/td>\n<\/tr>\n<tr>\n<td class=\"left\">\u00c4rmelabschluss<\/td>\n<td>angesetztes B\u00fcndchen<\/td>\n<\/tr>\n<tr>\n<td class=\"left\">Rumpfabschluss<\/td>\n<td>abgesteppte Kante<\/td>\n<\/tr>\n<tr>\n<td class=\"left\">Beinform<\/td>\n<td>gerade<\/td>\n<\/tr>\n<tr>\n<td class=\"left\">Beinabschluss<\/td>\n<td>abgesteppte Kante<\/td>\n<\/tr>\n<tr>\n<td class=\"left\">Bundabschluss<\/td>\n<td>elastischer Bund<\/td>\n<\/tr>\n<\/tbody>\n<\/table>\n<div class=\"spec-holder\">\n<div class=\"row\">\n<div class=\"col-xs-5 spec-name\"><\/div>\n<\/div>\n<\/div>","protected":false},"featured_media":81557,"comment_status":"open","ping_status":"closed","template":"","meta":{"_seopress_robots_primary_cat":"","_seopress_titles_title":"","_seopress_titles_desc":"","_seopress_robots_index":""},"product_brand":[],"product_cat":[1345,1634,1637],"product_tag":[],"class_list":{"0":"post-81456","1":"product","2":"type-product","3":"status-publish","4":"has-post-thumbnail","6":"product_cat-herrenmode","7":"product_cat-nachtwaesche-herrenmode","8":"product_cat-pyjamas-nachtwaesche-herrenmode","9":"product_shipping_class-standard-versand","11":"first","12":"instock","13":"taxable","14":"shipping-taxable","15":"purchasable","16":"product-type-simple"},"_links":{"self":[{"href":"https:\/\/www.soanam.de\/pl\/wp-json\/wp\/v2\/product\/81456","targetHints":{"allow":["GET"]}}],"collection":[{"href":"https:\/\/www.soanam.de\/pl\/wp-json\/wp\/v2\/product"}],"about":[{"href":"https:\/\/www.soanam.de\/pl\/wp-json\/wp\/v2\/types\/product"}],"replies":[{"embeddable":true,"href":"https:\/\/www.soanam.de\/pl\/wp-json\/wp\/v2\/comments?post=81456"}],"wp:featuredmedia":[{"embeddable":true,"href":"https:\/\/www.soanam.de\/pl\/wp-json\/wp\/v2\/media\/81557"}],"wp:attachment":[{"href":"https:\/\/www.soanam.de\/pl\/wp-json\/wp\/v2\/media?parent=81456"}],"wp:term":[{"taxonomy":"product_brand","embeddable":true,"href":"https:\/\/www.soanam.de\/pl\/wp-json\/wp\/v2\/product_brand?post=81456"},{"taxonomy":"product_cat","embeddable":true,"href":"https:\/\/www.soanam.de\/pl\/wp-json\/wp\/v2\/product_cat?post=81456"},{"taxonomy":"product_tag","embeddable":true,"href":"https:\/\/www.soanam.de\/pl\/wp-json\/wp\/v2\/product_tag?post=81456"}],"curies":[{"name":"wp","href":"https:\/\/api.w.org\/{rel}","templated":true}]}}