{"id":81438,"date":"2023-12-14T01:58:54","date_gmt":"2023-12-14T00:58:54","guid":{"rendered":"https:\/\/www.soanam.de\/?post_type=product&#038;p=81438"},"modified":"2023-12-14T02:01:15","modified_gmt":"2023-12-14T01:01:15","slug":"arizona-pizama-dwukolorowa-czarna-ecru-rozmiar-36-38-2","status":"publish","type":"product","link":"https:\/\/www.soanam.de\/pl\/produkt\/arizona-pyjama-zweifarbig-in-schwarz-ecru-groesse-36-38-2\/","title":{"rendered":"Pi\u017cama Arizona, dwukolorowa, w kolorze czarno-ecru, rozmiar 36\/38"},"content":{"rendered":"<p>Sportowa pi\u017cama z Arizony<br \/>\nRaglanowe r\u0119kawy w kontrastowym kolorze<br \/>\nNadruk na lewej piersi<br \/>\nSpodnie z elastycznym \u015bci\u0105gaczem w pasie<br \/>\nMi\u0119kki pojedynczy d\u017cersej wysokiej jako\u015bci<\/p>\n<p>Ta pi\u017cama Arizona zachwyca pierwszorz\u0119dnym komfortem i modnym designem.<br \/>\nKoszulka z d\u0142ugim r\u0119kawem ma raglanowe r\u0119kawy w kontrastowym kolorze z paskami, okr\u0105g\u0142y dekolt i ma\u0142e logo z przodu.<br \/>\nTe d\u0142ugie spodnie do spania maj\u0105 elastyczny pas ze sznurkiem w kontrastowym kolorze i kontrastowe paski na nogawkach.<br \/>\nMi\u0119kki bawe\u0142niany d\u017cersej jest bardzo delikatny dla sk\u00f3ry, a mi\u0119kkie mankiety na ramionach, u do\u0142u i na ko\u0144cach nogawek zapewniaj\u0105 idealne dopasowanie.<\/p>\n<p>Materia\u0142: bawe\u0142na 100%<br \/>\nWskaz\u00f3wki dotycz\u0105ce piel\u0119gnacji: Pra\u0107 w pralce<\/p>\n<p>Kolor: czarny, ecru<br \/>\nWz\u00f3r: Nadruk z logo<br \/>\nRozmiar: 36\/38<\/p>\n<p>Najlepsze spodnie<br \/>\nSzeroko\u015b\u0107 w klatce piersiowej: 92 cm Szwy: 74 cm<br \/>\nD\u0142ugo\u015b\u0107 ca\u0142kowita: 59 cm D\u0142ugo\u015b\u0107 ca\u0142kowita: 94 cm<\/p>\n<p>&nbsp;<\/p>\n<p>&nbsp;<\/p>","protected":false},"excerpt":{"rendered":"<div class=\"spec-holder\">\n<div class=\"row\">\n<div class=\"col-xs-5 spec-name\">\n<table class=\"dv_characteristicsTable\">\n<tbody>\n<tr>\n<td class=\"left\">Rozmiar<\/td>\n<td>36\/38<\/td>\n<\/tr>\n<tr>\n<td class=\"left\">Gr\u00f6\u00dfentyp<\/td>\n<td>Normalgr\u00f6\u00dfen<\/td>\n<\/tr>\n<tr>\n<td class=\"left\">Kolor<\/td>\n<td>schwarz, ecru<\/td>\n<\/tr>\n<tr>\n<td class=\"left\">Applikationen<\/td>\n<td>Druck<\/td>\n<\/tr>\n<tr>\n<td class=\"left\">Verschluss<\/td>\n<td>Bindeband, Tunnelzug<\/td>\n<\/tr>\n<tr>\n<td class=\"left\">Verschlussdetails<\/td>\n<td>vorn, zum Binden<\/td>\n<\/tr>\n<tr>\n<td class=\"left\">Sk\u0142ad materia\u0142u<\/td>\n<td>Obermaterial: 100% Baumwolle<\/td>\n<\/tr>\n<tr>\n<td class=\"left\">Instrukcje dotycz\u0105ce piel\u0119gnacji<\/td>\n<td>Pranie w pralce<\/td>\n<\/tr>\n<tr>\n<td class=\"left\">Stil<\/td>\n<td>Basic<\/td>\n<\/tr>\n<tr>\n<td class=\"left\">Ausschnitt<\/td>\n<td>Rundhals<\/td>\n<\/tr>\n<tr>\n<td class=\"left\">\u00c4rmel<\/td>\n<td>D\u0142ugi r\u0119kaw<\/td>\n<\/tr>\n<tr>\n<td class=\"left\">\u00c4rmeldetails<\/td>\n<td>mit Riegel<\/td>\n<\/tr>\n<tr>\n<td class=\"left\">\u00c4rmelabschluss<\/td>\n<td>angesetztes B\u00fcndchen<\/td>\n<\/tr>\n<tr>\n<td class=\"left\">Dopasowanie<\/td>\n<td>bequem<\/td>\n<\/tr>\n<tr>\n<td class=\"left\">Schnittform L\u00e4nge<\/td>\n<td>lang<\/td>\n<\/tr>\n<tr>\n<td class=\"left\">Beinform<\/td>\n<td>gerade, unten schmal<\/td>\n<\/tr>\n<tr>\n<td class=\"left\">Beinabschluss<\/td>\n<td>angesetztes B\u00fcndchen<\/td>\n<\/tr>\n<\/tbody>\n<\/table>\n<\/div>\n<\/div>\n<\/div>","protected":false},"featured_media":81553,"comment_status":"open","ping_status":"closed","template":"","meta":{"_seopress_robots_primary_cat":"","_seopress_titles_title":"","_seopress_titles_desc":"","_seopress_robots_index":""},"product_brand":[],"product_cat":[1348,1520,1639],"product_tag":[],"class_list":{"0":"post-81438","1":"product","2":"type-product","3":"status-publish","4":"has-post-thumbnail","6":"product_cat-damen-mode","7":"product_cat-nachtwaesche","8":"product_cat-pyjama-lang","9":"product_shipping_class-standard-versand","11":"first","12":"instock","13":"taxable","14":"shipping-taxable","15":"purchasable","16":"product-type-simple"},"_links":{"self":[{"href":"https:\/\/www.soanam.de\/pl\/wp-json\/wp\/v2\/product\/81438","targetHints":{"allow":["GET"]}}],"collection":[{"href":"https:\/\/www.soanam.de\/pl\/wp-json\/wp\/v2\/product"}],"about":[{"href":"https:\/\/www.soanam.de\/pl\/wp-json\/wp\/v2\/types\/product"}],"replies":[{"embeddable":true,"href":"https:\/\/www.soanam.de\/pl\/wp-json\/wp\/v2\/comments?post=81438"}],"wp:featuredmedia":[{"embeddable":true,"href":"https:\/\/www.soanam.de\/pl\/wp-json\/wp\/v2\/media\/81553"}],"wp:attachment":[{"href":"https:\/\/www.soanam.de\/pl\/wp-json\/wp\/v2\/media?parent=81438"}],"wp:term":[{"taxonomy":"product_brand","embeddable":true,"href":"https:\/\/www.soanam.de\/pl\/wp-json\/wp\/v2\/product_brand?post=81438"},{"taxonomy":"product_cat","embeddable":true,"href":"https:\/\/www.soanam.de\/pl\/wp-json\/wp\/v2\/product_cat?post=81438"},{"taxonomy":"product_tag","embeddable":true,"href":"https:\/\/www.soanam.de\/pl\/wp-json\/wp\/v2\/product_tag?post=81438"}],"curies":[{"name":"wp","href":"https:\/\/api.w.org\/{rel}","templated":true}]}}