{"id":81436,"date":"2023-12-14T01:58:53","date_gmt":"2023-12-14T00:58:53","guid":{"rendered":"https:\/\/www.soanam.de\/?post_type=product&#038;p=81436"},"modified":"2023-12-14T02:01:09","modified_gmt":"2023-12-14T01:01:09","slug":"lascana-kimono-mit-bindeguertel-in-braun-groesse-36-38","status":"publish","type":"product","link":"https:\/\/www.soanam.de\/pl\/produkt\/lascana-kimono-mit-bindeguertel-in-braun-groesse-36-38\/","title":{"rendered":"LASCANA Kimono mit Bindeg\u00fcrtel, in Braun, Gr\u00f6\u00dfe 36\/38"},"content":{"rendered":"<p>Kimono mit Bindeg\u00fcrtel von Lascana<br \/>\nEinfarbig mit kontrastfarbenen Saumabschl\u00fcssen<br \/>\nG\u00fcrtel und Saumabschl\u00fcsse im Ethno Muster<br \/>\nAus angenehmer Viskosequalit\u00e4t<\/p>\n<p>Der locker geschnittene Kimono ist einfarbig gehalten jedoch der Bindeg\u00fcrtel und die Saumabschl\u00fcsse sind im auff\u00e4lligen Ethno Muster gestaltet.<br \/>\nDie softe, weich flie\u00dfende Qualit\u00e4t der Nachtw\u00e4sche wird dich zus\u00e4tzlich \u00fcberzeugen.<\/p>\n<p>Materia\u0142: wiskoza 100%<br \/>\nWskaz\u00f3wki dotycz\u0105ce piel\u0119gnacji: Pra\u0107 w pralce<\/p>\n<p>Farbe: braun, schwarz<br \/>\nMuster: Ethno Muster<br \/>\nRozmiar: 36\/38<\/p>\n<p>\u00c4rmell\u00e4nge: 42cm<br \/>\nCa\u0142kowita d\u0142ugo\u015b\u0107: 88 cm<\/p>\n<p>Ten nowy przedmiot jest zwrotem klienta bez etykiety.<\/p>\n<p>&nbsp;<\/p>","protected":false},"excerpt":{"rendered":"<div class=\"spec-holder\">\n<div class=\"row\">\n<div class=\"col-xs-5 spec-name\">\n<table class=\"dv_characteristicsTable\">\n<tbody>\n<tr>\n<td class=\"left\">Rozmiar<\/td>\n<td>36\/38<\/td>\n<\/tr>\n<tr>\n<td class=\"left\">Gr\u00f6\u00dfentyp<\/td>\n<td>Normalgr\u00f6\u00dfen<\/td>\n<\/tr>\n<\/tbody>\n<\/table>\n<table class=\"dv_characteristicsTable\">\n<caption>\u00a0<\/caption>\n<tbody>\n<tr>\n<td class=\"left\">Kolor<\/td>\n<td>braun<\/td>\n<\/tr>\n<tr>\n<td class=\"left\">Optik<\/td>\n<td>bedruckt<\/td>\n<\/tr>\n<\/tbody>\n<\/table>\n<table class=\"dv_characteristicsTable\">\n<caption>\u00a0<\/caption>\n<tbody>\n<tr>\n<td class=\"left\">Sk\u0142ad materia\u0142u<\/td>\n<td>100% Wiskoza<\/td>\n<\/tr>\n<tr>\n<td class=\"left\"><\/td>\n<td><\/td>\n<\/tr>\n<\/tbody>\n<\/table>\n<table class=\"dv_characteristicsTable\">\n<caption>\u00a0<\/caption>\n<tbody>\n<tr>\n<td class=\"left\">Schnittform L\u00e4nge<\/td>\n<td>Kurzform<\/td>\n<\/tr>\n<tr>\n<td class=\"left\">Stil \u00c4rmel<\/td>\n<td>Kimono\u00e4rmel<br \/>\n3\/4-Arm<\/td>\n<\/tr>\n<\/tbody>\n<\/table>\n<table class=\"dv_characteristicsTable\">\n<caption>\u00a0<\/caption>\n<tbody>\n<tr>\n<td class=\"left\">Art Verschluss<\/td>\n<td>Pas<\/td>\n<\/tr>\n<\/tbody>\n<\/table>\n<\/div>\n<\/div>\n<\/div>","protected":false},"featured_media":81551,"comment_status":"open","ping_status":"closed","template":"","meta":{"_seopress_robots_primary_cat":"","_seopress_titles_title":"","_seopress_titles_desc":"","_seopress_robots_index":""},"product_brand":[],"product_cat":[1348,1520,1633],"product_tag":[],"class_list":{"0":"post-81436","1":"product","2":"type-product","3":"status-publish","4":"has-post-thumbnail","6":"product_cat-damen-mode","7":"product_cat-nachtwaesche","8":"product_cat-bademaentel","9":"product_shipping_class-standard-versand","11":"first","12":"instock","13":"sale","14":"taxable","15":"shipping-taxable","16":"purchasable","17":"product-type-simple"},"_links":{"self":[{"href":"https:\/\/www.soanam.de\/pl\/wp-json\/wp\/v2\/product\/81436","targetHints":{"allow":["GET"]}}],"collection":[{"href":"https:\/\/www.soanam.de\/pl\/wp-json\/wp\/v2\/product"}],"about":[{"href":"https:\/\/www.soanam.de\/pl\/wp-json\/wp\/v2\/types\/product"}],"replies":[{"embeddable":true,"href":"https:\/\/www.soanam.de\/pl\/wp-json\/wp\/v2\/comments?post=81436"}],"wp:featuredmedia":[{"embeddable":true,"href":"https:\/\/www.soanam.de\/pl\/wp-json\/wp\/v2\/media\/81551"}],"wp:attachment":[{"href":"https:\/\/www.soanam.de\/pl\/wp-json\/wp\/v2\/media?parent=81436"}],"wp:term":[{"taxonomy":"product_brand","embeddable":true,"href":"https:\/\/www.soanam.de\/pl\/wp-json\/wp\/v2\/product_brand?post=81436"},{"taxonomy":"product_cat","embeddable":true,"href":"https:\/\/www.soanam.de\/pl\/wp-json\/wp\/v2\/product_cat?post=81436"},{"taxonomy":"product_tag","embeddable":true,"href":"https:\/\/www.soanam.de\/pl\/wp-json\/wp\/v2\/product_tag?post=81436"}],"curies":[{"name":"wp","href":"https:\/\/api.w.org\/{rel}","templated":true}]}}