{"id":81396,"date":"2023-12-14T01:58:05","date_gmt":"2023-12-14T00:58:05","guid":{"rendered":"https:\/\/www.soanam.de\/?post_type=product&#038;p=81396"},"modified":"2023-12-14T02:00:12","modified_gmt":"2023-12-14T01:00:12","slug":"tragetasche-fairtrade-bio-baumwolle-es-riecht-nach-liebe-hxbxt-39x35x12-cm","status":"publish","type":"product","link":"https:\/\/www.soanam.de\/pl\/produkt\/tragetasche-fairtrade-bio-baumwolle-es-riecht-nach-liebe-hxbxt-39x35x12-cm\/","title":{"rendered":"Tragetasche - Fairtrade - Bio Baumwolle 'Es riecht nach Liebe' HxBxT 39x35x12 cm"},"content":{"rendered":"<h3>Opis produktu<\/h3>\n<p>PonyH\u00fctchen hat in Zusammenarbeit mit dem anerkannten sozialen Unternehmen Freeset diese mega-coolen Tragetaschen f\u00fcr Euch entworfen und fertigen lassen. Jedes einzelne T\u00e4schchen wird zu 100% aus Eccocert zertifizierter Bio-Baumwolle gen\u00e4ht und mit Farbe auf Wasserbasis bedruckt. Angefertigt werden die Tragetaschen in einem fair trade Projekt, welches ehemaligen Sexarbeiterinnen in Kalkutta (Indien) als N\u00e4herinnen ausbildet und so ihnen und ihren Kindern eine gesicherte Zukunft zu fairen L\u00f6hnen, Krankenversicherungen und einer Altersvorsorge sichert.<\/p>\n<p><strong>jako\u015b\u0107<\/strong>:<br \/>\nJede Tasche besteht aus einem robusten, strapazierf\u00e4higem festen Bio-Baumwollstoff, bedruckt im Siebdruckverfahren mit Farben auf Wasserbasis<\/p>\n<p><strong>Rozmiar<\/strong>:<br \/>\nGer\u00e4umigkeit ist das Wichtigste bei einer Tragetasche - gross genug, um alle notwendigen Utensilien und Unterlagen zu verstauen. Egal ob als Einkaufstasche, am Badesee oder auch ins B\u00fcro - dieser tolle Beutel ist ein treuer Begleiter w\u00e4hrend des ganzen Tages.<br \/>\nMasse: 39cm (H\u00f6he) x 35 cm (Breite) x 12 cm (Tiefe)<\/p>\n<p><strong>Komfort<\/strong>:<br \/>\nDie extrabreiten Tr\u00e4ger sorgen daf\u00fcr, dass die Tasche richtig bequem zum Tragen ist, auch wenn mal etwas mehr transportiert wird - da schneidet nichts ein.<\/p>\n<p><strong>Fair Fashion:<\/strong><br \/>\nJede Tasche wird in Indien gefertigt. \u00dcber 250 Frauen erhalten durch die Arbeit f\u00fcr Freeset einen fairen Lohn, eine Alternative zu einem Leben in Armut und so die Chance auf eine bessere Zukunft.<\/p>","protected":false},"excerpt":{"rendered":"<h3>Artikelmerkmale<\/h3>\n<p>Artikelzustand: Neu mit Etikett - Neuer, unbenutzter und nicht getragener Artikel in der Originalverpackung<\/p>\n<table dir=\"ltr\" border=\"1\" cellspacing=\"0\" cellpadding=\"0\">\n<colgroup>\n<col width=\"194\" \/>\n<col width=\"223\" \/><\/colgroup>\n<tbody>\n<tr>\n<td data-sheets-value=\"{&quot;1&quot;:2,&quot;2&quot;:&quot;Abteilung:&quot;}\">Abteilung:<\/td>\n<td data-sheets-value=\"{&quot;1&quot;:2,&quot;2&quot;:&quot;Damen&quot;}\">Damen<\/td>\n<\/tr>\n<tr>\n<td data-sheets-value=\"{&quot;1&quot;:2,&quot;2&quot;:&quot;Breite:&quot;}\">Szeroko\u015b\u0107:<\/td>\n<td data-sheets-value=\"{&quot;1&quot;:2,&quot;2&quot;:&quot;35 cm&quot;}\">35 cm<\/td>\n<\/tr>\n<tr>\n<td data-sheets-value=\"{&quot;1&quot;:2,&quot;2&quot;:&quot;Herstellungsland und -region:&quot;}\">Herstellungsland und -region:<\/td>\n<td data-sheets-value=\"{&quot;1&quot;:2,&quot;2&quot;:&quot;Indien&quot;}\">Indien<\/td>\n<\/tr>\n<tr>\n<td data-sheets-value=\"{&quot;1&quot;:2,&quot;2&quot;:&quot;H\u00f6he:&quot;}\">Wysoko\u015b\u0107:<\/td>\n<td data-sheets-value=\"{&quot;1&quot;:2,&quot;2&quot;:&quot;39 cm&quot;}\">39 cm<\/td>\n<\/tr>\n<tr>\n<td data-sheets-value=\"{&quot;1&quot;:2,&quot;2&quot;:&quot;Marke:&quot;}\">Marke:<\/td>\n<td data-sheets-value=\"{&quot;1&quot;:2,&quot;2&quot;:&quot;freeset&quot;}\">Freeset<\/td>\n<\/tr>\n<tr>\n<td data-sheets-value=\"{&quot;1&quot;:2,&quot;2&quot;:&quot;Modifizierter Artikel:&quot;}\">Modifizierter Artikel:<\/td>\n<td data-sheets-value=\"{&quot;1&quot;:2,&quot;2&quot;:&quot;Nein&quot;}\">Nein<\/td>\n<\/tr>\n<tr>\n<td data-sheets-value=\"{&quot;1&quot;:2,&quot;2&quot;:&quot;Muster:&quot;}\">Wz\u00f3r:<\/td>\n<td data-sheets-value=\"{&quot;1&quot;:2,&quot;2&quot;:&quot;Slogan&quot;}\">Slogan<\/td>\n<\/tr>\n<tr>\n<td data-sheets-value=\"{&quot;1&quot;:2,&quot;2&quot;:&quot;Produktart:&quot;}\">Produktart:<\/td>\n<td data-sheets-value=\"{&quot;1&quot;:2,&quot;2&quot;:&quot;Tragetasche&quot;}\">Tragetasche<\/td>\n<\/tr>\n<tr>\n<td data-sheets-value=\"{&quot;1&quot;:2,&quot;2&quot;:&quot;Tiefe:&quot;}\">Tiefe:<\/td>\n<td data-sheets-value=\"{&quot;1&quot;:2,&quot;2&quot;:&quot;12 cm&quot;}\">12 cm<\/td>\n<\/tr>\n<\/tbody>\n<\/table>","protected":false},"featured_media":81503,"comment_status":"open","ping_status":"closed","template":"","meta":{"_seopress_robots_primary_cat":"","_seopress_titles_title":"","_seopress_titles_desc":"","_seopress_robots_index":""},"product_brand":[],"product_cat":[1348,1357,1358,1579],"product_tag":[],"class_list":{"0":"post-81396","1":"product","2":"type-product","3":"status-publish","4":"has-post-thumbnail","6":"product_cat-damen-mode","7":"product_cat-accessoires","8":"product_cat-taschen","9":"product_cat-tragetaschen","10":"product_shipping_class-standard-versand","12":"first","13":"instock","14":"sale","15":"taxable","16":"shipping-taxable","17":"purchasable","18":"product-type-simple"},"_links":{"self":[{"href":"https:\/\/www.soanam.de\/pl\/wp-json\/wp\/v2\/product\/81396","targetHints":{"allow":["GET"]}}],"collection":[{"href":"https:\/\/www.soanam.de\/pl\/wp-json\/wp\/v2\/product"}],"about":[{"href":"https:\/\/www.soanam.de\/pl\/wp-json\/wp\/v2\/types\/product"}],"replies":[{"embeddable":true,"href":"https:\/\/www.soanam.de\/pl\/wp-json\/wp\/v2\/comments?post=81396"}],"wp:featuredmedia":[{"embeddable":true,"href":"https:\/\/www.soanam.de\/pl\/wp-json\/wp\/v2\/media\/81503"}],"wp:attachment":[{"href":"https:\/\/www.soanam.de\/pl\/wp-json\/wp\/v2\/media?parent=81396"}],"wp:term":[{"taxonomy":"product_brand","embeddable":true,"href":"https:\/\/www.soanam.de\/pl\/wp-json\/wp\/v2\/product_brand?post=81396"},{"taxonomy":"product_cat","embeddable":true,"href":"https:\/\/www.soanam.de\/pl\/wp-json\/wp\/v2\/product_cat?post=81396"},{"taxonomy":"product_tag","embeddable":true,"href":"https:\/\/www.soanam.de\/pl\/wp-json\/wp\/v2\/product_tag?post=81396"}],"curies":[{"name":"wp","href":"https:\/\/api.w.org\/{rel}","templated":true}]}}