{"id":81375,"date":"2023-12-14T01:57:39","date_gmt":"2023-12-14T00:57:39","guid":{"rendered":"https:\/\/www.soanam.de\/?post_type=product&#038;p=81375"},"modified":"2023-12-14T01:59:49","modified_gmt":"2023-12-14T00:59:49","slug":"pizama-w-paski-w-kolorze-granatowym-w-paski-rozmiar-l-52-54","status":"publish","type":"product","link":"https:\/\/www.soanam.de\/pl\/produkt\/h-i-s-pyjama-in-streifenoptik-in-navy-gestreift-groesse-l-52-54\/","title":{"rendered":"Pi\u017cama H.I.S w paski, w granatowe paski, rozmiar L ( 52\/54 )"},"content":{"rendered":"<p>Pi\u017cama m\u0119ska od H.I.S<br \/>\nT-shirt z barwionymi paskami<br \/>\nKlasyczny okr\u0105g\u0142y dekolt<br \/>\nSpodnie w jednolitym kolorze<br \/>\nWykonane z czystej bawe\u0142ny<\/p>\n<p>Pi\u017cama H.I.S sk\u0142ada si\u0119 z koszulki z d\u0142ugim r\u0119kawem i d\u0142ugich spodni od pi\u017camy.<br \/>\nKoszulka z tradycyjnym okr\u0105g\u0142ym ko\u0142nierzykiem to klasyk, kt\u00f3ry zachwyca wysokiej jako\u015bci wzornictwem i barwionymi paskami.<br \/>\nSpodnie od pi\u017camy z prostymi nogawkami w jednolitym kolorze szczeg\u00f3lnie dobrze pasuj\u0105 do tej stylizacji.<br \/>\nPrzyjemny bawe\u0142niany materia\u0142 jest oddychaj\u0105cy i zapewnia relaksuj\u0105cy komfort.<\/p>\n<p>Materia\u0142: bawe\u0142na 100%<br \/>\nWskaz\u00f3wki dotycz\u0105ce piel\u0119gnacji: Pra\u0107 w pralce<\/p>\n<p>Kolor: granatowy<br \/>\nWz\u00f3r: paski<br \/>\nRozmiar: L<\/p>\n<p>Najlepsze spodnie<br \/>\nSzeroko\u015b\u0107 w klatce piersiowej: 120 cm Szwy: 81 cm<br \/>\nD\u0142ugo\u015b\u0107 ca\u0142kowita: 76 cm D\u0142ugo\u015b\u0107 ca\u0142kowita: 112 cm<\/p>\n<p>Ten nowy przedmiot jest zwrotem klienta bez etykiety.<\/p>\n<p>&nbsp;<\/p>","protected":false},"excerpt":{"rendered":"<div class=\"spec-holder\">\n<div class=\"row\">\n<div class=\"col-xs-5 spec-name\">\n<table class=\"dv_characteristicsTable\">\n<tbody>\n<tr>\n<td class=\"left\">Rozmiar<\/td>\n<td>52\/54<\/td>\n<\/tr>\n<tr>\n<td class=\"left\">Gr\u00f6\u00dfentyp<\/td>\n<td>Normalgr\u00f6\u00dfen<\/td>\n<\/tr>\n<tr>\n<td class=\"left\">Kolor<\/td>\n<td>marynarka<\/td>\n<\/tr>\n<tr>\n<td class=\"left\">Farbe Packst\u00fcck 2<\/td>\n<td>beige, navy, hellblau, gestreift<\/td>\n<\/tr>\n<tr>\n<td class=\"left\">Materialart<\/td>\n<td>Jersey<\/td>\n<\/tr>\n<tr>\n<td class=\"left\">Sk\u0142ad materia\u0142u<\/td>\n<td>Obermaterial: 100% Baumwolle<\/td>\n<\/tr>\n<tr>\n<td class=\"left\">Instrukcje dotycz\u0105ce piel\u0119gnacji<\/td>\n<td>Pranie w pralce<\/td>\n<\/tr>\n<tr>\n<td class=\"left\">Optik<\/td>\n<td>gestreift<\/td>\n<\/tr>\n<tr>\n<td class=\"left\">Ausschnitt<\/td>\n<td>Rundhals<\/td>\n<\/tr>\n<tr>\n<td class=\"left\">Ausschnittdetails<\/td>\n<td>mit B\u00fcndchen<\/td>\n<\/tr>\n<tr>\n<td class=\"left\">\u00c4rmel<\/td>\n<td>D\u0142ugi r\u0119kaw<\/td>\n<\/tr>\n<tr>\n<td class=\"left\">\u00c4rmelabschluss<\/td>\n<td>abgesteppte Kante<\/td>\n<\/tr>\n<tr>\n<td class=\"left\">Rumpfabschluss<\/td>\n<td>abgesteppte Kante<\/td>\n<\/tr>\n<tr>\n<td class=\"left\">Beinform<\/td>\n<td>gerade<\/td>\n<\/tr>\n<tr>\n<td class=\"left\">Beinabschluss<\/td>\n<td>abgesteppte Kante<\/td>\n<\/tr>\n<tr>\n<td class=\"left\">Bundabschluss<\/td>\n<td>elastischer Bund<\/td>\n<\/tr>\n<\/tbody>\n<\/table>\n<\/div>\n<\/div>\n<\/div>","protected":false},"featured_media":81483,"comment_status":"open","ping_status":"closed","template":"","meta":{"_seopress_robots_primary_cat":"","_seopress_titles_title":"","_seopress_titles_desc":"","_seopress_robots_index":""},"product_brand":[],"product_cat":[1345,1634,1637],"product_tag":[],"class_list":{"0":"post-81375","1":"product","2":"type-product","3":"status-publish","4":"has-post-thumbnail","6":"product_cat-herrenmode","7":"product_cat-nachtwaesche-herrenmode","8":"product_cat-pyjamas-nachtwaesche-herrenmode","9":"product_shipping_class-standard-versand","11":"first","12":"instock","13":"sale","14":"taxable","15":"shipping-taxable","16":"purchasable","17":"product-type-simple"},"_links":{"self":[{"href":"https:\/\/www.soanam.de\/pl\/wp-json\/wp\/v2\/product\/81375","targetHints":{"allow":["GET"]}}],"collection":[{"href":"https:\/\/www.soanam.de\/pl\/wp-json\/wp\/v2\/product"}],"about":[{"href":"https:\/\/www.soanam.de\/pl\/wp-json\/wp\/v2\/types\/product"}],"replies":[{"embeddable":true,"href":"https:\/\/www.soanam.de\/pl\/wp-json\/wp\/v2\/comments?post=81375"}],"wp:featuredmedia":[{"embeddable":true,"href":"https:\/\/www.soanam.de\/pl\/wp-json\/wp\/v2\/media\/81483"}],"wp:attachment":[{"href":"https:\/\/www.soanam.de\/pl\/wp-json\/wp\/v2\/media?parent=81375"}],"wp:term":[{"taxonomy":"product_brand","embeddable":true,"href":"https:\/\/www.soanam.de\/pl\/wp-json\/wp\/v2\/product_brand?post=81375"},{"taxonomy":"product_cat","embeddable":true,"href":"https:\/\/www.soanam.de\/pl\/wp-json\/wp\/v2\/product_cat?post=81375"},{"taxonomy":"product_tag","embeddable":true,"href":"https:\/\/www.soanam.de\/pl\/wp-json\/wp\/v2\/product_tag?post=81375"}],"curies":[{"name":"wp","href":"https:\/\/api.w.org\/{rel}","templated":true}]}}