{"id":81281,"date":"2023-12-14T01:49:08","date_gmt":"2023-12-14T00:49:08","guid":{"rendered":"https:\/\/www.soanam.de\/?post_type=product&#038;p=81281"},"modified":"2023-12-14T01:58:07","modified_gmt":"2023-12-14T00:58:07","slug":"tailliertes-kleid-aus-stretchigem-velours-in-schwarz-der-klassiker-in-groesse-36","status":"publish","type":"product","link":"https:\/\/www.soanam.de\/pl\/produkt\/tailliertes-kleid-aus-stretchigem-velours-in-schwarz-der-klassiker-in-groesse-36\/","title":{"rendered":"Tailliertes Kleid aus stretchigem Velours in schwarz - der Klassiker in Gr\u00f6\u00dfe 36"},"content":{"rendered":"<h3>Opis produktu<\/h3>\n<p>Tailliertes Kleid aus stretchigem Velours mit kleinem Stehkragen und H\u00e4kchenverschluss im Nacken. Im R\u00fccken l\u00e4ngs geteilt mit \u00d6ffnung und in der Taille abgesetzt. Lange \u00c4rmel. Ungef\u00fcttert.<\/p>\n<p><strong>Rozmiar<\/strong><br \/>\n\u00c4rmel: L\u00e4nge: 60.0 cm (Gr\u00f6\u00dfe 38) \u2013 cm = Ma\u00dfeinheit<br \/>\nSchulter: Breite: 33.9 cm (Gr\u00f6\u00dfe 38) \u2013 cm = Ma\u00dfeinheit<br \/>\nVorderseite: L\u00e4nge: 87.6 cm (Gr\u00f6\u00dfe 38) \u2013 cm = Ma\u00dfeinheit<br \/>\nKurz<br \/>\nD\u0142ugi r\u0119kaw<\/p>\n<p><strong>Dopasowanie<\/strong><br \/>\nFigurbetont<\/p>\n<p><strong>Styl<\/strong><br \/>\nObro\u017ca stoj\u0105ca<br \/>\nBodycon<\/p>\n<p><strong>Sk\u0142ad<\/strong><br \/>\nPolyester 92%, Elasthan 8%<\/p>\n<p><strong>Instrukcje dotycz\u0105ce piel\u0119gnacji<\/strong><br \/>\nPranie w pralce 40\u00b0<\/p>\n<p><strong>Opis<\/strong><br \/>\nCzarny<br \/>\neinfarbig<\/p>\n<p><strong>Koncepcja<\/strong><br \/>\nDIVIDED<\/p>","protected":false},"excerpt":{"rendered":"<h3>Artikelmerkmale<\/h3>\n<p>Artikelzustand: Neu mit Etikett - Neuer, unbenutzter und nicht getragener Artikel in der Originalverpackung<\/p>\n<table dir=\"ltr\" border=\"1\" cellspacing=\"0\" cellpadding=\"0\">\n<colgroup>\n<col width=\"194\" \/>\n<col width=\"223\" \/><\/colgroup>\n<tbody>\n<tr>\n<td data-sheets-value=\"{&quot;1&quot;:2,&quot;2&quot;:&quot;Abteilung:&quot;}\">Abteilung:<\/td>\n<td data-sheets-value=\"{&quot;1&quot;:2,&quot;2&quot;:&quot;Damen&quot;}\">Damen<\/td>\n<\/tr>\n<tr>\n<td data-sheets-value=\"{&quot;1&quot;:2,&quot;2&quot;:&quot;Anlass:&quot;}\">Anlass:<\/td>\n<td data-sheets-value=\"{&quot;1&quot;:2,&quot;2&quot;:&quot;Elegant&quot;}\">Elegant<\/td>\n<\/tr>\n<tr>\n<td data-sheets-value=\"{&quot;1&quot;:2,&quot;2&quot;:&quot;\u00c4rmell\u00e4nge:&quot;}\">\u00c4rmell\u00e4nge:<\/td>\n<td data-sheets-value=\"{&quot;1&quot;:2,&quot;2&quot;:&quot;Langarm&quot;}\">D\u0142ugi r\u0119kaw<\/td>\n<\/tr>\n<tr>\n<td data-sheets-value=\"{&quot;1&quot;:2,&quot;2&quot;:&quot;Ausschnitt:&quot;}\">Ausschnitt:<\/td>\n<td data-sheets-value=\"{&quot;1&quot;:2,&quot;2&quot;:&quot;Kleiner Stehkragen&quot;}\">Kleiner Stehkragen<\/td>\n<\/tr>\n<tr>\n<td data-sheets-value=\"{&quot;1&quot;:2,&quot;2&quot;:&quot;Farbe:&quot;}\">Kolor:<\/td>\n<td data-sheets-value=\"{&quot;1&quot;:2,&quot;2&quot;:&quot;Schwarz&quot;}\">Czarny<\/td>\n<\/tr>\n<tr>\n<td data-sheets-value=\"{&quot;1&quot;:2,&quot;2&quot;:&quot;Gewebeart:&quot;}\">Gewebeart:<\/td>\n<td data-sheets-value=\"{&quot;1&quot;:2,&quot;2&quot;:&quot;Samt&quot;}\">Samt<\/td>\n<\/tr>\n<tr>\n<td data-sheets-value=\"{&quot;1&quot;:2,&quot;2&quot;:&quot;Gr\u00f6\u00dfe:&quot;}\">Gr\u00f6\u00dfe:<\/td>\n<td data-sheets-value=\"{&quot;1&quot;:3,&quot;3&quot;:36}\">36<\/td>\n<\/tr>\n<tr>\n<td data-sheets-value=\"{&quot;1&quot;:2,&quot;2&quot;:&quot;Gr\u00f6\u00dfenkategorie:&quot;}\">Gr\u00f6\u00dfenkategorie:<\/td>\n<td data-sheets-value=\"{&quot;1&quot;:2,&quot;2&quot;:&quot;Normalgr\u00f6\u00dfe&quot;}\">Normalgr\u00f6\u00dfe<\/td>\n<\/tr>\n<tr>\n<td data-sheets-value=\"{&quot;1&quot;:2,&quot;2&quot;:&quot;Kleiderl\u00e4nge:&quot;}\">Kleiderl\u00e4nge:<\/td>\n<td data-sheets-value=\"{&quot;1&quot;:2,&quot;2&quot;:&quot;Kurz&quot;}\">Kurz<\/td>\n<\/tr>\n<tr>\n<td data-sheets-value=\"{&quot;1&quot;:2,&quot;2&quot;:&quot;Marke:&quot;}\">Marke:<\/td>\n<td data-sheets-value=\"{&quot;1&quot;:2,&quot;2&quot;:&quot;H&amp;M&quot;}\">H&amp;M<\/td>\n<\/tr>\n<tr>\n<td data-sheets-value=\"{&quot;1&quot;:2,&quot;2&quot;:&quot;Material:&quot;}\">Materia\u0142:<\/td>\n<td data-sheets-value=\"{&quot;1&quot;:2,&quot;2&quot;:&quot;Polyester 92%, Elasthan 8%&quot;}\">Polyester 92%, Elasthan 8%<\/td>\n<\/tr>\n<tr>\n<td data-sheets-value=\"{&quot;1&quot;:2,&quot;2&quot;:&quot;Stil:&quot;}\">Stil:<\/td>\n<td data-sheets-value=\"{&quot;1&quot;:2,&quot;2&quot;:&quot;Etuikleid&quot;}\">Etuikleid<\/td>\n<\/tr>\n<tr>\n<td data-sheets-value=\"{&quot;1&quot;:2,&quot;2&quot;:&quot;Verschluss:&quot;}\">Verschluss:<\/td>\n<td data-sheets-value=\"{&quot;1&quot;:2,&quot;2&quot;:&quot;Knopf&quot;}\">Knopf<\/td>\n<\/tr>\n<tr>\n<td data-sheets-value=\"{&quot;1&quot;:2,&quot;2&quot;:&quot;Vintage:&quot;}\">Vintage:<\/td>\n<td data-sheets-value=\"{&quot;1&quot;:2,&quot;2&quot;:&quot;Nein&quot;}\">Nein<\/td>\n<\/tr>\n<\/tbody>\n<\/table>","protected":false},"featured_media":81400,"comment_status":"open","ping_status":"closed","template":"","meta":{"_seopress_robots_primary_cat":"","_seopress_titles_title":"","_seopress_titles_desc":"","_seopress_robots_index":""},"product_brand":[],"product_cat":[1348,1379,1380],"product_tag":[],"class_list":{"0":"post-81281","1":"product","2":"type-product","3":"status-publish","4":"has-post-thumbnail","6":"product_cat-damen-mode","7":"product_cat-kleider","8":"product_cat-abendkleider","9":"product_shipping_class-standard-versand","11":"first","12":"instock","13":"sale","14":"taxable","15":"shipping-taxable","16":"purchasable","17":"product-type-simple"},"_links":{"self":[{"href":"https:\/\/www.soanam.de\/pl\/wp-json\/wp\/v2\/product\/81281","targetHints":{"allow":["GET"]}}],"collection":[{"href":"https:\/\/www.soanam.de\/pl\/wp-json\/wp\/v2\/product"}],"about":[{"href":"https:\/\/www.soanam.de\/pl\/wp-json\/wp\/v2\/types\/product"}],"replies":[{"embeddable":true,"href":"https:\/\/www.soanam.de\/pl\/wp-json\/wp\/v2\/comments?post=81281"}],"wp:featuredmedia":[{"embeddable":true,"href":"https:\/\/www.soanam.de\/pl\/wp-json\/wp\/v2\/media\/81400"}],"wp:attachment":[{"href":"https:\/\/www.soanam.de\/pl\/wp-json\/wp\/v2\/media?parent=81281"}],"wp:term":[{"taxonomy":"product_brand","embeddable":true,"href":"https:\/\/www.soanam.de\/pl\/wp-json\/wp\/v2\/product_brand?post=81281"},{"taxonomy":"product_cat","embeddable":true,"href":"https:\/\/www.soanam.de\/pl\/wp-json\/wp\/v2\/product_cat?post=81281"},{"taxonomy":"product_tag","embeddable":true,"href":"https:\/\/www.soanam.de\/pl\/wp-json\/wp\/v2\/product_tag?post=81281"}],"curies":[{"name":"wp","href":"https:\/\/api.w.org\/{rel}","templated":true}]}}