{"id":81257,"date":"2023-12-14T01:48:40","date_gmt":"2023-12-14T00:48:40","guid":{"rendered":"https:\/\/www.soanam.de\/?post_type=product&#038;p=81257"},"modified":"2023-12-14T01:57:31","modified_gmt":"2023-12-14T00:57:31","slug":"basic-by-yest-sukienka-ylona-w-kolorze-czarnym-rozmiar-48","status":"publish","type":"product","link":"https:\/\/www.soanam.de\/pl\/produkt\/basic-by-yest-kleid-ylona-in-schwarz-groesse-48\/","title":{"rendered":"Sukienka BASIC by YEST Ylona, w kolorze czarnym, rozmiar 48"},"content":{"rendered":"<p>Podstawowa sukienka od Yest<br \/>\nOkr\u0105g\u0142y dekolt<br \/>\nR\u0119kawy o d\u0142ugo\u015bci 3\/4<br \/>\n2 kieszenie boczne<br \/>\nElastyczny d\u017cersej wysokiej jako\u015bci<\/p>\n<p>Podstawowa sukienka z mocnego, elastycznego materia\u0142u. Wysoki okr\u0105g\u0142y dekolt jest zapinany pod szyj\u0105 na zamek b\u0142yskawiczny. R\u0119kawy o d\u0142ugo\u015bci 3\/4 i 2 boczne kieszenie z przodu. D\u0142ugo\u015b\u0107 tu\u017c nad kolano z mocnego, elastycznego materia\u0142u.<br \/>\nWysoki okr\u0105g\u0142y dekolt jest zapinany na zamek b\u0142yskawiczny z ty\u0142u szyi.<br \/>\nR\u0119kawy maj\u0105 d\u0142ugo\u015b\u0107 3\/4, a sukienka ma 2 boczne kieszenie z przodu.<br \/>\nD\u0142ugo\u015b\u0107 tu\u017c nad kolano.<\/p>\n<p>Materia\u0142: wiskoza 65%, nylon 30%, elastan 5%<br \/>\nWskaz\u00f3wki dotycz\u0105ce piel\u0119gnacji: Pra\u0107 w pralce<\/p>\n<p>Kolor: czarny<br \/>\nWz\u00f3r: bez<br \/>\nRozmiar: 48<\/p>\n<p>Szeroko\u015b\u0107 klatki piersiowej: 122 cm<br \/>\nD\u0142ugo\u015b\u0107 r\u0119kawa: 48 cm<br \/>\nCa\u0142kowita d\u0142ugo\u015b\u0107: 95 cm<\/p>","protected":false},"excerpt":{"rendered":"<div class=\"spec-holder\">\n<div class=\"row\">\n<div class=\"col-xs-5 spec-name\">\n<table class=\"dv_characteristicsTable\">\n<tbody>\n<tr>\n<td class=\"left\">Rozmiar<\/td>\n<td>48<\/td>\n<\/tr>\n<tr>\n<td class=\"left\">Gr\u00f6\u00dfentyp<\/td>\n<td>Normalgr\u00f6\u00dfen<\/td>\n<\/tr>\n<tr>\n<td class=\"left\">Sk\u0142ad materia\u0142u<\/td>\n<td>65% Viskose, 30% Nylon, 5% Elasthan<\/td>\n<\/tr>\n<tr>\n<td class=\"left\">Materialart<\/td>\n<td>Jersey<\/td>\n<\/tr>\n<tr>\n<td class=\"left\">Instrukcje dotycz\u0105ce piel\u0119gnacji<\/td>\n<td>Pranie w pralce<\/td>\n<\/tr>\n<tr>\n<td class=\"left\">Optik<\/td>\n<td>schlank<\/td>\n<\/tr>\n<tr>\n<td class=\"left\">Stil<\/td>\n<td>Basic<\/td>\n<\/tr>\n<tr>\n<td class=\"left\">Ausschnitt<\/td>\n<td>Okr\u0105g\u0142y dekolt<\/td>\n<\/tr>\n<tr>\n<td class=\"left\">\u00c4rmel<\/td>\n<td>R\u0119kawy o d\u0142ugo\u015bci 3\/4<\/td>\n<\/tr>\n<tr>\n<td class=\"left\">Podszewka<\/td>\n<td>nein<\/td>\n<\/tr>\n<tr>\n<td class=\"left\">Dopasowanie<\/td>\n<td>figurbetont<\/td>\n<\/tr>\n<tr>\n<td class=\"left\">Schnittform L\u00e4nge<\/td>\n<td>knielang<\/td>\n<\/tr>\n<tr>\n<td class=\"left\">Kolor<\/td>\n<td>schwarz<\/td>\n<\/tr>\n<tr>\n<td class=\"left\">Verschluss<\/td>\n<td>Zamek b\u0142yskawiczny<\/td>\n<\/tr>\n<tr>\n<td class=\"left\"><\/td>\n<td><\/td>\n<\/tr>\n<tr>\n<td class=\"left\"><\/td>\n<td><\/td>\n<\/tr>\n<tr>\n<td class=\"left\"><\/td>\n<td><\/td>\n<\/tr>\n<tr>\n<td class=\"left\"><\/td>\n<td><\/td>\n<\/tr>\n<\/tbody>\n<\/table>\n<\/div>\n<\/div>\n<\/div>","protected":false},"featured_media":81369,"comment_status":"open","ping_status":"closed","template":"","meta":{"_seopress_robots_primary_cat":"","_seopress_titles_title":"","_seopress_titles_desc":"","_seopress_robots_index":""},"product_brand":[],"product_cat":[1348,1379,1620],"product_tag":[],"class_list":{"0":"post-81257","1":"product","2":"type-product","3":"status-publish","4":"has-post-thumbnail","6":"product_cat-damen-mode","7":"product_cat-kleider","8":"product_cat-jerseykleider","9":"product_shipping_class-standard-versand","11":"first","12":"instock","13":"taxable","14":"shipping-taxable","15":"purchasable","16":"product-type-simple"},"_links":{"self":[{"href":"https:\/\/www.soanam.de\/pl\/wp-json\/wp\/v2\/product\/81257","targetHints":{"allow":["GET"]}}],"collection":[{"href":"https:\/\/www.soanam.de\/pl\/wp-json\/wp\/v2\/product"}],"about":[{"href":"https:\/\/www.soanam.de\/pl\/wp-json\/wp\/v2\/types\/product"}],"replies":[{"embeddable":true,"href":"https:\/\/www.soanam.de\/pl\/wp-json\/wp\/v2\/comments?post=81257"}],"wp:featuredmedia":[{"embeddable":true,"href":"https:\/\/www.soanam.de\/pl\/wp-json\/wp\/v2\/media\/81369"}],"wp:attachment":[{"href":"https:\/\/www.soanam.de\/pl\/wp-json\/wp\/v2\/media?parent=81257"}],"wp:term":[{"taxonomy":"product_brand","embeddable":true,"href":"https:\/\/www.soanam.de\/pl\/wp-json\/wp\/v2\/product_brand?post=81257"},{"taxonomy":"product_cat","embeddable":true,"href":"https:\/\/www.soanam.de\/pl\/wp-json\/wp\/v2\/product_cat?post=81257"},{"taxonomy":"product_tag","embeddable":true,"href":"https:\/\/www.soanam.de\/pl\/wp-json\/wp\/v2\/product_tag?post=81257"}],"curies":[{"name":"wp","href":"https:\/\/api.w.org\/{rel}","templated":true}]}}