{"id":81238,"date":"2023-12-14T01:48:15","date_gmt":"2023-12-14T00:48:15","guid":{"rendered":"https:\/\/www.soanam.de\/?post_type=product&#038;p=81238"},"modified":"2023-12-14T01:57:11","modified_gmt":"2023-12-14T00:57:11","slug":"arizona-skaterkleid-mit-glitzerband-in-schwarz-groesse-176-182","status":"publish","type":"product","link":"https:\/\/www.soanam.de\/pl\/produkt\/arizona-skaterkleid-mit-glitzerband-in-schwarz-groesse-176-182\/","title":{"rendered":"Sukienka ARIZONA z brokatow\u0105 wst\u0105\u017ck\u0105, czarna, rozmiar 176\/182"},"content":{"rendered":"<p>Skaterkleid f\u00fcr M\u00e4dchen von ARIZONA<br \/>\nModisch elastisches Glitzerband in der Taille<br \/>\nR\u0119kawy o d\u0142ugo\u015bci 3\/4<br \/>\nWeit schwingender Rock<br \/>\nElastyczny d\u017cersej wysokiej jako\u015bci<\/p>\n<p>Das modische und zugleich bequeme Skaterkleid von Arizona begeistert mit einer h\u00fcbschen Silhouette und feinen Details, wie dem kontrastierenden Glitzerband in der Taille.<br \/>\nDas Oberteil ist mit einem paspelierten Rundhalsausschnitt und 3\/4-\u00c4rmeln ausgestattet.<br \/>\nW\u00e4hrend es in anliegender Passform geschnitten ist, bezaubert das ausgestellte Rockteil mit seinem gro\u00dfz\u00fcgigen Faltenwurf.<\/p>\n<p>Materia\u0142: bawe\u0142na 95%, elastan 5%<br \/>\nWskaz\u00f3wki dotycz\u0105ce piel\u0119gnacji: Pra\u0107 w pralce<\/p>\n<p>Kolor: czarny<br \/>\nMuster: Glitzerband<br \/>\nGr\u00f6\u00dfe: 176\/182<\/p>\n<p>Szeroko\u015b\u0107 klatki piersiowej: 88 cm<br \/>\nD\u0142ugo\u015b\u0107 r\u0119kawa: 47 cm<br \/>\nCa\u0142kowita d\u0142ugo\u015b\u0107: 92 cm<\/p>\n<p>&nbsp;<\/p>\n<p>Ten nowy przedmiot jest zwrotem klienta bez etykiety.<\/p>","protected":false},"excerpt":{"rendered":"<table class=\"dv_characteristicsTable\">\n<tbody>\n<tr>\n<td class=\"left\">Rozmiar<\/td>\n<td>176\/182<\/td>\n<\/tr>\n<tr>\n<td class=\"left\">Gr\u00f6\u00dfentyp<\/td>\n<td>Normalgr\u00f6\u00dfen<\/td>\n<\/tr>\n<tr>\n<td class=\"left\">Sk\u0142ad materia\u0142u<\/td>\n<td>Obermaterial: 95% Baumwolle, 5% Elasthan<\/td>\n<\/tr>\n<tr>\n<td class=\"left\">Materialart<\/td>\n<td>Jersey<\/td>\n<\/tr>\n<tr>\n<td class=\"left\">Materialeigenschaften<\/td>\n<td>elastisch<\/td>\n<\/tr>\n<tr>\n<td class=\"left\">Instrukcje dotycz\u0105ce piel\u0119gnacji<\/td>\n<td>Pranie w pralce<\/td>\n<\/tr>\n<tr>\n<td class=\"left\">Optik<\/td>\n<td>unifarben mit Farbeinsatz<\/td>\n<\/tr>\n<tr>\n<td class=\"left\">Ausschnitt<\/td>\n<td>Rundhals<\/td>\n<\/tr>\n<tr>\n<td class=\"left\">\u00c4rmel<\/td>\n<td>R\u0119kawy 3\/4<\/td>\n<\/tr>\n<tr>\n<td class=\"left\">\u00c4rmelabschluss<\/td>\n<td>abgesteppte Kante<\/td>\n<\/tr>\n<tr>\n<td class=\"left\">Kleidersaum<\/td>\n<td>abgesteppte Kante<\/td>\n<\/tr>\n<tr>\n<td class=\"left\">Dopasowanie<\/td>\n<td>ausgestellt<\/td>\n<\/tr>\n<tr>\n<td class=\"left\">Schnittform L\u00e4nge<\/td>\n<td>kniefrei<\/td>\n<\/tr>\n<tr>\n<td class=\"left\">Kolor<\/td>\n<td>schwarz<\/td>\n<\/tr>\n<tr>\n<td class=\"left\">Applikationen<\/td>\n<td>Glitzerband<\/td>\n<\/tr>\n<tr>\n<td class=\"left\">Besondere Merkmale<\/td>\n<td>mit Glitzerband<\/td>\n<\/tr>\n<\/tbody>\n<\/table>\n<div class=\"spec-holder\">\n<div class=\"row\">\n<div class=\"col-xs-5 spec-name\"><\/div>\n<\/div>\n<\/div>","protected":false},"featured_media":81350,"comment_status":"open","ping_status":"closed","template":"","meta":{"_seopress_robots_primary_cat":"","_seopress_titles_title":"","_seopress_titles_desc":"","_seopress_robots_index":""},"product_brand":[],"product_cat":[1351,1379,1380,1622,1624],"product_tag":[],"class_list":{"0":"post-81238","1":"product","2":"type-product","3":"status-publish","4":"has-post-thumbnail","6":"product_cat-kindermode","7":"product_cat-kleider","8":"product_cat-abendkleider","9":"product_cat-kleider-kindermode","10":"product_cat-shirtkleider","11":"product_shipping_class-standard-versand","13":"first","14":"instock","15":"sale","16":"taxable","17":"shipping-taxable","18":"purchasable","19":"product-type-simple"},"_links":{"self":[{"href":"https:\/\/www.soanam.de\/pl\/wp-json\/wp\/v2\/product\/81238","targetHints":{"allow":["GET"]}}],"collection":[{"href":"https:\/\/www.soanam.de\/pl\/wp-json\/wp\/v2\/product"}],"about":[{"href":"https:\/\/www.soanam.de\/pl\/wp-json\/wp\/v2\/types\/product"}],"replies":[{"embeddable":true,"href":"https:\/\/www.soanam.de\/pl\/wp-json\/wp\/v2\/comments?post=81238"}],"wp:featuredmedia":[{"embeddable":true,"href":"https:\/\/www.soanam.de\/pl\/wp-json\/wp\/v2\/media\/81350"}],"wp:attachment":[{"href":"https:\/\/www.soanam.de\/pl\/wp-json\/wp\/v2\/media?parent=81238"}],"wp:term":[{"taxonomy":"product_brand","embeddable":true,"href":"https:\/\/www.soanam.de\/pl\/wp-json\/wp\/v2\/product_brand?post=81238"},{"taxonomy":"product_cat","embeddable":true,"href":"https:\/\/www.soanam.de\/pl\/wp-json\/wp\/v2\/product_cat?post=81238"},{"taxonomy":"product_tag","embeddable":true,"href":"https:\/\/www.soanam.de\/pl\/wp-json\/wp\/v2\/product_tag?post=81238"}],"curies":[{"name":"wp","href":"https:\/\/api.w.org\/{rel}","templated":true}]}}