{"id":81134,"date":"2023-12-14T01:45:34","date_gmt":"2023-12-14T00:45:34","guid":{"rendered":"https:\/\/www.soanam.de\/?post_type=product&#038;p=81134"},"modified":"2023-12-14T01:48:44","modified_gmt":"2023-12-14T00:48:44","slug":"activision-blizzard-destiny-2-edycja-standardowa-xbox-one","status":"publish","type":"product","link":"https:\/\/www.soanam.de\/pl\/produkt\/activision-blizzard-destiny-2-standard-edition-xbox-one\/","title":{"rendered":"Activision Blizzard Destiny 2 - edycja standardowa (Xbox One)"},"content":{"rendered":"<h3>Opis produktu<\/h3>\n<p>Od tw\u00f3rc\u00f3w hitowej gry Destiny nadchodzi d\u0142ugo oczekiwana kontynuacja. Gra akcji, kt\u00f3ra zabierze Ci\u0119 w epick\u0105 podr\u00f3\u017c przez Uk\u0142ad S\u0142oneczny.<\/p>\n<p>Ostatnie bezpieczne miasto ludzko\u015bci wpad\u0142o w r\u0119ce si\u0142 inwazyjnych dowodzonych przez Ghaula, imponuj\u0105cego dow\u00f3dc\u0119 Czerwonego Legionu Kaba\u0142y. Pozbawi\u0142 on stra\u017cnik\u00f3w miasta ich mocy, a ocala\u0142ych wys\u0142a\u0142 do ucieczki. B\u0119dziesz podr\u00f3\u017cowa\u0107 do tajemniczych, nieznanych \u015bwiat\u00f3w w naszym uk\u0142adzie s\u0142onecznym i odkryjesz arsena\u0142 broni oraz nowe, niszczycielskie umiej\u0119tno\u015bci bojowe. Je\u015bli chcesz pokona\u0107 Czerwony Legion i stawi\u0107 czo\u0142a Ghaulowi, musisz zjednoczy\u0107 rozproszonych bohater\u00f3w ludzko\u015bci, aby razem mogli odzyska\u0107 nasz\u0105 ojczyzn\u0119.<\/p>\n<p><strong>Cechy:<\/strong><br \/>\nRozbudowana filmowa kampania fabularna<br \/>\nLiczne tryby gry kooperacyjnej dla epickiej zabawy<br \/>\nIntensywne rozgrywki wieloosobowe 4 na 4, w tym 5 r\u00f3\u017cnych tryb\u00f3w PvP<br \/>\nOgromne, nigdy wcze\u015bniej nie widziane \u015bwiaty i miejsca do odkrycia<br \/>\nDostosuj bro\u0144 i zbroj\u0119 swojej postaci, korzystaj\u0105c z zupe\u0142nie nowego wyposa\u017cenia.<br \/>\nEksploruj Zaginione Sektory, wykonuj nowe misje przygodowe lub wsp\u00f3\u0142pracuj z innymi Stra\u017cnikami w wydarzeniach publicznych.<br \/>\nPrzedstawiamy zupe\u0142nie nowy system przewodnik\u00f3w, kt\u00f3ry pomo\u017ce graczom znale\u017a\u0107 grupy o podobnych pogl\u0105dach podczas najbardziej wymagaj\u0105cych aktywno\u015bci w Destiny 2, takich jak rajd.<\/p>\n<p><strong>Dane techniczne<\/strong><br \/>\nNajwa\u017cniejsze wydarzenia<br \/>\nPlatforma Xbox One<br \/>\nKategoria wiekowa (USK) Od 16 lat<br \/>\nGatunek Akcja<br \/>\nProducent Activision Blizzard<br \/>\nNo\u015bnik danych Blu-ray<br \/>\nProducent Activision Blizzard<br \/>\nTyp produktu Oprogramowanie<\/p>\n<p><strong>Cechy <\/strong><br \/>\nProducent Activision Blizzard<br \/>\nTyp produktu Oprogramowanie<br \/>\nTitel Destiny 2 - Standard Edition<br \/>\nGatunek Akcja<br \/>\nKategoria wiekowa (USK) Od 16 lat<br \/>\nPlatforma Xbox One<br \/>\ndo\u0142\u0105czone napisy niemieckie<br \/>\nDost\u0119pne j\u0119zyki Podr\u0119cznik Niemiecki<br \/>\nNo\u015bnik danych Blu-ray<br \/>\nNo\u015bnik danych Ilo\u015b\u0107 1<br \/>\nWymagania systemowe Wymagane 68 GB przestrzeni dyskowej<br \/>\nEdycja standardowa<br \/>\nWymiary opakowania (szer. x wys. x g\u0142.) (cm) 137 mm \/ 15 mm \/ 173 mm<br \/>\nZawarto\u015b\u0107 do pobrania (DLC) Nie<br \/>\nAktualizacje produkt\u00f3w online Nie<br \/>\nWymagane po\u0142\u0105czenie z Internetem Tak<br \/>\nOchrona przed kopiowaniem Nie<br \/>\nKonieczna rejestracja przez producenta Nie<br \/>\nEAN 5030917214080<\/p>","protected":false},"excerpt":{"rendered":"<h3>Artikelmerkmale<\/h3>\n<p>Artikelzustand: Neu - Artikel, dessen Originalverpackung (sofern zutreffend) nicht ge\u00f6ffnet oder entfernt wurde<\/p>\n<table dir=\"ltr\" border=\"1\" cellspacing=\"0\" cellpadding=\"0\">\n<colgroup>\n<col width=\"194\" \/>\n<col width=\"223\" \/><\/colgroup>\n<tbody>\n<tr>\n<td data-sheets-value=\"{&quot;1&quot;:2,&quot;2&quot;:&quot;EAN:&quot;}\">EAN:<\/td>\n<td data-sheets-value=\"{&quot;1&quot;:3,&quot;3&quot;:5030917214080}\">5030917214080<\/td>\n<\/tr>\n<tr>\n<td data-sheets-value=\"{&quot;1&quot;:2,&quot;2&quot;:&quot;Erscheinungsjahr:&quot;}\">Erscheinungsjahr:<\/td>\n<td data-sheets-value=\"{&quot;1&quot;:3,&quot;3&quot;:2017}\">2017<\/td>\n<\/tr>\n<tr>\n<td data-sheets-value=\"{&quot;1&quot;:2,&quot;2&quot;:&quot;Genre:&quot;}\">Genre:<\/td>\n<td data-sheets-value=\"{&quot;1&quot;:2,&quot;2&quot;:&quot;Action &amp; Abenteuer&quot;}\">Action &amp; Abenteuer<\/td>\n<\/tr>\n<tr>\n<td data-sheets-value=\"{&quot;1&quot;:2,&quot;2&quot;:&quot;Herstellernummer:&quot;}\">Herstellernummer:<\/td>\n<td data-sheets-value=\"{&quot;1&quot;:2,&quot;2&quot;:&quot;88098206GM&quot;}\">88098206GM<\/td>\n<\/tr>\n<tr>\n<td data-sheets-value=\"{&quot;1&quot;:2,&quot;2&quot;:&quot;Plattform:&quot;}\">Plattform:<\/td>\n<td data-sheets-value=\"{&quot;1&quot;:2,&quot;2&quot;:&quot;Microsoft Xbox One&quot;}\">Microsoft Xbox One<\/td>\n<\/tr>\n<tr>\n<td data-sheets-value=\"{&quot;1&quot;:2,&quot;2&quot;:&quot;Spielname:&quot;}\">Spielname:<\/td>\n<td data-sheets-value=\"{&quot;1&quot;:2,&quot;2&quot;:&quot;Destiny 2&quot;}\">Destiny 2<\/td>\n<\/tr>\n<tr>\n<td data-sheets-value=\"{&quot;1&quot;:2,&quot;2&quot;:&quot;USK-Einstufung:&quot;}\">USK-Einstufung:<\/td>\n<td data-sheets-value=\"{&quot;1&quot;:2,&quot;2&quot;:&quot;USK ab 16 Jahren&quot;}\">USK ab 16 Jahren<\/td>\n<\/tr>\n<tr>\n<td data-sheets-value=\"{&quot;1&quot;:2,&quot;2&quot;:&quot;Videospiel-Serie:&quot;}\">Videospiel-Serie:<\/td>\n<td data-sheets-value=\"{&quot;1&quot;:2,&quot;2&quot;:&quot;Destiny&quot;}\">Destiny<\/td>\n<\/tr>\n<\/tbody>\n<\/table>","protected":false},"featured_media":81262,"comment_status":"open","ping_status":"closed","template":"","meta":{"_seopress_robots_primary_cat":"","_seopress_titles_title":"","_seopress_titles_desc":"","_seopress_robots_index":""},"product_brand":[],"product_cat":[1423,1627],"product_tag":[],"class_list":{"0":"post-81134","1":"product","2":"type-product","3":"status-publish","4":"has-post-thumbnail","6":"product_cat-multimedia","7":"product_cat-spiele","8":"product_shipping_class-standard-versand","10":"first","11":"instock","12":"sale","13":"taxable","14":"shipping-taxable","15":"purchasable","16":"product-type-simple"},"_links":{"self":[{"href":"https:\/\/www.soanam.de\/pl\/wp-json\/wp\/v2\/product\/81134","targetHints":{"allow":["GET"]}}],"collection":[{"href":"https:\/\/www.soanam.de\/pl\/wp-json\/wp\/v2\/product"}],"about":[{"href":"https:\/\/www.soanam.de\/pl\/wp-json\/wp\/v2\/types\/product"}],"replies":[{"embeddable":true,"href":"https:\/\/www.soanam.de\/pl\/wp-json\/wp\/v2\/comments?post=81134"}],"wp:featuredmedia":[{"embeddable":true,"href":"https:\/\/www.soanam.de\/pl\/wp-json\/wp\/v2\/media\/81262"}],"wp:attachment":[{"href":"https:\/\/www.soanam.de\/pl\/wp-json\/wp\/v2\/media?parent=81134"}],"wp:term":[{"taxonomy":"product_brand","embeddable":true,"href":"https:\/\/www.soanam.de\/pl\/wp-json\/wp\/v2\/product_brand?post=81134"},{"taxonomy":"product_cat","embeddable":true,"href":"https:\/\/www.soanam.de\/pl\/wp-json\/wp\/v2\/product_cat?post=81134"},{"taxonomy":"product_tag","embeddable":true,"href":"https:\/\/www.soanam.de\/pl\/wp-json\/wp\/v2\/product_tag?post=81134"}],"curies":[{"name":"wp","href":"https:\/\/api.w.org\/{rel}","templated":true}]}}