{"id":81132,"date":"2023-12-14T01:45:33","date_gmt":"2023-12-14T00:45:33","guid":{"rendered":"https:\/\/www.soanam.de\/?post_type=product&#038;p=81132"},"modified":"2023-12-14T01:48:37","modified_gmt":"2023-12-14T00:48:37","slug":"wlasciwa-dieta-na-choroby-watroby-przepisy-wegetarianskie-anne-iburg","status":"publish","type":"product","link":"https:\/\/www.soanam.de\/pl\/produkt\/die-richtige-ernaehrung-bei-lebererkrankungen-vegetarische-rezepte-anne-iburg\/","title":{"rendered":"W\u0142a\u015bciwa dieta w chorobach w\u0105troby + przepisy wegetaria\u0144skie, Anne Iburg"},"content":{"rendered":"<h3>Opis produktu<\/h3>\n<p>Mn\u00f3stwo pysznych przepis\u00f3w, kt\u00f3re przypadn\u0105 do gustu ka\u017cdemu.<br \/>\nZ przedmow\u0105 Deutsche Leberhilfe e. V. 60 ilustracji.<br \/>\nKsi\u0105\u017cka (mi\u0119kka)<\/p>\n<p><strong>Opis<\/strong><br \/>\nWszystko o w\u0105trobie - kompleksowe, aktualne, \u0142atwe do zrozumienia:<br \/>\nOchrona w\u0105troby za pomoc\u0105 odpowiedniej diety Choroby w\u0105troby mog\u0105 mie\u0107 wiele r\u00f3\u017cnych przyczyn: Opr\u00f3cz wirus\u00f3w zapalenia w\u0105troby, alkoholu i lek\u00f3w, oty\u0142o\u015b\u0107, choroby metaboliczne lub autoimmunologiczne r\u00f3wnie\u017c mog\u0105 uszkodzi\u0107 nasz\u0105 w\u0105trob\u0119. Na szcz\u0119\u015bcie w\u0105troba jest organem, kt\u00f3ry mo\u017cna w pewnym stopniu naprawi\u0107. Dzi\u0119ki odpowiedniej terapii, w kt\u00f3rej od\u017cywianie cz\u0119sto odgrywa kluczow\u0105 rol\u0119, cz\u0119sto mo\u017cna osi\u0105gn\u0105\u0107 pe\u0142ny powr\u00f3t do zdrowia. Ekspert ds. \u017cywienia Anne Iburg pokazuje osobom dotkni\u0119tym chorob\u0105, jak wygl\u0105da dieta zdrowa dla w\u0105troby i jak z przyjemno\u015bci\u0105 wprowadzi\u0107 j\u0105 w \u017cycie. Przepisy obejmuj\u0105 g\u0142\u00f3wne sk\u0142adniki od\u017cywcze: bia\u0142ko, t\u0142uszcz i w\u0119glowodany, a tak\u017ce zawarto\u015b\u0107 kalorii. Dla os\u00f3b z nadwag\u0105 i st\u0142uszczon\u0105 w\u0105trob\u0105, a tak\u017ce dla pacjent\u00f3w z marsko\u015bci\u0105 w\u0105troby i niedowag\u0105: ten przewodnik poprowadzi Ci\u0119 do w\u0142a\u015bciwej diety!<\/p>\n<p><strong>Z tre\u015bci:<\/strong><br \/>\n- W\u0105troba - chemiczny gigant w naszym ciele.<br \/>\n- St\u0142uszczenie w\u0105troby - ukryta i powszechna choroba pacjent\u00f3w.<br \/>\n- Tak wygl\u0105da dieta zdrowa dla w\u0105troby.<br \/>\n- Dieta w\u0105trobowa: wprowadzenie do nowych zachowa\u0144 \u017cywieniowych.<br \/>\n- Pyszne przepisy na ka\u017cdy dzie\u0144.<\/p>\n<p><strong>Szczeg\u00f3\u0142y produktu<\/strong><br \/>\nTytu\u0142: W\u0142a\u015bciwa dieta w chorobach w\u0105troby<br \/>\nAutor: Anne Iburg<\/p>\n<p>ISBN: 3899938682<br \/>\nEAN: 9783899938685<br \/>\nMn\u00f3stwo pysznych przepis\u00f3w, kt\u00f3re przypadn\u0105 do gustu ka\u017cdemu. Z przedmow\u0105 Deutsche Leberhilfe e. V.<br \/>\n60 ilustracji.<br \/>\nWydawnictwo Schl\u00fctersche<br \/>\n1 wrze\u015bnia 2015 r. - mi\u0119kka oprawa - 149 stron<\/p>","protected":false},"excerpt":{"rendered":"<h3>Artikelmerkmale<\/h3>\n<p>Artikelzustand: Neu - Neues, ungelesenes, ungebrauchtes Buch in makellosem Zustand<\/p>\n<table dir=\"ltr\" border=\"1\" cellspacing=\"0\" cellpadding=\"0\">\n<colgroup>\n<col width=\"194\" \/>\n<col width=\"223\" \/><\/colgroup>\n<tbody>\n<tr>\n<td data-sheets-value=\"{&quot;1&quot;:2,&quot;2&quot;:&quot;Anzahl der Seiten:&quot;}\">Anzahl der Seiten:<\/td>\n<td data-sheets-value=\"{&quot;1&quot;:2,&quot;2&quot;:&quot;149 Seiten&quot;}\">149 Seiten<\/td>\n<\/tr>\n<tr>\n<td data-sheets-value=\"{&quot;1&quot;:2,&quot;2&quot;:&quot;Autor:&quot;}\">Autor:<\/td>\n<td data-sheets-value=\"{&quot;1&quot;:2,&quot;2&quot;:&quot;Anne Iburg&quot;}\">Anne Iburg<\/td>\n<\/tr>\n<tr>\n<td data-sheets-value=\"{&quot;1&quot;:2,&quot;2&quot;:&quot;Besonderheiten:&quot;}\">Funkcje specjalne:<\/td>\n<td data-sheets-value=\"{&quot;1&quot;:2,&quot;2&quot;:&quot;Illustriert&quot;}\">Illustriert<\/td>\n<\/tr>\n<tr>\n<td data-sheets-value=\"{&quot;1&quot;:2,&quot;2&quot;:&quot;Erscheinungsjahr:&quot;}\">Erscheinungsjahr:<\/td>\n<td data-sheets-value=\"{&quot;1&quot;:3,&quot;3&quot;:2015}\">2015<\/td>\n<\/tr>\n<tr>\n<td data-sheets-value=\"{&quot;1&quot;:2,&quot;2&quot;:&quot;Fachbereich:&quot;}\">Fachbereich:<\/td>\n<td data-sheets-value=\"{&quot;1&quot;:2,&quot;2&quot;:&quot;Lebererkrankungen&quot;}\">Lebererkrankungen<\/td>\n<\/tr>\n<tr>\n<td data-sheets-value=\"{&quot;1&quot;:2,&quot;2&quot;:&quot;Format:&quot;}\">Format:<\/td>\n<td data-sheets-value=\"{&quot;1&quot;:2,&quot;2&quot;:&quot;Taschenbuch&quot;}\">Taschenbuch<\/td>\n<\/tr>\n<tr>\n<td data-sheets-value=\"{&quot;1&quot;:2,&quot;2&quot;:&quot;Herstellungsland und -region:&quot;}\">Herstellungsland und -region:<\/td>\n<td data-sheets-value=\"{&quot;1&quot;:2,&quot;2&quot;:&quot;Deutschland&quot;}\">Niemcy<\/td>\n<\/tr>\n<tr>\n<td data-sheets-value=\"{&quot;1&quot;:2,&quot;2&quot;:&quot;ISBN:&quot;}\">ISBN:<\/td>\n<td data-sheets-value=\"{&quot;1&quot;:3,&quot;3&quot;:9783899938685}\">9783899938685<\/td>\n<\/tr>\n<tr>\n<td data-sheets-value=\"{&quot;1&quot;:2,&quot;2&quot;:&quot;Modifizierter Artikel:&quot;}\">Modifizierter Artikel:<\/td>\n<td data-sheets-value=\"{&quot;1&quot;:2,&quot;2&quot;:&quot;Nein&quot;}\">Nein<\/td>\n<\/tr>\n<tr>\n<td data-sheets-value=\"{&quot;1&quot;:2,&quot;2&quot;:&quot;Publikationsname:&quot;}\">Publikationsname:<\/td>\n<td data-sheets-value=\"{&quot;1&quot;:2,&quot;2&quot;:&quot;Die Richtige Ern\u00e4hrung bei Lebererkrankungen&quot;}\">\n<div>\n<div>Die Richtige Ern\u00e4hrung bei Lebererkrankungen<\/div>\n<\/div>\n<\/td>\n<\/tr>\n<tr>\n<td data-sheets-value=\"{&quot;1&quot;:2,&quot;2&quot;:&quot;Reihe:&quot;}\">Reihe:<\/td>\n<td data-sheets-value=\"{&quot;1&quot;:2,&quot;2&quot;:&quot;Rezepte, die schmecken&quot;}\">Rezepte, die schmecken<\/td>\n<\/tr>\n<tr>\n<td data-sheets-value=\"{&quot;1&quot;:2,&quot;2&quot;:&quot;Sprache:&quot;}\">Sprache:<\/td>\n<td data-sheets-value=\"{&quot;1&quot;:2,&quot;2&quot;:&quot;Deutsch&quot;}\">Niemiecki<\/td>\n<\/tr>\n<tr>\n<td data-sheets-value=\"{&quot;1&quot;:2,&quot;2&quot;:&quot;Thema:&quot;}\">Thema:<\/td>\n<td data-sheets-value=\"{&quot;1&quot;:2,&quot;2&quot;:&quot;richtige Ern\u00e4hrung&quot;}\">richtige Ern\u00e4hrung<\/td>\n<\/tr>\n<tr>\n<td data-sheets-value=\"{&quot;1&quot;:2,&quot;2&quot;:&quot;Verlag:&quot;}\">Verlag:<\/td>\n<td data-sheets-value=\"{&quot;1&quot;:2,&quot;2&quot;:&quot;Humboldt, Schl\u00fctersche Verlag&quot;}\">Humboldt, Schl\u00fctersche Verlag<\/td>\n<\/tr>\n<\/tbody>\n<\/table>","protected":false},"featured_media":81254,"comment_status":"open","ping_status":"closed","template":"","meta":{"_seopress_robots_primary_cat":"","_seopress_titles_title":"","_seopress_titles_desc":"","_seopress_robots_index":""},"product_brand":[],"product_cat":[1428,1434,1447],"product_tag":[],"class_list":{"0":"post-81132","1":"product","2":"type-product","3":"status-publish","4":"has-post-thumbnail","6":"product_cat-buecher","7":"product_cat-erwachsene","8":"product_cat-ratgeber","9":"product_shipping_class-standard-versand","11":"first","12":"instock","13":"taxable","14":"shipping-taxable","15":"purchasable","16":"product-type-simple"},"_links":{"self":[{"href":"https:\/\/www.soanam.de\/pl\/wp-json\/wp\/v2\/product\/81132","targetHints":{"allow":["GET"]}}],"collection":[{"href":"https:\/\/www.soanam.de\/pl\/wp-json\/wp\/v2\/product"}],"about":[{"href":"https:\/\/www.soanam.de\/pl\/wp-json\/wp\/v2\/types\/product"}],"replies":[{"embeddable":true,"href":"https:\/\/www.soanam.de\/pl\/wp-json\/wp\/v2\/comments?post=81132"}],"wp:featuredmedia":[{"embeddable":true,"href":"https:\/\/www.soanam.de\/pl\/wp-json\/wp\/v2\/media\/81254"}],"wp:attachment":[{"href":"https:\/\/www.soanam.de\/pl\/wp-json\/wp\/v2\/media?parent=81132"}],"wp:term":[{"taxonomy":"product_brand","embeddable":true,"href":"https:\/\/www.soanam.de\/pl\/wp-json\/wp\/v2\/product_brand?post=81132"},{"taxonomy":"product_cat","embeddable":true,"href":"https:\/\/www.soanam.de\/pl\/wp-json\/wp\/v2\/product_cat?post=81132"},{"taxonomy":"product_tag","embeddable":true,"href":"https:\/\/www.soanam.de\/pl\/wp-json\/wp\/v2\/product_tag?post=81132"}],"curies":[{"name":"wp","href":"https:\/\/api.w.org\/{rel}","templated":true}]}}