{"id":81115,"date":"2023-12-14T01:45:11","date_gmt":"2023-12-14T00:45:11","guid":{"rendered":"https:\/\/www.soanam.de\/?post_type=product&#038;p=81115"},"modified":"2023-12-14T01:48:34","modified_gmt":"2023-12-14T00:48:34","slug":"york-hovest-sto-dni-w-amazonii-moja-podroz-do-bohaterow-lasu","status":"publish","type":"product","link":"https:\/\/www.soanam.de\/pl\/produkt\/york-hovest-hundert-tage-amazonien-meine-reise-zu-den-huetern-des-waldes\/","title":{"rendered":"York Hovest - Sto dni w Amazonii - Moja podr\u00f3\u017c do stra\u017cnik\u00f3w lasu"},"content":{"rendered":"<h3>Opis produktu<\/h3>\n<p>Moja podr\u00f3\u017c do stra\u017cnik\u00f3w lasu<\/p>\n<p>Fotograf York Hovest sp\u0119dzi\u0142 sto dni podr\u00f3\u017cuj\u0105c po Ameryce Po\u0142udniowej. Ta najbardziej zasobna w wod\u0119 rzeka na \u015bwiecie przep\u0142ywa przez najwi\u0119kszy obszar las\u00f3w tropikalnych na \u015bwiecie, kt\u00f3rego wiele cz\u0119\u015bci jest praktycznie niezbadanych. Tylko kilka rdzennych lud\u00f3w nadal \u017cyje tam w bardzo tradycyjny spos\u00f3b. Wraz z szamanami, starszyzn\u0105 plemienn\u0105 i ich rodzinami, York Hovest wyrusza w podr\u00f3\u017c przez dorzecze Amazonki, aby uchwyci\u0107 na kamerze pi\u0119kno lasu deszczowego i jego mieszka\u0144c\u00f3w.<\/p>\n<p>York Hovest, urodzony w Wesel w 1978 roku, jest odnosz\u0105cym mi\u0119dzynarodowe sukcesy fotografem reklamowym i modowym, kt\u00f3ry mieszka w Monachium i pracuje na ca\u0142ym \u015bwiecie. Poruszony osobistym spotkaniem z Dalajlam\u0105 w 2011 roku i zainspirowany jego poruszaj\u0105cymi s\u0142owami na temat losu jego kraju, obieca\u0142 uchwyci\u0107 Tybet w obrazie i d\u017awi\u0119ku. Rok p\u00f3\u017aniej wyruszy\u0142 w 100-dniow\u0105 podr\u00f3\u017c na dach \u015bwiata.<\/p>\n<p><strong>szczeg\u00f3\u0142y<\/strong><br \/>\nWydanie w twardej oprawie<br \/>\nLiczba stron 220<br \/>\nData publikacji 12.10.2016<br \/>\nJ\u0119zyk niemiecki<br \/>\nISBN 978-3-86690-468-2<br \/>\nWydawca National Geographic Niemcy<br \/>\nWymiary (d\u0142.\/szer.\/wys.) 32,3\/27,3\/3 cm<br \/>\nWaga 2006 g<br \/>\nIlustracje z 200 kolorowymi zdj\u0119ciami i mapami<br \/>\nWydanie 1<\/p>","protected":false},"excerpt":{"rendered":"<h3>Artikelmerkmale<\/h3>\n<p>Artikelzustand: Neu - Neues, ungelesenes, ungebrauchtes Buch in makellosem Zustand<\/p>\n<table dir=\"ltr\" border=\"1\" cellspacing=\"0\" cellpadding=\"0\">\n<colgroup>\n<col width=\"194\" \/>\n<col width=\"223\" \/><\/colgroup>\n<tbody>\n<tr>\n<td data-sheets-value=\"{&quot;1&quot;:2,&quot;2&quot;:&quot;Altersempfehlung:&quot;}\">Zalecenia dotycz\u0105ce wieku:<\/td>\n<td data-sheets-value=\"{&quot;1&quot;:2,&quot;2&quot;:&quot;Jugendliche&quot;}\">Jugendliche<\/td>\n<\/tr>\n<tr>\n<td data-sheets-value=\"{&quot;1&quot;:2,&quot;2&quot;:&quot;Autor:&quot;}\">Autor:<\/td>\n<td data-sheets-value=\"{&quot;1&quot;:2,&quot;2&quot;:&quot;York Hovest&quot;}\">York Hovest<\/td>\n<\/tr>\n<tr>\n<td data-sheets-value=\"{&quot;1&quot;:2,&quot;2&quot;:&quot;Buchtitel:&quot;}\">Buchtitel:<\/td>\n<td data-sheets-value=\"{&quot;1&quot;:2,&quot;2&quot;:&quot;Hundert Tage Amazonien&quot;}\">Hundert Tage Amazonien<\/td>\n<\/tr>\n<tr>\n<td data-sheets-value=\"{&quot;1&quot;:2,&quot;2&quot;:&quot;EAN:&quot;}\">EAN:<\/td>\n<td data-sheets-value=\"{&quot;1&quot;:3,&quot;3&quot;:9783866904682}\">9783866904682<\/td>\n<\/tr>\n<tr>\n<td data-sheets-value=\"{&quot;1&quot;:2,&quot;2&quot;:&quot;Einbandart:&quot;}\">Einbandart:<\/td>\n<td data-sheets-value=\"{&quot;1&quot;:2,&quot;2&quot;:&quot;gebundene Ausgabe&quot;}\">gebundene Ausgabe<\/td>\n<\/tr>\n<tr>\n<td data-sheets-value=\"{&quot;1&quot;:2,&quot;2&quot;:&quot;Herstellungsland und -region:&quot;}\">Herstellungsland und -region:<\/td>\n<td data-sheets-value=\"{&quot;1&quot;:2,&quot;2&quot;:&quot;Deutschland&quot;}\">Niemcy<\/td>\n<\/tr>\n<tr>\n<td data-sheets-value=\"{&quot;1&quot;:2,&quot;2&quot;:&quot;Modifizierter Artikel:&quot;}\">Modifizierter Artikel:<\/td>\n<td data-sheets-value=\"{&quot;1&quot;:2,&quot;2&quot;:&quot;Nein&quot;}\">Nein<\/td>\n<\/tr>\n<tr>\n<td data-sheets-value=\"{&quot;1&quot;:2,&quot;2&quot;:&quot;Seitenzahl:&quot;}\">Seitenzahl:<\/td>\n<td data-sheets-value=\"{&quot;1&quot;:3,&quot;3&quot;:220}\">220<\/td>\n<\/tr>\n<tr>\n<td data-sheets-value=\"{&quot;1&quot;:2,&quot;2&quot;:&quot;Sprache:&quot;}\">Sprache:<\/td>\n<td data-sheets-value=\"{&quot;1&quot;:2,&quot;2&quot;:&quot;Deutsch&quot;}\">Niemiecki<\/td>\n<\/tr>\n<tr>\n<td data-sheets-value=\"{&quot;1&quot;:2,&quot;2&quot;:&quot;Verlag:&quot;}\">Verlag:<\/td>\n<td data-sheets-value=\"{&quot;1&quot;:2,&quot;2&quot;:&quot;Ng Buchverlag Gmbh, National Geographic Deutschland&quot;}\">\n<div>\n<div>Ng Buchverlag Gmbh, National Geographic Deutschland<\/div>\n<\/div>\n<\/td>\n<\/tr>\n<tr>\n<td data-sheets-value=\"{&quot;1&quot;:2,&quot;2&quot;:&quot;Zeitschriftentitel:&quot;}\">Zeitschriftentitel:<\/td>\n<td data-sheets-value=\"{&quot;1&quot;:2,&quot;2&quot;:&quot;Hundert Tage Amazonien&quot;}\">Hundert Tage Amazonien<\/td>\n<\/tr>\n<\/tbody>\n<\/table>","protected":false},"featured_media":81248,"comment_status":"open","ping_status":"closed","template":"","meta":{"_seopress_robots_primary_cat":"","_seopress_titles_title":"","_seopress_titles_desc":"","_seopress_robots_index":""},"product_brand":[],"product_cat":[1428,1429,1430,1434,1439],"product_tag":[],"class_list":{"0":"post-81115","1":"product","2":"type-product","3":"status-publish","4":"has-post-thumbnail","6":"product_cat-buecher","7":"product_cat-jugend","8":"product_cat-lehrbuecher","9":"product_cat-erwachsene","10":"product_cat-lehrbuecher-erwachsene","11":"product_shipping_class-standard-versand","13":"first","14":"instock","15":"taxable","16":"shipping-taxable","17":"purchasable","18":"product-type-simple"},"_links":{"self":[{"href":"https:\/\/www.soanam.de\/pl\/wp-json\/wp\/v2\/product\/81115","targetHints":{"allow":["GET"]}}],"collection":[{"href":"https:\/\/www.soanam.de\/pl\/wp-json\/wp\/v2\/product"}],"about":[{"href":"https:\/\/www.soanam.de\/pl\/wp-json\/wp\/v2\/types\/product"}],"replies":[{"embeddable":true,"href":"https:\/\/www.soanam.de\/pl\/wp-json\/wp\/v2\/comments?post=81115"}],"wp:featuredmedia":[{"embeddable":true,"href":"https:\/\/www.soanam.de\/pl\/wp-json\/wp\/v2\/media\/81248"}],"wp:attachment":[{"href":"https:\/\/www.soanam.de\/pl\/wp-json\/wp\/v2\/media?parent=81115"}],"wp:term":[{"taxonomy":"product_brand","embeddable":true,"href":"https:\/\/www.soanam.de\/pl\/wp-json\/wp\/v2\/product_brand?post=81115"},{"taxonomy":"product_cat","embeddable":true,"href":"https:\/\/www.soanam.de\/pl\/wp-json\/wp\/v2\/product_cat?post=81115"},{"taxonomy":"product_tag","embeddable":true,"href":"https:\/\/www.soanam.de\/pl\/wp-json\/wp\/v2\/product_tag?post=81115"}],"curies":[{"name":"wp","href":"https:\/\/api.w.org\/{rel}","templated":true}]}}