{"id":81113,"date":"2023-12-14T01:45:10","date_gmt":"2023-12-14T00:45:10","guid":{"rendered":"https:\/\/www.soanam.de\/?post_type=product&#038;p=81113"},"modified":"2023-12-14T01:48:23","modified_gmt":"2023-12-14T00:48:23","slug":"aniston-casual-jersey-dress-wielokolorowa-rozmiar-34","status":"publish","type":"product","link":"https:\/\/www.soanam.de\/pl\/produkt\/aniston-casual-jerseykleid-mehrfarbig-groesse-34\/","title":{"rendered":"Aniston CASUAL Jerseykleid, Mehrfarbig, Gr\u00f6\u00dfe 34"},"content":{"rendered":"<p>Sommerkleid von Aniston Casual<br \/>\nGebl\u00fcmt\/floral<br \/>\nTaillenbund<br \/>\nAll-Over-Muster<br \/>\nOkr\u0105g\u0142y dekolt<br \/>\nZszyte brzegi<br \/>\nK\u00fchler Griff<br \/>\nJersey<\/p>\n<p>Der h\u00fcbsche Blumen-Druck l\u00e4sst das Kleid von Aniston zum Unikat werden.<br \/>\nSukienka mini ma d\u0142ugie r\u0119kawy i okr\u0105g\u0142y dekolt.<br \/>\nDer Taillenbund betont deine schlanke Silhouette und die kurze leicht ausgestellte Rockl\u00e4nge deine wundersch\u00f6nen Beine.<\/p>\n<p>Materia\u0142: bawe\u0142na 95%, elastan 5%<br \/>\nWskaz\u00f3wki dotycz\u0105ce piel\u0119gnacji: Pra\u0107 w pralce<\/p>\n<p>Farbe: navy, mehrfarbig<br \/>\nWz\u00f3r: Kwiaty<br \/>\nRozmiar: 34<\/p>\n<p>Brustweite: 80cm<br \/>\nD\u0142ugo\u015b\u0107 r\u0119kawa: 60 cm<br \/>\nCa\u0142kowita d\u0142ugo\u015b\u0107: 90 cm<\/p>\n<p>Ten nowy przedmiot jest zwrotem klienta bez etykiety.<\/p>\n<p>&nbsp;<\/p>","protected":false},"excerpt":{"rendered":"<table class=\"dv_characteristicsTable\">\n<tbody>\n<tr>\n<td class=\"left\">Rozmiar<\/td>\n<td>34<\/td>\n<\/tr>\n<tr>\n<td class=\"left\">Gr\u00f6\u00dfentyp<\/td>\n<td>Normalgr\u00f6\u00dfen<\/td>\n<\/tr>\n<tr>\n<td class=\"left\">Sk\u0142ad materia\u0142u<\/td>\n<td>Obermaterial: 95% Baumwolle, 5% Elasthan<\/td>\n<\/tr>\n<tr>\n<td class=\"left\">Materialart<\/td>\n<td>Jersey<\/td>\n<\/tr>\n<tr>\n<td class=\"left\">Materialeigenschaften<\/td>\n<td>Stretch<\/td>\n<\/tr>\n<tr>\n<td class=\"left\">Instrukcje dotycz\u0105ce piel\u0119gnacji<\/td>\n<td>Pranie w pralce<\/td>\n<\/tr>\n<tr>\n<td class=\"left\">Stil<\/td>\n<td>modisch<\/td>\n<\/tr>\n<tr>\n<td class=\"left\">Ausschnitt<\/td>\n<td>Okr\u0105g\u0142y dekolt<\/td>\n<\/tr>\n<tr>\n<td class=\"left\">\u00c4rmel<\/td>\n<td>D\u0142ugi r\u0119kaw<\/td>\n<\/tr>\n<tr>\n<td class=\"left\">\u00c4rmeldetails<\/td>\n<td>ohne<\/td>\n<\/tr>\n<tr>\n<td class=\"left\">Kleidersaum<\/td>\n<td>abgesteppter Saum<\/td>\n<\/tr>\n<tr>\n<td class=\"left\">Dopasowanie<\/td>\n<td>figurbetont<\/td>\n<\/tr>\n<tr>\n<td class=\"left\">Schnittform L\u00e4nge<\/td>\n<td>ca. Mitte Oberschenkel<\/td>\n<\/tr>\n<tr>\n<td class=\"left\">Kolor<\/td>\n<td>navy, mehrfarbig<\/td>\n<\/tr>\n<tr>\n<td class=\"left\">Besondere Merkmale<\/td>\n<td>mit floralem Druck<\/td>\n<\/tr>\n<\/tbody>\n<\/table>\n<div class=\"spec-holder\">\n<div class=\"row\">\n<div class=\"col-xs-5 spec-name\"><\/div>\n<\/div>\n<\/div>","protected":false},"featured_media":81242,"comment_status":"open","ping_status":"closed","template":"","meta":{"_seopress_robots_primary_cat":"","_seopress_titles_title":"","_seopress_titles_desc":"","_seopress_robots_index":""},"product_brand":[],"product_cat":[1348,1379,1620],"product_tag":[],"class_list":{"0":"post-81113","1":"product","2":"type-product","3":"status-publish","4":"has-post-thumbnail","6":"product_cat-damen-mode","7":"product_cat-kleider","8":"product_cat-jerseykleider","9":"product_shipping_class-standard-versand","11":"first","12":"instock","13":"sale","14":"taxable","15":"shipping-taxable","16":"purchasable","17":"product-type-simple"},"_links":{"self":[{"href":"https:\/\/www.soanam.de\/pl\/wp-json\/wp\/v2\/product\/81113","targetHints":{"allow":["GET"]}}],"collection":[{"href":"https:\/\/www.soanam.de\/pl\/wp-json\/wp\/v2\/product"}],"about":[{"href":"https:\/\/www.soanam.de\/pl\/wp-json\/wp\/v2\/types\/product"}],"replies":[{"embeddable":true,"href":"https:\/\/www.soanam.de\/pl\/wp-json\/wp\/v2\/comments?post=81113"}],"wp:featuredmedia":[{"embeddable":true,"href":"https:\/\/www.soanam.de\/pl\/wp-json\/wp\/v2\/media\/81242"}],"wp:attachment":[{"href":"https:\/\/www.soanam.de\/pl\/wp-json\/wp\/v2\/media?parent=81113"}],"wp:term":[{"taxonomy":"product_brand","embeddable":true,"href":"https:\/\/www.soanam.de\/pl\/wp-json\/wp\/v2\/product_brand?post=81113"},{"taxonomy":"product_cat","embeddable":true,"href":"https:\/\/www.soanam.de\/pl\/wp-json\/wp\/v2\/product_cat?post=81113"},{"taxonomy":"product_tag","embeddable":true,"href":"https:\/\/www.soanam.de\/pl\/wp-json\/wp\/v2\/product_tag?post=81113"}],"curies":[{"name":"wp","href":"https:\/\/api.w.org\/{rel}","templated":true}]}}