{"id":81091,"date":"2023-12-14T01:44:45","date_gmt":"2023-12-14T00:44:45","guid":{"rendered":"https:\/\/www.soanam.de\/?post_type=product&#038;p=81091"},"modified":"2023-12-14T01:47:42","modified_gmt":"2023-12-14T00:47:42","slug":"sukienka-plazowa-lascana-z-nadrukiem-paisley-w-kolorze-czarnym-taupe-rozmiar-44","status":"publish","type":"product","link":"https:\/\/www.soanam.de\/pl\/produkt\/lascana-strandkleid-mit-paisleydruck-in-schwarz-taupe-groesse-44\/","title":{"rendered":"Sukienka pla\u017cowa LASCANA z nadrukiem paisley, czarno-taupe, rozmiar 44"},"content":{"rendered":"<p>Letnia sukienka z nadrukiem paisley od Lascana<br \/>\nP\u00f3\u0142d\u0142ugie r\u0119kawy z rozci\u0119ciami<br \/>\nZapi\u0119cie na guziki z rozci\u0119ciem pod szyj\u0105<br \/>\nMi\u0119kko uk\u0142adaj\u0105cy si\u0119 materia\u0142 d\u017cersejowy<\/p>\n<p>\u0141adny nadruk paisley sprawia, \u017ce ta sukienka Lascana jest wyj\u0105tkowa.<br \/>\nSukienka mini ma p\u00f3\u0142d\u0142ugie, rozci\u0119te r\u0119kawy i rozci\u0119cie z zapi\u0119ciem na guziki na karku.<br \/>\nNoszona z paskiem podkre\u015bli smuk\u0142\u0105 sylwetk\u0119, a kr\u00f3tka d\u0142ugo\u015b\u0107 sp\u00f3dnicy podkre\u015bli pi\u0119kne nogi (pasek w zestawie)<\/p>\n<p>Materia\u0142: wiskoza 95%, elastan 5%<br \/>\nWskaz\u00f3wki dotycz\u0105ce piel\u0119gnacji: Pra\u0107 w pralce<\/p>\n<p>Kolor: czarny-taupe<br \/>\nWz\u00f3r: Paisley<br \/>\nRozmiar: 44<\/p>\n<p>Szeroko\u015b\u0107 klatki piersiowej: 165 cm<br \/>\nD\u0142ugo\u015b\u0107 r\u0119kawa: 36 cm<br \/>\nCa\u0142kowita d\u0142ugo\u015b\u0107: 94 cm<\/p>","protected":false},"excerpt":{"rendered":"<table class=\"dv_characteristicsTable\">\n<tbody>\n<tr>\n<td class=\"left\">Rozmiar<\/td>\n<td>44<\/td>\n<\/tr>\n<tr>\n<td class=\"left\">Gr\u00f6\u00dfentyp<\/td>\n<td>Normalgr\u00f6\u00dfen<\/td>\n<\/tr>\n<tr>\n<td class=\"left\">Sk\u0142ad materia\u0142u<\/td>\n<td>Obermaterial: 95% Viskose, 5% Elasthan<\/td>\n<\/tr>\n<tr>\n<td class=\"left\">Materialart<\/td>\n<td>Jersey<\/td>\n<\/tr>\n<tr>\n<td class=\"left\">Materialeigenschaften<\/td>\n<td>Stretch<\/td>\n<\/tr>\n<tr>\n<td class=\"left\">Instrukcje dotycz\u0105ce piel\u0119gnacji<\/td>\n<td>Pranie w pralce<\/td>\n<\/tr>\n<tr>\n<td class=\"left\">Stil<\/td>\n<td>modisch<\/td>\n<\/tr>\n<tr>\n<td class=\"left\">Ausschnitt<\/td>\n<td>U-Boot-Ausschnitt<\/td>\n<\/tr>\n<tr>\n<td class=\"left\">\u00c4rmel<\/td>\n<td>Halbarm<\/td>\n<\/tr>\n<tr>\n<td class=\"left\">\u00c4rmeldetails<\/td>\n<td>\u00c4rmel mit \u00c4rmelschlitz<\/td>\n<\/tr>\n<tr>\n<td class=\"left\">Kleidersaum<\/td>\n<td>gerader Abschluss<\/td>\n<\/tr>\n<tr>\n<td class=\"left\">Dopasowanie<\/td>\n<td>figurbetont<\/td>\n<\/tr>\n<tr>\n<td class=\"left\">Schnittform L\u00e4nge<\/td>\n<td>ca. Mitte Oberschenkel<\/td>\n<\/tr>\n<tr>\n<td class=\"left\">Kolor<\/td>\n<td>schwarz-taupe-bedruckt<\/td>\n<\/tr>\n<tr>\n<td class=\"left\">Besondere Merkmale<\/td>\n<td>mit Paisleydruck<\/td>\n<\/tr>\n<\/tbody>\n<\/table>\n<div class=\"spec-holder\">\n<div class=\"row\">\n<div class=\"col-xs-5 spec-name\"><\/div>\n<\/div>\n<\/div>","protected":false},"featured_media":81205,"comment_status":"open","ping_status":"closed","template":"","meta":{"_seopress_robots_primary_cat":"","_seopress_titles_title":"","_seopress_titles_desc":"","_seopress_robots_index":""},"product_brand":[],"product_cat":[1348,1379,1620],"product_tag":[],"class_list":{"0":"post-81091","1":"product","2":"type-product","3":"status-publish","4":"has-post-thumbnail","6":"product_cat-damen-mode","7":"product_cat-kleider","8":"product_cat-jerseykleider","9":"product_shipping_class-standard-versand","11":"first","12":"instock","13":"sale","14":"taxable","15":"shipping-taxable","16":"purchasable","17":"product-type-simple"},"_links":{"self":[{"href":"https:\/\/www.soanam.de\/pl\/wp-json\/wp\/v2\/product\/81091","targetHints":{"allow":["GET"]}}],"collection":[{"href":"https:\/\/www.soanam.de\/pl\/wp-json\/wp\/v2\/product"}],"about":[{"href":"https:\/\/www.soanam.de\/pl\/wp-json\/wp\/v2\/types\/product"}],"replies":[{"embeddable":true,"href":"https:\/\/www.soanam.de\/pl\/wp-json\/wp\/v2\/comments?post=81091"}],"wp:featuredmedia":[{"embeddable":true,"href":"https:\/\/www.soanam.de\/pl\/wp-json\/wp\/v2\/media\/81205"}],"wp:attachment":[{"href":"https:\/\/www.soanam.de\/pl\/wp-json\/wp\/v2\/media?parent=81091"}],"wp:term":[{"taxonomy":"product_brand","embeddable":true,"href":"https:\/\/www.soanam.de\/pl\/wp-json\/wp\/v2\/product_brand?post=81091"},{"taxonomy":"product_cat","embeddable":true,"href":"https:\/\/www.soanam.de\/pl\/wp-json\/wp\/v2\/product_cat?post=81091"},{"taxonomy":"product_tag","embeddable":true,"href":"https:\/\/www.soanam.de\/pl\/wp-json\/wp\/v2\/product_tag?post=81091"}],"curies":[{"name":"wp","href":"https:\/\/api.w.org\/{rel}","templated":true}]}}