{"id":80968,"date":"2023-12-14T01:42:10","date_gmt":"2023-12-14T00:42:10","guid":{"rendered":"https:\/\/www.soanam.de\/?post_type=product&#038;p=80968"},"modified":"2023-12-14T01:44:23","modified_gmt":"2023-12-14T00:44:23","slug":"tamaris-sukienka-z-dzerseju-z-3-4-rekawami-w-kolorze-czarnym-rozmiar-48","status":"publish","type":"product","link":"https:\/\/www.soanam.de\/pl\/produkt\/tamaris-jerseykleid-mit-3-4-arm-in-schwarz-groesse-48\/","title":{"rendered":"Tamaris Jerseykleid mit 3\/4 Arm, in Schwarz, Gr\u00f6\u00dfe 48"},"content":{"rendered":"<p>Sukienka basic od TAMARIS<br \/>\nOkr\u0105g\u0142y dekolt<br \/>\nKszta\u0142t dopasowany do sylwetki z r\u0119kawami 3\/4<br \/>\nMit G\u00fcrtelschlaufen - G\u00fcrtel ist nicht enthalten<br \/>\nSuper mi\u0119kka mieszanka wiskozy<\/p>\n<p>D\u017cersejowa sukienka Tamaris z r\u0119kawami o d\u0142ugo\u015bci 3\/4.<br \/>\nWykonany jest z cienkiej mieszanki wiskozy z dodatkiem stretchu i ma okr\u0105g\u0142y dekolt.<br \/>\nTop ma dopasowany do sylwetki kr\u00f3j. Sp\u00f3dnica jest rozkloszowana.<br \/>\nSukienka z elastycznego d\u017cerseju jest dopasowana i ma szlufki na pasek do wi\u0105zania, pasek nie jest do\u0142\u0105czony.<br \/>\nD\u0142ugo\u015b\u0107 do kolan.<\/p>\n<p>Materia\u0142: wiskoza 95%, elastan 5%<br \/>\nWskaz\u00f3wki dotycz\u0105ce piel\u0119gnacji: Pra\u0107 w pralce<\/p>\n<p>Kolor: czarny<br \/>\nWz\u00f3r: bez<br \/>\nRozmiar: 48<\/p>\n<p>Szeroko\u015b\u0107 klatki piersiowej: 116 cm<br \/>\nD\u0142ugo\u015b\u0107 r\u0119kawa: 43 cm<br \/>\nCa\u0142kowita d\u0142ugo\u015b\u0107: 105 cm<\/p>","protected":false},"excerpt":{"rendered":"<div class=\"spec-holder\">\n<div class=\"row\">\n<div class=\"col-xs-5 spec-name\">\n<table class=\"dv_characteristicsTable\">\n<tbody>\n<tr>\n<td class=\"left\">Rozmiar<\/td>\n<td>48<\/td>\n<\/tr>\n<tr>\n<td class=\"left\">Gr\u00f6\u00dfentyp<\/td>\n<td>Normalgr\u00f6\u00dfen<\/td>\n<\/tr>\n<tr>\n<td class=\"left\">Sk\u0142ad materia\u0142u<\/td>\n<td>Obermaterial: 95% Viskose, 5% Elastan<\/td>\n<\/tr>\n<tr>\n<td class=\"left\">Instrukcje dotycz\u0105ce piel\u0119gnacji<\/td>\n<td>Pranie w pralce<\/td>\n<\/tr>\n<tr>\n<td class=\"left\">Optik<\/td>\n<td>einfarbig<\/td>\n<\/tr>\n<tr>\n<td class=\"left\">Stil<\/td>\n<td>casual<\/td>\n<\/tr>\n<tr>\n<td class=\"left\">Kolor<\/td>\n<td>schwarz<\/td>\n<\/tr>\n<tr>\n<td class=\"left\">Besondere Merkmale<\/td>\n<td>mit G\u00fcrtelschlaufen<\/td>\n<\/tr>\n<\/tbody>\n<\/table>\n<\/div>\n<\/div>\n<\/div>","protected":false},"featured_media":81073,"comment_status":"open","ping_status":"closed","template":"","meta":{"_seopress_robots_primary_cat":"","_seopress_titles_title":"","_seopress_titles_desc":"","_seopress_robots_index":""},"product_brand":[],"product_cat":[1348,1379,1620],"product_tag":[],"class_list":{"0":"post-80968","1":"product","2":"type-product","3":"status-publish","4":"has-post-thumbnail","6":"product_cat-damen-mode","7":"product_cat-kleider","8":"product_cat-jerseykleider","9":"product_shipping_class-standard-versand","11":"first","12":"instock","13":"sale","14":"taxable","15":"shipping-taxable","16":"purchasable","17":"product-type-simple"},"_links":{"self":[{"href":"https:\/\/www.soanam.de\/pl\/wp-json\/wp\/v2\/product\/80968","targetHints":{"allow":["GET"]}}],"collection":[{"href":"https:\/\/www.soanam.de\/pl\/wp-json\/wp\/v2\/product"}],"about":[{"href":"https:\/\/www.soanam.de\/pl\/wp-json\/wp\/v2\/types\/product"}],"replies":[{"embeddable":true,"href":"https:\/\/www.soanam.de\/pl\/wp-json\/wp\/v2\/comments?post=80968"}],"wp:featuredmedia":[{"embeddable":true,"href":"https:\/\/www.soanam.de\/pl\/wp-json\/wp\/v2\/media\/81073"}],"wp:attachment":[{"href":"https:\/\/www.soanam.de\/pl\/wp-json\/wp\/v2\/media?parent=80968"}],"wp:term":[{"taxonomy":"product_brand","embeddable":true,"href":"https:\/\/www.soanam.de\/pl\/wp-json\/wp\/v2\/product_brand?post=80968"},{"taxonomy":"product_cat","embeddable":true,"href":"https:\/\/www.soanam.de\/pl\/wp-json\/wp\/v2\/product_cat?post=80968"},{"taxonomy":"product_tag","embeddable":true,"href":"https:\/\/www.soanam.de\/pl\/wp-json\/wp\/v2\/product_tag?post=80968"}],"curies":[{"name":"wp","href":"https:\/\/api.w.org\/{rel}","templated":true}]}}