{"id":80965,"date":"2023-12-14T01:42:09","date_gmt":"2023-12-14T00:42:09","guid":{"rendered":"https:\/\/www.soanam.de\/?post_type=product&#038;p=80965"},"modified":"2023-12-14T01:44:13","modified_gmt":"2023-12-14T00:44:13","slug":"tamaris-sukienka-wiazana-czarno-czerwona-rozmiar-40","status":"publish","type":"product","link":"https:\/\/www.soanam.de\/pl\/produkt\/tamaris-stufenkleid-in-schwarz-rot-groesse-40\/","title":{"rendered":"Sukienka wi\u0105zana Tamaris, czarno-czerwona, rozmiar 40"},"content":{"rendered":"<p>Sukienka midi od TAMARIS<br \/>\nW kwiatowy wz\u00f3r<br \/>\nKszta\u0142t dopasowany do sylwetki z r\u0119kawami 3\/4<br \/>\nSuper mi\u0119kka wiskoza<\/p>\n<p>Sukienka midi marki Tamaris wykonana z czystej wiskozy.<br \/>\nKr\u00f3j tej sukienki jest dopasowany do figury.<br \/>\nSukienka ma okr\u0105g\u0142y dekolt i r\u0119kawy o d\u0142ugo\u015bci 3\/4 zako\u0144czone mankietem.<br \/>\nModny kwiatowy nadruk doda kobiecym stylizacjom odrobin\u0119 polotu.<\/p>\n<p>Materia\u0142: wiskoza 100%<br \/>\nWskaz\u00f3wki dotycz\u0105ce piel\u0119gnacji: Pra\u0107 w pralce<\/p>\n<p>Kolor: czarno-czerwony<br \/>\nWz\u00f3r: kwiatowy<br \/>\nRozmiar: 40<\/p>\n<p>Szeroko\u015b\u0107 klatki piersiowej: 101 cm<br \/>\nD\u0142ugo\u015b\u0107 r\u0119kawa: 45 cm<br \/>\nCa\u0142kowita d\u0142ugo\u015b\u0107: 124 cm<\/p>","protected":false},"excerpt":{"rendered":"<div class=\"spec-holder\">\n<div class=\"row\">\n<div class=\"col-xs-5 spec-name\">\n<table class=\"dv_characteristicsTable\">\n<tbody>\n<tr>\n<td class=\"left\">Rozmiar<\/td>\n<td>40<\/td>\n<\/tr>\n<tr>\n<td class=\"left\">Gr\u00f6\u00dfentyp<\/td>\n<td>Normalgr\u00f6\u00dfen<\/td>\n<\/tr>\n<tr>\n<td class=\"left\">Sk\u0142ad materia\u0142u<\/td>\n<td>Obermaterial: 100% Viskose<\/td>\n<\/tr>\n<tr>\n<td class=\"left\">Instrukcje dotycz\u0105ce piel\u0119gnacji<\/td>\n<td>Pranie w pralce<\/td>\n<\/tr>\n<tr>\n<td class=\"left\">Optik<\/td>\n<td>wielokolorowy<\/td>\n<\/tr>\n<tr>\n<td class=\"left\">Stil<\/td>\n<td>casual<\/td>\n<\/tr>\n<tr>\n<td class=\"left\">Kolor<\/td>\n<td>schwarz-rot-gemustert<\/td>\n<\/tr>\n<tr>\n<td class=\"left\">Besondere Merkmale<\/td>\n<td>in angesagter Form mit Volantrock<\/td>\n<\/tr>\n<\/tbody>\n<\/table>\n<\/div>\n<\/div>\n<\/div>","protected":false},"featured_media":81063,"comment_status":"open","ping_status":"closed","template":"","meta":{"_seopress_robots_primary_cat":"","_seopress_titles_title":"","_seopress_titles_desc":"","_seopress_robots_index":""},"product_brand":[],"product_cat":[1348,1379,1541],"product_tag":[],"class_list":{"0":"post-80965","1":"product","2":"type-product","3":"status-publish","4":"has-post-thumbnail","6":"product_cat-damen-mode","7":"product_cat-kleider","8":"product_cat-freizeitkleider","9":"product_shipping_class-standard-versand","11":"first","12":"instock","13":"sale","14":"taxable","15":"shipping-taxable","16":"purchasable","17":"product-type-simple"},"_links":{"self":[{"href":"https:\/\/www.soanam.de\/pl\/wp-json\/wp\/v2\/product\/80965","targetHints":{"allow":["GET"]}}],"collection":[{"href":"https:\/\/www.soanam.de\/pl\/wp-json\/wp\/v2\/product"}],"about":[{"href":"https:\/\/www.soanam.de\/pl\/wp-json\/wp\/v2\/types\/product"}],"replies":[{"embeddable":true,"href":"https:\/\/www.soanam.de\/pl\/wp-json\/wp\/v2\/comments?post=80965"}],"wp:featuredmedia":[{"embeddable":true,"href":"https:\/\/www.soanam.de\/pl\/wp-json\/wp\/v2\/media\/81063"}],"wp:attachment":[{"href":"https:\/\/www.soanam.de\/pl\/wp-json\/wp\/v2\/media?parent=80965"}],"wp:term":[{"taxonomy":"product_brand","embeddable":true,"href":"https:\/\/www.soanam.de\/pl\/wp-json\/wp\/v2\/product_brand?post=80965"},{"taxonomy":"product_cat","embeddable":true,"href":"https:\/\/www.soanam.de\/pl\/wp-json\/wp\/v2\/product_cat?post=80965"},{"taxonomy":"product_tag","embeddable":true,"href":"https:\/\/www.soanam.de\/pl\/wp-json\/wp\/v2\/product_tag?post=80965"}],"curies":[{"name":"wp","href":"https:\/\/api.w.org\/{rel}","templated":true}]}}