{"id":80946,"date":"2023-12-14T01:41:45","date_gmt":"2023-12-14T00:41:45","guid":{"rendered":"https:\/\/www.soanam.de\/?post_type=product&#038;p=80946"},"modified":"2023-12-14T01:43:59","modified_gmt":"2023-12-14T00:43:59","slug":"letnia-sukienka-beachtime-z-dekoltem-z-tylu-w-kolorze-czarnym-rozmiar-38","status":"publish","type":"product","link":"https:\/\/www.soanam.de\/pl\/produkt\/beachtime-sommerkleid-mit-rueckenausschnitt-in-schwarz-bunt-groesse-38\/","title":{"rendered":"Letnia sukienka Beachtime z wyci\u0119ciem na plecach, czarna\/kolorowa, rozmiar 38"},"content":{"rendered":"<p>Dresowa sukienka pla\u017cowa od Beachtime<br \/>\nZawijany wygl\u0105d z przodu<br \/>\nWyci\u0119cie na plecach<br \/>\nKr\u00f3tki r\u0119kaw<br \/>\nCz\u0119\u015b\u0107 sp\u00f3dnicy z nadrukiem<br \/>\nMi\u0119kka tkanina wiskozowa<\/p>\n<p>Letnia sukienka o owijanym kroju przyci\u0105ga wzrok przede wszystkim nadrukiem mandali na sp\u00f3dnicy.<br \/>\nBardzo kr\u00f3tkie r\u0119kawy i falbany na g\u00f3rze tworz\u0105 pi\u0119kn\u0105 sylwetk\u0119 i umiej\u0119tnie przyci\u0105gaj\u0105 uwag\u0119 do dekoltu.<br \/>\nAle ty\u0142 jest r\u00f3wnie\u017c zachwycaj\u0105cy. Uwag\u0119 przyci\u0105ga tutaj figlarny wyci\u0119ty detal.<\/p>\n<p>Materia\u0142: wiskoza 95%, elastan 5%<br \/>\nWskaz\u00f3wki dotycz\u0105ce piel\u0119gnacji: Pra\u0107 w pralce<\/p>\n<p>Kolor: czarny<br \/>\nWz\u00f3r: Nadruki mandali<br \/>\nRozmiar: 36\/38<\/p>\n<p>Szeroko\u015b\u0107 klatki piersiowej: 84 cm<br \/>\nD\u0142ugo\u015b\u0107 r\u0119kawa: 9 cm<br \/>\nCa\u0142kowita d\u0142ugo\u015b\u0107: 95 cm<\/p>\n<p>&nbsp;<\/p>\n<p>Ten nowy przedmiot jest zwrotem klienta bez etykiety.<\/p>","protected":false},"excerpt":{"rendered":"<div class=\"spec-holder\">\n<div class=\"row\">\n<div class=\"col-xs-5 spec-name\">\n<table class=\"dv_characteristicsTable\">\n<tbody>\n<tr>\n<td class=\"left\">Rozmiar<\/td>\n<td>38<\/td>\n<\/tr>\n<tr>\n<td class=\"left\">Gr\u00f6\u00dfentyp<\/td>\n<td>Normalgr\u00f6\u00dfen<\/td>\n<\/tr>\n<tr>\n<td class=\"left\">Sk\u0142ad materia\u0142u<\/td>\n<td>Obermaterial: 95% Viskose, 5% Elasthan<\/td>\n<\/tr>\n<tr>\n<td class=\"left\">Materialart<\/td>\n<td>Jersey<\/td>\n<\/tr>\n<tr>\n<td class=\"left\">Materialeigenschaften<\/td>\n<td>Stretch<\/td>\n<\/tr>\n<tr>\n<td class=\"left\">Instrukcje dotycz\u0105ce piel\u0119gnacji<\/td>\n<td>Pranie w pralce<\/td>\n<\/tr>\n<tr>\n<td class=\"left\">Stil<\/td>\n<td>casual<\/td>\n<\/tr>\n<tr>\n<td class=\"left\">Ausschnitt<\/td>\n<td>Dekolt w szpic<\/td>\n<\/tr>\n<tr>\n<td class=\"left\">Ausschnittdetails<\/td>\n<td>gerafft<\/td>\n<\/tr>\n<tr>\n<td class=\"left\">\u00c4rmel<\/td>\n<td>Kr\u00f3tki r\u0119kaw<\/td>\n<\/tr>\n<tr>\n<td class=\"left\">Kleidersaum<\/td>\n<td>gerader Abschluss<\/td>\n<\/tr>\n<tr>\n<td class=\"left\">Dopasowanie<\/td>\n<td>figurumspielend<\/td>\n<\/tr>\n<tr>\n<td class=\"left\">Schnittdetails<\/td>\n<td>Raffung an der Unterbrustnaht<\/td>\n<\/tr>\n<tr>\n<td class=\"left\">Schnittform L\u00e4nge<\/td>\n<td>kniefrei<\/td>\n<\/tr>\n<tr>\n<td class=\"left\">Kolor<\/td>\n<td>schwarz-bedruckt<\/td>\n<\/tr>\n<tr>\n<td class=\"left\">Besondere Merkmale<\/td>\n<td>mit R\u00fcckenausschnitt<\/td>\n<\/tr>\n<\/tbody>\n<\/table>\n<\/div>\n<\/div>\n<\/div>","protected":false},"featured_media":81053,"comment_status":"open","ping_status":"closed","template":"","meta":{"_seopress_robots_primary_cat":"","_seopress_titles_title":"","_seopress_titles_desc":"","_seopress_robots_index":""},"product_brand":[],"product_cat":[1348,1379,1620],"product_tag":[],"class_list":{"0":"post-80946","1":"product","2":"type-product","3":"status-publish","4":"has-post-thumbnail","6":"product_cat-damen-mode","7":"product_cat-kleider","8":"product_cat-jerseykleider","9":"product_shipping_class-standard-versand","11":"first","12":"instock","13":"sale","14":"taxable","15":"shipping-taxable","16":"purchasable","17":"product-type-simple"},"_links":{"self":[{"href":"https:\/\/www.soanam.de\/pl\/wp-json\/wp\/v2\/product\/80946","targetHints":{"allow":["GET"]}}],"collection":[{"href":"https:\/\/www.soanam.de\/pl\/wp-json\/wp\/v2\/product"}],"about":[{"href":"https:\/\/www.soanam.de\/pl\/wp-json\/wp\/v2\/types\/product"}],"replies":[{"embeddable":true,"href":"https:\/\/www.soanam.de\/pl\/wp-json\/wp\/v2\/comments?post=80946"}],"wp:featuredmedia":[{"embeddable":true,"href":"https:\/\/www.soanam.de\/pl\/wp-json\/wp\/v2\/media\/81053"}],"wp:attachment":[{"href":"https:\/\/www.soanam.de\/pl\/wp-json\/wp\/v2\/media?parent=80946"}],"wp:term":[{"taxonomy":"product_brand","embeddable":true,"href":"https:\/\/www.soanam.de\/pl\/wp-json\/wp\/v2\/product_brand?post=80946"},{"taxonomy":"product_cat","embeddable":true,"href":"https:\/\/www.soanam.de\/pl\/wp-json\/wp\/v2\/product_cat?post=80946"},{"taxonomy":"product_tag","embeddable":true,"href":"https:\/\/www.soanam.de\/pl\/wp-json\/wp\/v2\/product_tag?post=80946"}],"curies":[{"name":"wp","href":"https:\/\/api.w.org\/{rel}","templated":true}]}}