{"id":80928,"date":"2023-12-14T01:41:22","date_gmt":"2023-12-14T00:41:22","guid":{"rendered":"https:\/\/www.soanam.de\/?post_type=product&#038;p=80928"},"modified":"2023-12-14T01:43:41","modified_gmt":"2023-12-14T00:43:41","slug":"bruno-banani-sukienka-z-dzerseju-z-kontrastowymi-paskami-w-kolorze-czarnym-rozmiar-36","status":"publish","type":"product","link":"https:\/\/www.soanam.de\/pl\/produkt\/bruno-banani-jerseykleid-mit-kontraststreifen-in-schwarz-groesse-36\/","title":{"rendered":"D\u017cersejowa sukienka Bruno Banani w kontrastowe paski, czarna, rozmiar 36"},"content":{"rendered":"<p>Designerkleid von Bruno Banani<br \/>\nMit modischen Streifendetails<br \/>\nKszta\u0142t dopasowany do sylwetki<br \/>\nAus bequemem Jerseymaterial<\/p>\n<p>Ein Dress, unz\u00e4hlige verschiedene Anl\u00e4sse \u2013 das Kleid von Bruno Banani macht es m\u00f6glich.<br \/>\nDas Designerdress mit der sportlichen Note aufgrund der applizierten Kontraststreifen und der modischen 3\/4 \u00c4rmel.<br \/>\nDas bequeme Jerseymaterial macht es so unwiderstehlich und angenehm zu tragen.<\/p>\n<p>Material: 70% Viskose, 25% Polyester, 5% Elasthan<br \/>\nWskaz\u00f3wki dotycz\u0105ce piel\u0119gnacji: Pra\u0107 w pralce<\/p>\n<p>Kolor: czarny<br \/>\nWz\u00f3r: kontrastowe paski<br \/>\nRozmiar:36<\/p>\n<p>Szeroko\u015b\u0107 klatki piersiowej: 90 cm<br \/>\nD\u0142ugo\u015b\u0107 r\u0119kawa: 46 cm<br \/>\nCa\u0142kowita d\u0142ugo\u015b\u0107: 95 cm<\/p>","protected":false},"excerpt":{"rendered":"<div class=\"spec-holder\">\n<div class=\"row\">\n<div class=\"col-xs-5 spec-name\">\n<table class=\"dv_characteristicsTable\">\n<tbody>\n<tr>\n<td class=\"left\">Rozmiar<\/td>\n<td>36<\/td>\n<\/tr>\n<tr>\n<td class=\"left\">Gr\u00f6\u00dfentyp<\/td>\n<td>Normalgr\u00f6\u00dfen<\/td>\n<\/tr>\n<tr>\n<td class=\"left\">Sk\u0142ad materia\u0142u<\/td>\n<td>Obermaterial: 70% Viskose, 25% Polyester, 5% Elasthan<\/td>\n<\/tr>\n<tr>\n<td class=\"left\">Materialart<\/td>\n<td>Milano Rib<\/td>\n<\/tr>\n<tr>\n<td class=\"left\">Instrukcje dotycz\u0105ce piel\u0119gnacji<\/td>\n<td>Pranie w pralce<\/td>\n<\/tr>\n<tr>\n<td class=\"left\">Optik<\/td>\n<td>bedruckt<\/td>\n<\/tr>\n<tr>\n<td class=\"left\">Stil<\/td>\n<td>sportlich<\/td>\n<\/tr>\n<tr>\n<td class=\"left\">Ausschnitt<\/td>\n<td>Rundhals<\/td>\n<\/tr>\n<tr>\n<td class=\"left\">\u00c4rmel<\/td>\n<td>R\u0119kawy 3\/4<\/td>\n<\/tr>\n<tr>\n<td class=\"left\">Dopasowanie<\/td>\n<td>figurbetont<\/td>\n<\/tr>\n<tr>\n<td class=\"left\">Schnittform L\u00e4nge<\/td>\n<td>kurz<\/td>\n<\/tr>\n<tr>\n<td class=\"left\">Kolor<\/td>\n<td>schwarz (Jerseykleid aus nachhaltigem Material)<\/td>\n<\/tr>\n<tr>\n<td class=\"left\">Besondere Merkmale<\/td>\n<td>Mit Kontraststreifen am Saum<\/td>\n<\/tr>\n<\/tbody>\n<\/table>\n<\/div>\n<\/div>\n<\/div>","protected":false},"featured_media":81035,"comment_status":"open","ping_status":"closed","template":"","meta":{"_seopress_robots_primary_cat":"","_seopress_titles_title":"","_seopress_titles_desc":"","_seopress_robots_index":""},"product_brand":[],"product_cat":[1348,1379,1620],"product_tag":[],"class_list":{"0":"post-80928","1":"product","2":"type-product","3":"status-publish","4":"has-post-thumbnail","6":"product_cat-damen-mode","7":"product_cat-kleider","8":"product_cat-jerseykleider","9":"product_shipping_class-standard-versand","11":"first","12":"instock","13":"sale","14":"taxable","15":"shipping-taxable","16":"purchasable","17":"product-type-simple"},"_links":{"self":[{"href":"https:\/\/www.soanam.de\/pl\/wp-json\/wp\/v2\/product\/80928","targetHints":{"allow":["GET"]}}],"collection":[{"href":"https:\/\/www.soanam.de\/pl\/wp-json\/wp\/v2\/product"}],"about":[{"href":"https:\/\/www.soanam.de\/pl\/wp-json\/wp\/v2\/types\/product"}],"replies":[{"embeddable":true,"href":"https:\/\/www.soanam.de\/pl\/wp-json\/wp\/v2\/comments?post=80928"}],"wp:featuredmedia":[{"embeddable":true,"href":"https:\/\/www.soanam.de\/pl\/wp-json\/wp\/v2\/media\/81035"}],"wp:attachment":[{"href":"https:\/\/www.soanam.de\/pl\/wp-json\/wp\/v2\/media?parent=80928"}],"wp:term":[{"taxonomy":"product_brand","embeddable":true,"href":"https:\/\/www.soanam.de\/pl\/wp-json\/wp\/v2\/product_brand?post=80928"},{"taxonomy":"product_cat","embeddable":true,"href":"https:\/\/www.soanam.de\/pl\/wp-json\/wp\/v2\/product_cat?post=80928"},{"taxonomy":"product_tag","embeddable":true,"href":"https:\/\/www.soanam.de\/pl\/wp-json\/wp\/v2\/product_tag?post=80928"}],"curies":[{"name":"wp","href":"https:\/\/api.w.org\/{rel}","templated":true}]}}