{"id":80926,"date":"2023-12-14T01:41:21","date_gmt":"2023-12-14T00:41:21","guid":{"rendered":"https:\/\/www.soanam.de\/?post_type=product&#038;p=80926"},"modified":"2023-12-14T01:43:35","modified_gmt":"2023-12-14T00:43:35","slug":"esprit-bluzka-sukienka-w-kolorze-ciemnoniebieskim-rozmiar-m","status":"publish","type":"product","link":"https:\/\/www.soanam.de\/pl\/produkt\/esprit-blusenkleid-in-dunkelblau-groesse-m\/","title":{"rendered":"Sukienka z bluzk\u0105 Esprit, ciemnoniebieska, rozmiar M"},"content":{"rendered":"<p>Sukienka z bluzk\u0105 od Esprit<br \/>\nD\u0142ugie r\u0119kawy<br \/>\ndrapowany dekolt<br \/>\nZak\u0142adki z przodu<br \/>\npas sta\u0142y<\/p>\n<p>Sukienka do kolan od Esprit, w kt\u00f3rej poczujesz si\u0119 dobrze.<br \/>\nSukienka ma dekolt w kszta\u0142cie litery V, jest drapowana z przodu i mo\u017ce by\u0107 wi\u0105zana z ty\u0142u za pomoc\u0105 wi\u0105zanego paska.<br \/>\nNiezwykle mi\u0119kka wiskoza zapewnia komfort noszenia.<\/p>\n<p>Materia\u0142: wiskoza 96%, elastan 4%<br \/>\nWskaz\u00f3wki dotycz\u0105ce piel\u0119gnacji: Pra\u0107 w pralce<\/p>\n<p>Kolor: ciemnoniebieski<br \/>\nWz\u00f3r: bez<br \/>\nRozmiar: M<\/p>\n<p>Szeroko\u015b\u0107 klatki piersiowej: 100 cm<br \/>\nD\u0142ugo\u015b\u0107 r\u0119kawa: 68 cm<br \/>\nCa\u0142kowita d\u0142ugo\u015b\u0107: 92 cm<\/p>","protected":false},"excerpt":{"rendered":"<div class=\"spec-holder\">\n<div class=\"row\">\n<div class=\"col-xs-5 spec-name\"><span>EAN-Code<\/span><\/div>\n<div class=\"col-xs-7 spec-value\"><span>4063701899393<\/span><\/div>\n<\/div>\n<\/div>\n<div class=\"spec-holder\">\n<div class=\"row\">\n<div class=\"col-xs-5 spec-name\"><span>Waschen<\/span><\/div>\n<div class=\"col-xs-7 spec-value\"><span>Bei 30\u00b0C Schonwaschgang waschen<\/span><\/div>\n<\/div>\n<\/div>\n<div class=\"spec-holder\">\n<div class=\"row\">\n<div class=\"col-xs-5 spec-name\"><span>Zum Trocknen<\/span><\/div>\n<div class=\"col-xs-7 spec-value\"><span>Nicht maschinell trocknen<\/span><\/div>\n<\/div>\n<\/div>\n<div class=\"spec-holder\">\n<div class=\"row\">\n<div class=\"col-xs-5 spec-name\"><span>Zu gl\u00e4tten<\/span><\/div>\n<div class=\"col-xs-7 spec-value\"><span>Durchschnittstemperatur (150\u00b0C)<\/span><\/div>\n<\/div>\n<\/div>\n<div class=\"spec-holder\">\n<div class=\"row\">\n<div class=\"col-xs-5 spec-name\"><span>Komposition<\/span><\/div>\n<div class=\"col-xs-7 spec-value\"><span>96 % Viskose 4 % Elastan<\/span><\/div>\n<\/div>\n<\/div>\n<div class=\"spec-holder\">\n<div class=\"row\">\n<div class=\"col-xs-5 spec-name\"><span>Kolor<\/span><\/div>\n<div class=\"col-xs-7 spec-value\"><span>Ciemnoniebieski<\/span><\/div>\n<\/div>\n<\/div>","protected":false},"featured_media":81028,"comment_status":"open","ping_status":"closed","template":"","meta":{"_seopress_robots_primary_cat":"","_seopress_titles_title":"","_seopress_titles_desc":"","_seopress_robots_index":""},"product_brand":[],"product_cat":[1348,1379,1620],"product_tag":[],"class_list":{"0":"post-80926","1":"product","2":"type-product","3":"status-publish","4":"has-post-thumbnail","6":"product_cat-damen-mode","7":"product_cat-kleider","8":"product_cat-jerseykleider","9":"product_shipping_class-standard-versand","11":"first","12":"instock","13":"sale","14":"taxable","15":"shipping-taxable","16":"purchasable","17":"product-type-simple"},"_links":{"self":[{"href":"https:\/\/www.soanam.de\/pl\/wp-json\/wp\/v2\/product\/80926","targetHints":{"allow":["GET"]}}],"collection":[{"href":"https:\/\/www.soanam.de\/pl\/wp-json\/wp\/v2\/product"}],"about":[{"href":"https:\/\/www.soanam.de\/pl\/wp-json\/wp\/v2\/types\/product"}],"replies":[{"embeddable":true,"href":"https:\/\/www.soanam.de\/pl\/wp-json\/wp\/v2\/comments?post=80926"}],"wp:featuredmedia":[{"embeddable":true,"href":"https:\/\/www.soanam.de\/pl\/wp-json\/wp\/v2\/media\/81028"}],"wp:attachment":[{"href":"https:\/\/www.soanam.de\/pl\/wp-json\/wp\/v2\/media?parent=80926"}],"wp:term":[{"taxonomy":"product_brand","embeddable":true,"href":"https:\/\/www.soanam.de\/pl\/wp-json\/wp\/v2\/product_brand?post=80926"},{"taxonomy":"product_cat","embeddable":true,"href":"https:\/\/www.soanam.de\/pl\/wp-json\/wp\/v2\/product_cat?post=80926"},{"taxonomy":"product_tag","embeddable":true,"href":"https:\/\/www.soanam.de\/pl\/wp-json\/wp\/v2\/product_tag?post=80926"}],"curies":[{"name":"wp","href":"https:\/\/api.w.org\/{rel}","templated":true}]}}