{"id":80905,"date":"2023-12-14T01:40:55","date_gmt":"2023-12-14T00:40:55","guid":{"rendered":"https:\/\/www.soanam.de\/?post_type=product&#038;p=80905"},"modified":"2023-12-14T01:43:03","modified_gmt":"2023-12-14T00:43:03","slug":"kwadratowe-scienne-lustro-lazienkowe-designo-ma2110-z-oswietleniem-led","status":"publish","type":"product","link":"https:\/\/www.soanam.de\/pl\/produkt\/eckiger-wand-bad-spiegel-designo-ma2110-mit-led-beleuchtung\/","title":{"rendered":"Kwadratowe \u015bcienne lustro \u0142azienkowe Designo MA2110 z o\u015bwietleniem LED"},"content":{"rendered":"<p>SARAR | Badspiegel Designo MA2110 mit LED-Beleuchtung eckiger Wandspiegel mit Licht Leuchtspiegel Badezimmer | 40x40cm [Energieklasse A++]<\/p>\n<p><strong>Beschreibung<\/strong><\/p>\n<p>Spiegel &amp; Technische Daten<\/p>\n<p>\u2022 Badspiegel mit ECO-Premium LED Beleuchtung<br \/>\n\u2022 Aus hochwertigem 6 mm Kristallspiegel f\u00fcr die optimalste Lichtreflektion<br \/>\n\u2022 Hochglanzpoliert<br \/>\n\u2022 Deutscher Spiegel-Norm DIN EN 1036<br \/>\n\u2022 Anschlussfertige Lieferung, die eine einfache Montage ermoeglicht<br \/>\n\u2022 Aufhaengeblech inklusive<br \/>\n\u2022 Hergestellt in Deutschland<br \/>\n\u2022 SARAR ECO-Premium 2835er neueste LED Technik Energieklasse A++<br \/>\n\u2022 Lichtstaerke ca. 1320 Lumen pro laufender Meter<br \/>\n\u2022 Lebensdauer der LED\u00b4s bis zu 100.000 Stunden<br \/>\n\u2022 Sehr sparsam. Nur 8 Watt Verbrauch\/Meter<br \/>\n\u2022 ca. 90% weniger Stromverbrauch als herkoemmliche Beleuchtung<br \/>\n\u2022 60 LED\u00b4s \/pro Meter mit IP67 Feuchtraumgeeignet<br \/>\n\u2022 Slim Profil ca. 27 mm Wandabstand<br \/>\n\u2022 warmweiss ca. 2800K, neutralweiss ca. 4000K, kaltweiss ca. 6000K<br \/>\n\u2022 Lichtfarbe der LED's standard warmweiss. F\u00fcr neutral- oder kaltweiss schreiben Sie uns nach dem Kauf eine Nachricht<br \/>\n\u2022 CE und Rohs geprueft<\/p>\n","protected":false},"excerpt":{"rendered":"<p>Artikelmerkmale<\/p>\n<p>Stan produktu: Nowy z etykiet\u0105: Nowy, nieu\u017cywany i nienoszony produkt w oryginalnym opakowaniu.<\/p>\n<p>Form: Rechteckig<br \/>\nMarke: SARAR<br \/>\nBesonderes: Merkmal Tragbar, beleuchtet, ganzk\u00f6rperspiegel<br \/>\nStyl: nowoczesny<br \/>\nMaterial: Aluminium, Chrome Plated<\/p>","protected":false},"featured_media":81004,"comment_status":"open","ping_status":"closed","template":"","meta":{"_seopress_robots_primary_cat":"","_seopress_titles_title":"","_seopress_titles_desc":"","_seopress_robots_index":""},"product_brand":[],"product_cat":[1400,1401],"product_tag":[],"class_list":{"0":"post-80905","1":"product","2":"type-product","3":"status-publish","4":"has-post-thumbnail","6":"product_cat-wohnzubehoer","7":"product_cat-haushaltswaren","8":"product_shipping_class-standard-versand","10":"first","11":"instock","12":"sale","13":"taxable","14":"shipping-taxable","15":"purchasable","16":"product-type-simple"},"_links":{"self":[{"href":"https:\/\/www.soanam.de\/pl\/wp-json\/wp\/v2\/product\/80905","targetHints":{"allow":["GET"]}}],"collection":[{"href":"https:\/\/www.soanam.de\/pl\/wp-json\/wp\/v2\/product"}],"about":[{"href":"https:\/\/www.soanam.de\/pl\/wp-json\/wp\/v2\/types\/product"}],"replies":[{"embeddable":true,"href":"https:\/\/www.soanam.de\/pl\/wp-json\/wp\/v2\/comments?post=80905"}],"wp:featuredmedia":[{"embeddable":true,"href":"https:\/\/www.soanam.de\/pl\/wp-json\/wp\/v2\/media\/81004"}],"wp:attachment":[{"href":"https:\/\/www.soanam.de\/pl\/wp-json\/wp\/v2\/media?parent=80905"}],"wp:term":[{"taxonomy":"product_brand","embeddable":true,"href":"https:\/\/www.soanam.de\/pl\/wp-json\/wp\/v2\/product_brand?post=80905"},{"taxonomy":"product_cat","embeddable":true,"href":"https:\/\/www.soanam.de\/pl\/wp-json\/wp\/v2\/product_cat?post=80905"},{"taxonomy":"product_tag","embeddable":true,"href":"https:\/\/www.soanam.de\/pl\/wp-json\/wp\/v2\/product_tag?post=80905"}],"curies":[{"name":"wp","href":"https:\/\/api.w.org\/{rel}","templated":true}]}}