{"id":80762,"date":"2023-12-14T01:37:38","date_gmt":"2023-12-14T00:37:38","guid":{"rendered":"https:\/\/www.soanam.de\/?post_type=product&#038;p=80762"},"modified":"2023-12-14T01:40:10","modified_gmt":"2023-12-14T00:40:10","slug":"doppio-passo-prosecco-superior-docg-vino-spumante-dry-075l-11-vol","status":"publish","type":"product","link":"https:\/\/www.soanam.de\/pl\/produkt\/doppio-passo-prosecco-superior-docg-vino-spumante-dry-075l-11-vol\/","title":{"rendered":"Doppio Passo Prosecco Superior DOCG Vino Spumante Dry 0,75L 11% obj."},"content":{"rendered":"<h3>Opis produktu<\/h3>\n<p>Als Tom mit einer Gehirnersch\u00fctterung ins Krankenhaus kommt, schlie\u00dft er schnell Freundschaft mit den anderen Kindern auf der Station: Da ist Amber mit ihren Gipsarmen und -beinen; Robin mit seiner Augenbinde; George, der sich von einer Mandeloperation erholt; und die kleine Sally, die so krank ist, dass sie die meiste Zeit im Bett liegen muss. Alle f\u00fcnf teilen ein spannendes Geheimnis: Sie sind die Mitternachtsbande! Jede Nacht schleichen sie sich heimlich in den Keller des Krankenhauses, denn ... Aber von den wilden Abenteuern, die sie dort erleben, darf nat\u00fcrlich niemand etwas wissen. Schon gar nicht die boshafte Stationsschwester.<\/p>\n<p>Wytrawne Prosecco o subtelnym, s\u0142omkowo-\u017c\u00f3\u0142tym kolorze i delikatnym perlage<\/p>\n<p><strong>szczeg\u00f3\u0142y<\/strong><br \/>\nNazwa: Doppio Passo Prosecco Superior DOCG Vino Spumante Dry<br \/>\nKraj pochodzenia: W\u0142ochy<br \/>\nObszar uprawy: Asolo<br \/>\nProducent: Botter<br \/>\nOdmiana winoro\u015bli: Glera<br \/>\nKolor: bia\u0142y<br \/>\nZawarto\u015b\u0107 alkoholu: 11% Vol.<br \/>\nCukier resztkowy: 2,4 (g\/l)<br \/>\nKwasowo\u015b\u0107: 5,7 (g\/l)<br \/>\nSugestie dotycz\u0105ce serwowania: Dania letnie,<br \/>\nTemperatura serwowania: 8 \u00b0C<br \/>\nZawarto\u015b\u0107: 0,75 litra<br \/>\nAlergeny: zawiera siarczyny<br \/>\nSmak: wytrawny<br \/>\nJako\u015b\u0107: DOCG<\/p>\n<p><strong>Wskaz\u00f3wka<\/strong><br \/>\nDostawa wy\u0142\u0105cznie do os\u00f3b w wieku powy\u017cej 18 lat<\/p>","protected":false},"excerpt":{"rendered":"<h3>Artikelmerkmale<\/h3>\n<p>Artikelzustand: Neu - Neuer, unbenutzter und unbesch\u00e4digter Artikel in der unge\u00f6ffneten Verpackung<\/p>\n<table dir=\"ltr\" border=\"1\" cellspacing=\"0\" cellpadding=\"0\">\n<colgroup>\n<col width=\"194\" \/>\n<col width=\"256\" \/><\/colgroup>\n<tbody>\n<tr>\n<td data-sheets-value=\"{&quot;1&quot;:2,&quot;2&quot;:&quot;Alkoholgehalt:&quot;}\">Alkoholgehalt:<\/td>\n<td data-sheets-value=\"{&quot;1&quot;:3,&quot;3&quot;:0.11}\" data-sheets-numberformat=\"{&quot;1&quot;:3,&quot;2&quot;:&quot;0%&quot;,&quot;3&quot;:1}\">11%<\/td>\n<\/tr>\n<tr>\n<td data-sheets-value=\"{&quot;1&quot;:2,&quot;2&quot;:&quot;Allergene:&quot;}\">Allergene:<\/td>\n<td data-sheets-value=\"{&quot;1&quot;:2,&quot;2&quot;:&quot;Schwefeldioxid &amp; Sulfite&quot;}\">Schwefeldioxid &amp; Sulfite<\/td>\n<\/tr>\n<tr>\n<td data-sheets-value=\"{&quot;1&quot;:2,&quot;2&quot;:&quot;Basis:&quot;}\">Basis:<\/td>\n<td data-sheets-value=\"{&quot;1&quot;:2,&quot;2&quot;:&quot;Glera\/Prosecco&quot;}\">Glera\/Prosecco<\/td>\n<\/tr>\n<tr>\n<td data-sheets-value=\"{&quot;1&quot;:2,&quot;2&quot;:&quot;EAN:&quot;}\">EAN:<\/td>\n<td data-sheets-value=\"{&quot;1&quot;:3,&quot;3&quot;:4002859121741}\">4002859121741<\/td>\n<\/tr>\n<tr>\n<td data-sheets-value=\"{&quot;1&quot;:2,&quot;2&quot;:&quot;Eigenschaften:&quot;}\">W\u0142a\u015bciwo\u015bci:<\/td>\n<td data-sheets-value=\"{&quot;1&quot;:2,&quot;2&quot;:&quot;zart und dezent&quot;}\">zart und dezent<\/td>\n<\/tr>\n<tr>\n<td data-sheets-value=\"{&quot;1&quot;:2,&quot;2&quot;:&quot;Farbe:&quot;}\">Kolor:<\/td>\n<td data-sheets-value=\"{&quot;1&quot;:2,&quot;2&quot;:&quot;Wei\u00df&quot;}\">Bia\u0142y<\/td>\n<\/tr>\n<tr>\n<td data-sheets-value=\"{&quot;1&quot;:2,&quot;2&quot;:&quot;Jahrgang:&quot;}\">Jahrgang:<\/td>\n<td data-sheets-value=\"{&quot;1&quot;:2,&quot;2&quot;:&quot;Ohne Angabe&quot;}\">Ohne Angabe<\/td>\n<\/tr>\n<tr>\n<td data-sheets-value=\"{&quot;1&quot;:2,&quot;2&quot;:&quot;Lebensmittelspezifikationen:&quot;}\">Lebensmittelspezifikationen:<\/td>\n<td data-sheets-value=\"{&quot;1&quot;:2,&quot;2&quot;:&quot;Alkoholhaltig&quot;}\">Alkoholhaltig<\/td>\n<\/tr>\n<tr>\n<td data-sheets-value=\"{&quot;1&quot;:2,&quot;2&quot;:&quot;Marke:&quot;}\">Marke:<\/td>\n<td data-sheets-value=\"{&quot;1&quot;:2,&quot;2&quot;:&quot;Doppio Passo&quot;}\">Doppio Passo<\/td>\n<\/tr>\n<tr>\n<td data-sheets-value=\"{&quot;1&quot;:2,&quot;2&quot;:&quot;Region:&quot;}\">Region:<\/td>\n<td data-sheets-value=\"{&quot;1&quot;:2,&quot;2&quot;:&quot;Asolo, Italien&quot;}\">Asolo, Italien<\/td>\n<\/tr>\n<tr>\n<td data-sheets-value=\"{&quot;1&quot;:2,&quot;2&quot;:&quot;Signiert:&quot;}\">Signiert:<\/td>\n<td data-sheets-value=\"{&quot;1&quot;:2,&quot;2&quot;:&quot;Nein&quot;}\">Nein<\/td>\n<\/tr>\n<tr>\n<td data-sheets-value=\"{&quot;1&quot;:2,&quot;2&quot;:&quot;Stil:&quot;}\">Stil:<\/td>\n<td data-sheets-value=\"{&quot;1&quot;:2,&quot;2&quot;:&quot;Trocken&quot;}\">Trocken<\/td>\n<\/tr>\n<tr>\n<td data-sheets-value=\"{&quot;1&quot;:2,&quot;2&quot;:&quot;Verpackung:&quot;}\">Verpackung:<\/td>\n<td data-sheets-value=\"{&quot;1&quot;:2,&quot;2&quot;:&quot;Flasche&quot;}\">Flasche<\/td>\n<\/tr>\n<tr>\n<td data-sheets-value=\"{&quot;1&quot;:2,&quot;2&quot;:&quot;Volumen:&quot;}\">Volumen:<\/td>\n<td data-sheets-value=\"{&quot;1&quot;:2,&quot;2&quot;:&quot;0,75 L&quot;}\">0,75 L<\/td>\n<\/tr>\n<\/tbody>\n<\/table>","protected":false},"featured_media":80874,"comment_status":"open","ping_status":"closed","template":"","meta":{"_seopress_robots_primary_cat":"","_seopress_titles_title":"","_seopress_titles_desc":"","_seopress_robots_index":""},"product_brand":[],"product_cat":[1499,1512],"product_tag":[],"class_list":{"0":"post-80762","1":"product","2":"type-product","3":"status-publish","4":"has-post-thumbnail","6":"product_cat-alkoholische-getraenke","7":"product_cat-weine","8":"product_shipping_class-standard-versand","10":"first","11":"instock","12":"sale","13":"taxable","14":"shipping-taxable","15":"purchasable","16":"product-type-simple"},"_links":{"self":[{"href":"https:\/\/www.soanam.de\/pl\/wp-json\/wp\/v2\/product\/80762","targetHints":{"allow":["GET"]}}],"collection":[{"href":"https:\/\/www.soanam.de\/pl\/wp-json\/wp\/v2\/product"}],"about":[{"href":"https:\/\/www.soanam.de\/pl\/wp-json\/wp\/v2\/types\/product"}],"replies":[{"embeddable":true,"href":"https:\/\/www.soanam.de\/pl\/wp-json\/wp\/v2\/comments?post=80762"}],"wp:featuredmedia":[{"embeddable":true,"href":"https:\/\/www.soanam.de\/pl\/wp-json\/wp\/v2\/media\/80874"}],"wp:attachment":[{"href":"https:\/\/www.soanam.de\/pl\/wp-json\/wp\/v2\/media?parent=80762"}],"wp:term":[{"taxonomy":"product_brand","embeddable":true,"href":"https:\/\/www.soanam.de\/pl\/wp-json\/wp\/v2\/product_brand?post=80762"},{"taxonomy":"product_cat","embeddable":true,"href":"https:\/\/www.soanam.de\/pl\/wp-json\/wp\/v2\/product_cat?post=80762"},{"taxonomy":"product_tag","embeddable":true,"href":"https:\/\/www.soanam.de\/pl\/wp-json\/wp\/v2\/product_tag?post=80762"}],"curies":[{"name":"wp","href":"https:\/\/api.w.org\/{rel}","templated":true}]}}