{"id":80736,"date":"2023-12-14T01:37:07","date_gmt":"2023-12-14T00:37:07","guid":{"rendered":"https:\/\/www.soanam.de\/?post_type=product&#038;p=80736"},"modified":"2023-12-14T01:39:37","modified_gmt":"2023-12-14T00:39:37","slug":"greensun-led-lighting-6-x-edison-lampenfassung-e27-fassung","status":"publish","type":"product","link":"https:\/\/www.soanam.de\/pl\/produkt\/greensun-led-lighting-6-x-edison-lampenfassung-e27-fassung\/","title":{"rendered":"GreenSun LED Lighting 6 X gniazdo \u017car\u00f3wki Edison gniazdo E27"},"content":{"rendered":"<p>Vintage Lampensockel Deckenfassung Sockel f\u00fcr H\u00e4ngeleucht Adapter Beleuchtung Sockel Bronze<\/p>\n<h3>Opis<\/h3>\n<p>Informacje o tym artykule<br \/>\n(Hohe Qualit\u00e4t) GreenSun E27 Lampenfassung Hergestellt aus hochwertigen Aluminium Alloy Materialien, die Gr\u00f6\u00dfe: 92 x 10 mm. Spannung: 110-240V.Die Belastbarkeit der e27 Fassung ist bis zu 600W.<br \/>\n(Sicherer Gebrauch) Das Innengewinde der Lampenhalter e27 ist mit Keramik innerhalb, somit gut isoliert. Die Lampensockel ist auch seismische und schlagfest. Nach CE\/ROHS Zertifizierung. Hohe Qualit\u00e4t &amp; Sehr Sicher.<br \/>\n(Einfach zu installieren) Speziell f\u00fcr Standard E27 konstruiert, und GreenSun E27 vintage Gl\u00fchbirne ist perfekt auszuw\u00e4hlen. Hinweis: Lampe und andere Zubeh\u00f6r sind nicht im Lieferumfang enthalten.<br \/>\n(Edison Retro Stil Fassung) Die unverzichtbare Werkzeug f\u00fcr DIY Beleuchtung mit Nostalgie-Atmosph\u00e4re zu dekorieren. GreenSun E27 Edison Retro Lampenaufh\u00e4ngung passend gut zu alle e27 edison Gl\u00fchbirne oder LED Deko Gl\u00fchlampe mit E27 Gewinde.<br \/>\n(Anwendung) Ideal f\u00fcr Bar, Schaufenster, Speiseraum, Cafeteria, Studio, Empfangshalle, Salon, Gesch\u00e4fte, Restaurant, Wohnzimmer, Schlafzimmer, usw.<\/p>","protected":false},"excerpt":{"rendered":"<h4>Artikelmerkmale<\/h4>\n<p>Stan produktu: Nowy z etykiet\u0105: Nowy, nieu\u017cywany i nienoszony produkt w oryginalnym opakowaniu.<\/p>\n<table style=\"height: 374px;\" border=\"0\" width=\"379\" frame=\"VOID\" rules=\"NONE\" cellspacing=\"0\">\n<colgroup>\n<col width=\"144\" \/>\n<col width=\"183\" \/><\/colgroup>\n<tbody>\n<tr>\n<td align=\"LEFT\" width=\"144\" height=\"17\">Marka<\/td>\n<td align=\"LEFT\" width=\"183\">\u200eGreenSun LED Lighting<\/td>\n<\/tr>\n<tr>\n<td align=\"LEFT\" height=\"17\">Produktabmessungen<\/td>\n<td align=\"LEFT\">\u200e24 x 10 x 5 cm; 800 Gramm<\/td>\n<\/tr>\n<tr>\n<td align=\"LEFT\" height=\"17\">Modellnummer<\/td>\n<td align=\"LEFT\">\u200eLampenfassung<\/td>\n<\/tr>\n<tr>\n<td align=\"LEFT\" height=\"17\">Hersteller<\/td>\n<td align=\"LEFT\">\u200eGreenSun LED Lighting<\/td>\n<\/tr>\n<tr>\n<td align=\"LEFT\" height=\"17\">Stilrichtung<\/td>\n<td align=\"LEFT\">\u200eVintage<\/td>\n<\/tr>\n<tr>\n<td align=\"LEFT\" height=\"17\">Kolor<\/td>\n<td align=\"LEFT\">\u200eLampenfassung Bronze<\/td>\n<\/tr>\n<tr>\n<td align=\"LEFT\" height=\"17\">Materia\u0142<\/td>\n<td align=\"LEFT\">\u200eKeramik, Aluminium<\/td>\n<\/tr>\n<tr>\n<td align=\"LEFT\" height=\"17\">Spannung<\/td>\n<td align=\"LEFT\">\u200e220 Volt<\/td>\n<\/tr>\n<tr>\n<td align=\"LEFT\" height=\"17\">Batterien inbegriffen<\/td>\n<td align=\"LEFT\">\u200eNein<\/td>\n<\/tr>\n<tr>\n<td align=\"LEFT\" height=\"17\">Batterien notwendig<\/td>\n<td align=\"LEFT\">\u200eNein<\/td>\n<\/tr>\n<tr>\n<td align=\"LEFT\" height=\"17\">Lampentyp<\/td>\n<td align=\"LEFT\">\u200eGl\u00fchfaden, LED<\/td>\n<\/tr>\n<tr>\n<td align=\"LEFT\" height=\"17\">Stromverbrauch<\/td>\n<td align=\"LEFT\">\u200e600 Watt<\/td>\n<\/tr>\n<tr>\n<td align=\"LEFT\" height=\"17\">Artikelgewicht<\/td>\n<td align=\"LEFT\">\u200e800 g<\/td>\n<\/tr>\n<\/tbody>\n<\/table>\n<p>&nbsp;<\/p>","protected":false},"featured_media":80842,"comment_status":"open","ping_status":"closed","template":"","meta":{"_seopress_robots_primary_cat":"","_seopress_titles_title":"","_seopress_titles_desc":"","_seopress_robots_index":""},"product_brand":[],"product_cat":[1400,1401],"product_tag":[],"class_list":{"0":"post-80736","1":"product","2":"type-product","3":"status-publish","4":"has-post-thumbnail","6":"product_cat-wohnzubehoer","7":"product_cat-haushaltswaren","8":"product_shipping_class-standard-versand","10":"first","11":"instock","12":"sale","13":"taxable","14":"shipping-taxable","15":"purchasable","16":"product-type-simple"},"_links":{"self":[{"href":"https:\/\/www.soanam.de\/pl\/wp-json\/wp\/v2\/product\/80736","targetHints":{"allow":["GET"]}}],"collection":[{"href":"https:\/\/www.soanam.de\/pl\/wp-json\/wp\/v2\/product"}],"about":[{"href":"https:\/\/www.soanam.de\/pl\/wp-json\/wp\/v2\/types\/product"}],"replies":[{"embeddable":true,"href":"https:\/\/www.soanam.de\/pl\/wp-json\/wp\/v2\/comments?post=80736"}],"wp:featuredmedia":[{"embeddable":true,"href":"https:\/\/www.soanam.de\/pl\/wp-json\/wp\/v2\/media\/80842"}],"wp:attachment":[{"href":"https:\/\/www.soanam.de\/pl\/wp-json\/wp\/v2\/media?parent=80736"}],"wp:term":[{"taxonomy":"product_brand","embeddable":true,"href":"https:\/\/www.soanam.de\/pl\/wp-json\/wp\/v2\/product_brand?post=80736"},{"taxonomy":"product_cat","embeddable":true,"href":"https:\/\/www.soanam.de\/pl\/wp-json\/wp\/v2\/product_cat?post=80736"},{"taxonomy":"product_tag","embeddable":true,"href":"https:\/\/www.soanam.de\/pl\/wp-json\/wp\/v2\/product_tag?post=80736"}],"curies":[{"name":"wp","href":"https:\/\/api.w.org\/{rel}","templated":true}]}}