{"id":80718,"date":"2023-12-14T01:36:43","date_gmt":"2023-12-14T00:36:43","guid":{"rendered":"https:\/\/www.soanam.de\/?post_type=product&#038;p=80718"},"modified":"2023-12-14T01:39:20","modified_gmt":"2023-12-14T00:39:20","slug":"ponypower-kosmetyczka-fairtrade-bawelna-organiczna-13-5-x-21-x-6-cm","status":"publish","type":"product","link":"https:\/\/www.soanam.de\/pl\/produkt\/ponypower-kosmetiktaeschchen-fairtrade-bio-baumwolle-in-13-5-x-21-x-6-cm\/","title":{"rendered":"Kosmetyczka Ponypower - Fairtrade - bawe\u0142na organiczna 13,5 x 21 x 6 cm"},"content":{"rendered":"<h3>Opis produktu<\/h3>\n<p>PonyH\u00fctchen hat in Zusammenarbeit mit dem anerkannten sozialen Unternehmen Freeset diese niedlichen und praktischen Kulturbeutel f\u00fcr Euch entworfen und fertigen lassen. Jedes einzelne T\u00e4schchen wird zu 100% aus Eccocert zertifizierter Bio-Baumwolle gen\u00e4ht und mit Farbe auf Wasserbasis bedruckt. Angefertigt werden die T\u00e4schchen in einem fair trade Projekt, welches ehemaligen Sexarbeiterinnen in Kalkutta (Indien) als N\u00e4herinnen ausbildet und so ihnen und ihren Kindern eine gesicherte Zukunft zu fairen L\u00f6hnen, Krankenversicherungen und einer Altersvorsorge sichert.<\/p>\n<p>All das ist in unseren Augen schon sinnvoll und wertvoll, aber es gibt noch eine Tatsache, die jedes T\u00e4schchen einzigartig macht: Das Innenfutter der Kosmetiktaschen besteht aus gereinigten Saris in leuchtenden Farben, die so aufbereitet und wieder verwendet werden. So ist keine Tasche zu 100% gleich, denn durch den Vintage Stoff ist jede f\u00fcr sich ein Unikat. Wir finden: es war noch nie so einfach, sich selbst oder andere zu beschenken und gleichzeitig etwas Gutes zu tun!<\/p>\n<p>Mit den Massen 13.5 cm (H\u00f6he) x 21 cm (Breite) und 6 cm (Tiefe) passt alles rein, was man so gebrauchen kann, wenn man unterwegs ist.<\/p>","protected":false},"excerpt":{"rendered":"<h3>Artikelmerkmale<\/h3>\n<p>Artikelzustand: Neu mit Etikett - Neuer, unbenutzter und nicht getragener Artikel in der Originalverpackung<\/p>\n<table dir=\"ltr\" border=\"1\" cellspacing=\"0\" cellpadding=\"0\">\n<colgroup>\n<col width=\"194\" \/>\n<col width=\"222\" \/><\/colgroup>\n<tbody>\n<tr>\n<td data-sheets-value=\"{&quot;1&quot;:2,&quot;2&quot;:&quot;Besonderheiten:&quot;}\">Funkcje specjalne:<\/td>\n<td data-sheets-value=\"{&quot;1&quot;:2,&quot;2&quot;:&quot;Innenfutter aus Sari, Rei\u00dfverschluss&quot;}\">Innenfutter aus Sari, Rei\u00dfverschluss<\/td>\n<\/tr>\n<tr>\n<td data-sheets-value=\"{&quot;1&quot;:2,&quot;2&quot;:&quot;Farbe:&quot;}\">Kolor:<\/td>\n<td data-sheets-value=\"{&quot;1&quot;:2,&quot;2&quot;:&quot;Natur&quot;}\">Natura<\/td>\n<\/tr>\n<tr>\n<td data-sheets-value=\"{&quot;1&quot;:2,&quot;2&quot;:&quot;Marke:&quot;}\">Marke:<\/td>\n<td data-sheets-value=\"{&quot;1&quot;:2,&quot;2&quot;:&quot;Freeset&quot;}\">Freeset<\/td>\n<\/tr>\n<tr>\n<td data-sheets-value=\"{&quot;1&quot;:2,&quot;2&quot;:&quot;Material:&quot;}\">Materia\u0142:<\/td>\n<td data-sheets-value=\"{&quot;1&quot;:2,&quot;2&quot;:&quot;Baumwolle&quot;}\">Bawe\u0142na<\/td>\n<\/tr>\n<tr>\n<td data-sheets-value=\"{&quot;1&quot;:2,&quot;2&quot;:&quot;Produktart:&quot;}\">Produktart:<\/td>\n<td data-sheets-value=\"{&quot;1&quot;:2,&quot;2&quot;:&quot;Kulturbeutel&quot;}\">Kulturbeutel<\/td>\n<\/tr>\n<\/tbody>\n<\/table>","protected":false},"featured_media":80841,"comment_status":"open","ping_status":"closed","template":"","meta":{"_seopress_robots_primary_cat":"","_seopress_titles_title":"","_seopress_titles_desc":"","_seopress_robots_index":""},"product_brand":[],"product_cat":[1442,1449],"product_tag":[],"class_list":{"0":"post-80718","1":"product","2":"type-product","3":"status-publish","4":"has-post-thumbnail","6":"product_cat-kosmetik","7":"product_cat-sonstiges-kosmetik","8":"product_shipping_class-standard-versand","10":"first","11":"instock","12":"sale","13":"taxable","14":"shipping-taxable","15":"purchasable","16":"product-type-simple"},"_links":{"self":[{"href":"https:\/\/www.soanam.de\/pl\/wp-json\/wp\/v2\/product\/80718","targetHints":{"allow":["GET"]}}],"collection":[{"href":"https:\/\/www.soanam.de\/pl\/wp-json\/wp\/v2\/product"}],"about":[{"href":"https:\/\/www.soanam.de\/pl\/wp-json\/wp\/v2\/types\/product"}],"replies":[{"embeddable":true,"href":"https:\/\/www.soanam.de\/pl\/wp-json\/wp\/v2\/comments?post=80718"}],"wp:featuredmedia":[{"embeddable":true,"href":"https:\/\/www.soanam.de\/pl\/wp-json\/wp\/v2\/media\/80841"}],"wp:attachment":[{"href":"https:\/\/www.soanam.de\/pl\/wp-json\/wp\/v2\/media?parent=80718"}],"wp:term":[{"taxonomy":"product_brand","embeddable":true,"href":"https:\/\/www.soanam.de\/pl\/wp-json\/wp\/v2\/product_brand?post=80718"},{"taxonomy":"product_cat","embeddable":true,"href":"https:\/\/www.soanam.de\/pl\/wp-json\/wp\/v2\/product_cat?post=80718"},{"taxonomy":"product_tag","embeddable":true,"href":"https:\/\/www.soanam.de\/pl\/wp-json\/wp\/v2\/product_tag?post=80718"}],"curies":[{"name":"wp","href":"https:\/\/api.w.org\/{rel}","templated":true}]}}