{"id":80713,"date":"2023-12-14T01:36:41","date_gmt":"2023-12-14T00:36:41","guid":{"rendered":"https:\/\/www.soanam.de\/?post_type=product&#038;p=80713"},"modified":"2023-12-14T01:38:57","modified_gmt":"2023-12-14T00:38:57","slug":"tommy-jeans-vivianne-slim-denim-trckr-jbbscu-kurtka-w-kolorze-ciemnoniebieskim-rozmiar-xl","status":"publish","type":"product","link":"https:\/\/www.soanam.de\/pl\/produkt\/tommy-jeans-vivianne-slim-denim-trckr-jbbscu-jacke-in-dark-blue-groesse-xl\/","title":{"rendered":"Kurtka Tommy Jeans Vivianne Slim Denim Trckr Jbbscu, kolor granatowy, rozmiar XL"},"content":{"rendered":"<p>Kurtka d\u017cinsowa od Tommy Jeans<br \/>\nGuziki z napisem Tommy Jeans i flag\u0105 z logo<br \/>\nKo\u0142nierz wywijany<br \/>\nKieszenie z klapk\u0105<br \/>\nDopasowany kr\u00f3j ze streczem<br \/>\nWykonane z czystej bawe\u0142ny<\/p>\n<p>Klasyk, kt\u00f3ry nigdy nie wychodzi z mody - kurtka d\u017cinsowa, zaprezentowana tutaj przez Tommy Jeans.<br \/>\nJak zawsze, zwyci\u0119ski projekt ma wywijany ko\u0142nierz, efektowne przeszycia i kieszenie z klapk\u0105 na piersi.<br \/>\nMarkowe guziki dodaj\u0105 wyko\u0144czenia i subtelnie odr\u00f3\u017cniaj\u0105 kurtk\u0119 od innych kurtek d\u017cinsowych, podobnie jak ma\u0142a flaga marki z przodu jednej z kieszeni na piersi.<\/p>\n<p>Materia\u0142: bawe\u0142na 92%, elastomultiester 6%, elastan 2%<br \/>\nWskaz\u00f3wki dotycz\u0105ce piel\u0119gnacji: Pra\u0107 w pralce<\/p>\n<p>Kolor: Jen Blue Bk Str Custom<br \/>\nWz\u00f3r: haftowane logo<br \/>\nRozmiar: XL<\/p>\n<p>Szeroko\u015b\u0107 ramion: 41 cm<br \/>\nSzeroko\u015b\u0107 klatki piersiowej: 104 cm<br \/>\nD\u0142ugo\u015b\u0107 r\u0119kawa: 67 cm<br \/>\nCa\u0142kowita d\u0142ugo\u015b\u0107: 63 cm<\/p>","protected":false},"excerpt":{"rendered":"<table class=\"dv_characteristicsTable\">\n<tbody>\n<tr>\n<td class=\"left\">Rozmiar<\/td>\n<td>36<\/td>\n<\/tr>\n<tr>\n<td class=\"left\">Gr\u00f6\u00dfentyp<\/td>\n<td>Normalgr\u00f6\u00dfen<\/td>\n<\/tr>\n<tr>\n<td class=\"left\">Sk\u0142ad materia\u0142u<\/td>\n<td>Obermaterial: 92% Viskose, 8% Polyester<\/td>\n<\/tr>\n<tr>\n<td class=\"left\">Materialart<\/td>\n<td>Web<\/td>\n<\/tr>\n<tr>\n<td class=\"left\">Instrukcje dotycz\u0105ce piel\u0119gnacji<\/td>\n<td>Pranie w pralce<\/td>\n<\/tr>\n<tr>\n<td class=\"left\">Optik<\/td>\n<td>unifarben<\/td>\n<\/tr>\n<tr>\n<td class=\"left\">Stil<\/td>\n<td>modisch<\/td>\n<\/tr>\n<tr>\n<td class=\"left\">Kolor<\/td>\n<td>khaki<\/td>\n<\/tr>\n<tr>\n<td class=\"left\">\u00c4rmel<\/td>\n<td>D\u0142ugi r\u0119kaw<\/td>\n<\/tr>\n<tr>\n<td class=\"left\">\u00c4rmeldetails<\/td>\n<td>mit Riegel<\/td>\n<\/tr>\n<tr>\n<td class=\"left\">Rumpfabschluss<\/td>\n<td>Zipfelsaum<\/td>\n<\/tr>\n<tr>\n<td class=\"left\">Dopasowanie<\/td>\n<td>figurumspielend<\/td>\n<\/tr>\n<tr>\n<td class=\"left\">Schnittform L\u00e4nge<\/td>\n<td>h\u00fcftbedeckend<\/td>\n<\/tr>\n<tr>\n<td class=\"left\">Applikationen<\/td>\n<td>Tunnelzug<\/td>\n<\/tr>\n<tr>\n<td class=\"left\">Verschluss<\/td>\n<td>ohne Verschluss<\/td>\n<\/tr>\n<tr>\n<td class=\"left\">Besondere Merkmale<\/td>\n<td>mit langen \u00c4rmeln zum Krempeln<\/td>\n<\/tr>\n<\/tbody>\n<\/table>","protected":false},"featured_media":80822,"comment_status":"open","ping_status":"closed","template":"","meta":{"_seopress_robots_primary_cat":"","_seopress_titles_title":"","_seopress_titles_desc":"","_seopress_robots_index":""},"product_brand":[],"product_cat":[1348,1354,1608],"product_tag":[],"class_list":{"0":"post-80713","1":"product","2":"type-product","3":"status-publish","4":"has-post-thumbnail","6":"product_cat-damen-mode","7":"product_cat-jacken-maentel","8":"product_cat-jeansjacken","9":"product_shipping_class-standard-versand","11":"first","12":"instock","13":"taxable","14":"shipping-taxable","15":"purchasable","16":"product-type-simple"},"_links":{"self":[{"href":"https:\/\/www.soanam.de\/pl\/wp-json\/wp\/v2\/product\/80713","targetHints":{"allow":["GET"]}}],"collection":[{"href":"https:\/\/www.soanam.de\/pl\/wp-json\/wp\/v2\/product"}],"about":[{"href":"https:\/\/www.soanam.de\/pl\/wp-json\/wp\/v2\/types\/product"}],"replies":[{"embeddable":true,"href":"https:\/\/www.soanam.de\/pl\/wp-json\/wp\/v2\/comments?post=80713"}],"wp:featuredmedia":[{"embeddable":true,"href":"https:\/\/www.soanam.de\/pl\/wp-json\/wp\/v2\/media\/80822"}],"wp:attachment":[{"href":"https:\/\/www.soanam.de\/pl\/wp-json\/wp\/v2\/media?parent=80713"}],"wp:term":[{"taxonomy":"product_brand","embeddable":true,"href":"https:\/\/www.soanam.de\/pl\/wp-json\/wp\/v2\/product_brand?post=80713"},{"taxonomy":"product_cat","embeddable":true,"href":"https:\/\/www.soanam.de\/pl\/wp-json\/wp\/v2\/product_cat?post=80713"},{"taxonomy":"product_tag","embeddable":true,"href":"https:\/\/www.soanam.de\/pl\/wp-json\/wp\/v2\/product_tag?post=80713"}],"curies":[{"name":"wp","href":"https:\/\/api.w.org\/{rel}","templated":true}]}}